{"id":198,"date":"2022-11-18T14:50:30","date_gmt":"2022-11-18T13:50:30","guid":{"rendered":"https:\/\/uszczelnianie.com.pl\/index.php\/kontakt-3\/"},"modified":"2023-09-13T13:58:49","modified_gmt":"2023-09-13T11:58:49","slug":"kontakt","status":"publish","type":"page","link":"https:\/\/uszczelnianie.com.pl\/cs\/kontakt\/","title":{"rendered":"Kontakt"},"content":{"rendered":"<style>.kb-row-layout-id198_80a4dd-ed > .kt-row-column-wrap{align-content:start;}:where(.kb-row-layout-id198_80a4dd-ed > .kt-row-column-wrap) > .wp-block-kadence-column{justify-content:start;}.kb-row-layout-id198_80a4dd-ed > .kt-row-column-wrap{column-gap:var(--global-kb-gap-md, 2rem);row-gap:var(--global-kb-gap-md, 2rem);padding-top:var(--global-kb-spacing-sm, 1.5rem);padding-bottom:var(--global-kb-spacing-sm, 1.5rem);grid-template-columns:minmax(0, 2fr) minmax(0, 1fr);}.kb-row-layout-id198_80a4dd-ed > .kt-row-layout-overlay{opacity:0.30;}@media all and (max-width: 1024px){.kb-row-layout-id198_80a4dd-ed > .kt-row-column-wrap{grid-template-columns:minmax(0, 2fr) minmax(0, 1fr);}}@media all and (max-width: 767px){.kb-row-layout-id198_80a4dd-ed > .kt-row-column-wrap{grid-template-columns:minmax(0, 1fr);}}<\/style><div class=\"kb-row-layout-wrap kb-row-layout-id198_80a4dd-ed alignnone wp-block-kadence-rowlayout\"><div class=\"kt-row-column-wrap kt-has-2-columns kt-row-layout-left-golden kt-tab-layout-inherit kt-mobile-layout-row kt-row-valign-top\">\n<style>.kadence-column198_fe7066-ce > .kt-inside-inner-col,.kadence-column198_fe7066-ce > .kt-inside-inner-col:before{border-top-left-radius:0px;border-top-right-radius:0px;border-bottom-right-radius:0px;border-bottom-left-radius:0px;}.kadence-column198_fe7066-ce > .kt-inside-inner-col{column-gap:var(--global-kb-gap-sm, 1rem);}.kadence-column198_fe7066-ce > .kt-inside-inner-col{flex-direction:column;}.kadence-column198_fe7066-ce > .kt-inside-inner-col > .aligncenter{width:100%;}.kadence-column198_fe7066-ce > .kt-inside-inner-col:before{opacity:0.3;}.kadence-column198_fe7066-ce{position:relative;}@media all and (max-width: 1024px){.kadence-column198_fe7066-ce > .kt-inside-inner-col{flex-direction:column;justify-content:center;}}@media all and (max-width: 767px){.kadence-column198_fe7066-ce > .kt-inside-inner-col{flex-direction:column;justify-content:center;}}<\/style>\n<div class=\"wp-block-kadence-column kadence-column198_fe7066-ce inner-column-1\"><div class=\"kt-inside-inner-col\">\n<div class=\"wp-block-contact-form-7-contact-form-selector\">\n<div class=\"wpcf7 no-js\" id=\"wpcf7-f8130-o1\" lang=\"pl-PL\" dir=\"ltr\" data-wpcf7-id=\"8130\">\n<div class=\"screen-reader-response\"><p role=\"status\" aria-live=\"polite\" aria-atomic=\"true\"><\/p> <ul><\/ul><\/div>\n<form action=\"\/cs\/wp-json\/wp\/v2\/pages\/198#wpcf7-f8130-o1\" method=\"post\" class=\"wpcf7-form init\" aria-label=\"Formularz kontaktowy\" enctype=\"multipart\/form-data\" novalidate=\"novalidate\" data-status=\"init\">\n<fieldset class=\"hidden-fields-container\"><input type=\"hidden\" name=\"_wpcf7\" value=\"8130\" \/><input type=\"hidden\" name=\"_wpcf7_version\" value=\"6.1.5\" \/><input type=\"hidden\" name=\"_wpcf7_locale\" value=\"pl_PL\" \/><input type=\"hidden\" name=\"_wpcf7_unit_tag\" value=\"wpcf7-f8130-o1\" \/><input type=\"hidden\" name=\"_wpcf7_container_post\" value=\"0\" \/><input type=\"hidden\" name=\"_wpcf7_posted_data_hash\" value=\"\" \/><input type=\"hidden\" name=\"_wpcf7_recaptcha_response\" value=\"\" \/>\n<\/fieldset>\n<p>Jm\u00e9no a p\u0159\u00edjmen\u00ed (po\u017eadovan\u00e9)\n<\/p>\n<p><span class=\"wpcf7-form-control-wrap\" data-name=\"your-name\"><input size=\"40\" maxlength=\"400\" class=\"wpcf7-form-control wpcf7-text wpcf7-validates-as-required\" aria-required=\"true\" aria-invalid=\"false\" value=\"\" type=\"text\" name=\"your-name\" \/><\/span>\n<\/p>\n<p>E-mailov\u00e1 adresa (po\u017eadovan\u00e9)\n<\/p>\n<p><span class=\"wpcf7-form-control-wrap\" data-name=\"your-email\"><input size=\"40\" maxlength=\"400\" class=\"wpcf7-form-control wpcf7-email wpcf7-validates-as-required wpcf7-text wpcf7-validates-as-email\" aria-required=\"true\" aria-invalid=\"false\" value=\"\" type=\"email\" name=\"your-email\" \/><\/span>\n<\/p>\n<p>Telefonn\u00ed \u010d\u00edslo\n<\/p>\n<p><span class=\"wpcf7-form-control-wrap\" data-name=\"tel-49\"><input size=\"40\" maxlength=\"400\" class=\"wpcf7-form-control wpcf7-tel wpcf7-text wpcf7-validates-as-tel\" aria-invalid=\"false\" value=\"\" type=\"tel\" name=\"tel-49\" \/><\/span>\n<\/p>\n<p>P\u0159edm\u011bt (po\u017eadovan\u00e9)\n<\/p>\n<p><span class=\"wpcf7-form-control-wrap\" data-name=\"your-subject\"><input size=\"40\" maxlength=\"400\" class=\"wpcf7-form-control wpcf7-text wpcf7-validates-as-required\" aria-required=\"true\" aria-invalid=\"false\" value=\"\" type=\"text\" name=\"your-subject\" \/><\/span>\n<\/p>\n<p>Obsah zpr\u00e1vy\n<\/p>\n<p><span class=\"wpcf7-form-control-wrap\" data-name=\"your-message\"><textarea cols=\"40\" rows=\"10\" maxlength=\"2000\" class=\"wpcf7-form-control wpcf7-textarea\" aria-invalid=\"false\" name=\"your-message\"><\/textarea><\/span>\n<\/p>\n<p><span class=\"wpcf7-form-control-wrap\" data-name=\"file-778\"><input size=\"40\" class=\"wpcf7-form-control wpcf7-file\" accept=\"audio\/*,video\/*,image\/*\" aria-invalid=\"false\" type=\"file\" name=\"file-778\" \/><\/span>\n<\/p>\n<p><span class=\"wpcf7-form-control-wrap\" data-name=\"acceptance-668\"><span class=\"wpcf7-form-control wpcf7-acceptance\"><span class=\"wpcf7-list-item\"><label><input type=\"checkbox\" name=\"acceptance-668\" value=\"1\" aria-invalid=\"false\" \/><span class=\"wpcf7-list-item-label\"><span style=\"font-size:14px!important\">P\u0159ij\u00edm\u00e1m <a href=\"https:\/\/uszczelnianie.com.pl\/regulamin\/\" target=\"_blank\">Z\u00e1sady ochrany osobn\u00edch \u00fadaj\u016f*<\/a><\/span><\/span><\/label><\/span><\/span><\/span>\n<\/p>\n\n<p><input class=\"wpcf7-form-control wpcf7-submit has-spinner\" type=\"submit\" value=\"Odeslat\" \/>\n<\/p><div class=\"wpcf7-response-output\" aria-hidden=\"true\"><\/div>\n<\/form>\n<\/div>\n<\/div>\n<\/div><\/div>\n\n\n<style>.kadence-column198_39128e-35 > .kt-inside-inner-col,.kadence-column198_39128e-35 > .kt-inside-inner-col:before{border-top-left-radius:0px;border-top-right-radius:0px;border-bottom-right-radius:0px;border-bottom-left-radius:0px;}.kadence-column198_39128e-35 > .kt-inside-inner-col{column-gap:var(--global-kb-gap-sm, 1rem);}.kadence-column198_39128e-35 > .kt-inside-inner-col{flex-direction:column;}.kadence-column198_39128e-35 > .kt-inside-inner-col > .aligncenter{width:100%;}.kadence-column198_39128e-35 > .kt-inside-inner-col:before{opacity:0.3;}.kadence-column198_39128e-35{position:relative;}@media all and (max-width: 1024px){.kadence-column198_39128e-35 > .kt-inside-inner-col{flex-direction:column;justify-content:center;}}@media all and (max-width: 767px){.kadence-column198_39128e-35 > .kt-inside-inner-col{flex-direction:column;justify-content:center;}}<\/style>\n<div class=\"wp-block-kadence-column kadence-column198_39128e-35 inner-column-2\"><div class=\"kt-inside-inner-col\">\n<figure class=\"wp-block-image size-large\"><a href=\"https:\/\/uszczelnianie.com.pl\/wp-content\/uploads\/2023\/03\/image-1024x293-1.png\"><img decoding=\"async\" src=\"https:\/\/uszczelnianie.com.pl\/wp-content\/uploads\/2023\/03\/image-1024x293-1.png\" alt=\"\" class=\"wp-image-15517\"\/><\/a><\/figure>\n\n\n<style>.wp-block-kadence-advancedheading.kt-adv-heading198_877e11-d6, .wp-block-kadence-advancedheading.kt-adv-heading198_877e11-d6[data-kb-block=\"kb-adv-heading198_877e11-d6\"]{text-align:center;font-size:25px;font-style:normal;}.wp-block-kadence-advancedheading.kt-adv-heading198_877e11-d6 mark.kt-highlight, .wp-block-kadence-advancedheading.kt-adv-heading198_877e11-d6[data-kb-block=\"kb-adv-heading198_877e11-d6\"] mark.kt-highlight{font-style:normal;color:#f76a0c;-webkit-box-decoration-break:clone;box-decoration-break:clone;padding-top:0px;padding-right:0px;padding-bottom:0px;padding-left:0px;}.wp-block-kadence-advancedheading.kt-adv-heading198_877e11-d6 img.kb-inline-image, .wp-block-kadence-advancedheading.kt-adv-heading198_877e11-d6[data-kb-block=\"kb-adv-heading198_877e11-d6\"] img.kb-inline-image{width:150px;vertical-align:baseline;}<\/style>\n<p class=\"kt-adv-heading198_877e11-d6 wp-block-kadence-advancedheading\" data-kb-block=\"kb-adv-heading198_877e11-d6\"><strong>KONTAKT<\/strong><br><br>Email:\u00a0<a href=\"mailto:izomar@uszczelnianie.com.pl\">izomar@uszczelnianie.com.pl<\/a><\/p>\n\n\n<style>.wp-block-kadence-advancedheading.kt-adv-heading198_83ddf2-bb, .wp-block-kadence-advancedheading.kt-adv-heading198_83ddf2-bb[data-kb-block=\"kb-adv-heading198_83ddf2-bb\"]{text-align:center;font-size:var(--global-kb-font-size-md, 1.25rem);font-style:normal;}.wp-block-kadence-advancedheading.kt-adv-heading198_83ddf2-bb mark.kt-highlight, .wp-block-kadence-advancedheading.kt-adv-heading198_83ddf2-bb[data-kb-block=\"kb-adv-heading198_83ddf2-bb\"] mark.kt-highlight{font-style:normal;color:#f76a0c;-webkit-box-decoration-break:clone;box-decoration-break:clone;padding-top:0px;padding-right:0px;padding-bottom:0px;padding-left:0px;}.wp-block-kadence-advancedheading.kt-adv-heading198_83ddf2-bb img.kb-inline-image, .wp-block-kadence-advancedheading.kt-adv-heading198_83ddf2-bb[data-kb-block=\"kb-adv-heading198_83ddf2-bb\"] img.kb-inline-image{width:150px;vertical-align:baseline;}<\/style>\n<p class=\"kt-adv-heading198_83ddf2-bb wp-block-kadence-advancedheading\" data-kb-block=\"kb-adv-heading198_83ddf2-bb\">Izomar Ewa Strzewiczek<br>Armii Krajowej 96<br>41-216 Sosnowiec<br>NIP PL6441811392<\/p>\n\n\n<style>.wp-block-kadence-advancedheading.kt-adv-heading198_8d1c7f-f4, .wp-block-kadence-advancedheading.kt-adv-heading198_8d1c7f-f4[data-kb-block=\"kb-adv-heading198_8d1c7f-f4\"]{text-align:center;font-size:var(--global-kb-font-size-sm, 0.9rem);font-style:normal;color:#db0f0f;}.wp-block-kadence-advancedheading.kt-adv-heading198_8d1c7f-f4 mark.kt-highlight, .wp-block-kadence-advancedheading.kt-adv-heading198_8d1c7f-f4[data-kb-block=\"kb-adv-heading198_8d1c7f-f4\"] mark.kt-highlight{font-style:normal;color:#f76a0c;-webkit-box-decoration-break:clone;box-decoration-break:clone;padding-top:0px;padding-right:0px;padding-bottom:0px;padding-left:0px;}.wp-block-kadence-advancedheading.kt-adv-heading198_8d1c7f-f4 img.kb-inline-image, .wp-block-kadence-advancedheading.kt-adv-heading198_8d1c7f-f4[data-kb-block=\"kb-adv-heading198_8d1c7f-f4\"] img.kb-inline-image{width:150px;vertical-align:baseline;}<\/style>\n<p class=\"kt-adv-heading198_8d1c7f-f4 wp-block-kadence-advancedheading\" data-kb-block=\"kb-adv-heading198_8d1c7f-f4\"><strong>BEZ STACION\u00c1RN\u00cdHO PRODEJE<\/strong><\/p>\n<\/div><\/div>\n\n<\/div><\/div>","protected":false},"excerpt":{"rendered":"<p>KONTAKT Email:\u00a0izomar@uszczelnianie.com.pl Izomar Ewa StrzewiczekArmii Krajowej 9641-216 SosnowiecNIP PL6441811392 BEZ STACION\u00c1RN\u00cdHO PRODEJE<\/p>\n","protected":false},"author":1,"featured_media":163,"parent":0,"menu_order":0,"comment_status":"closed","ping_status":"closed","template":"","meta":{"_kad_blocks_custom_css":"","_kad_blocks_head_custom_js":"","_kad_blocks_body_custom_js":"","_kad_blocks_footer_custom_js":"","_kad_post_transparent":"","_kad_post_title":"","_kad_post_layout":"","_kad_post_sidebar_id":"","_kad_post_content_style":"","_kad_post_vertical_padding":"","_kad_post_feature":"","_kad_post_feature_position":"","_kad_post_header":false,"_kad_post_footer":false,"_kad_post_classname":"","footnotes":""},"class_list":["post-198","page","type-page","status-publish","has-post-thumbnail","hentry"],"yoast_head":"<!-- This site is optimized with the Yoast SEO plugin v27.4 - https:\/\/yoast.com\/product\/yoast-seo-wordpress\/ -->\n<title>Kontakt | Sklep Izomar<\/title>\n<meta name=\"robots\" content=\"index, follow, max-snippet:-1, max-image-preview:large, max-video-preview:-1\" \/>\n<link rel=\"canonical\" href=\"https:\/\/uszczelnianie.com.pl\/cs\/kontakt\/\" \/>\n<meta property=\"og:locale\" content=\"cs_CZ\" \/>\n<meta property=\"og:type\" content=\"article\" \/>\n<meta property=\"og:title\" content=\"Kontakt | Sklep Izomar\" \/>\n<meta property=\"og:description\" content=\"KONTAKT Email:\u00a0izomar@uszczelnianie.com.pl Izomar Ewa StrzewiczekArmii Krajowej 9641-216 SosnowiecNIP PL6441811392 BEZ STACION\u00c1RN\u00cdHO PRODEJE\" \/>\n<meta property=\"og:url\" content=\"https:\/\/uszczelnianie.com.pl\/cs\/kontakt\/\" \/>\n<meta property=\"og:site_name\" content=\"Izomar - Folia do oczek wodnych\" \/>\n<meta property=\"article:modified_time\" content=\"2023-09-13T11:58:49+00:00\" \/>\n<meta property=\"og:image\" content=\"https:\/\/uszczelnianie.com.pl\/wp-content\/uploads\/2023\/03\/image-1024x293-1.png\" \/>\n\t<meta property=\"og:image:width\" content=\"1024\" \/>\n\t<meta property=\"og:image:height\" content=\"293\" \/>\n\t<meta property=\"og:image:type\" content=\"image\/png\" \/>\n<meta name=\"twitter:card\" content=\"summary_large_image\" \/>\n<meta name=\"twitter:label1\" content=\"Odhadovan\u00e1 doba \u010dten\u00ed\" \/>\n\t<meta name=\"twitter:data1\" content=\"1 minuta\" \/>\n<script type=\"application\/ld+json\" class=\"yoast-schema-graph\">{\"@context\":\"https:\\\/\\\/schema.org\",\"@graph\":[{\"@type\":\"WebPage\",\"@id\":\"https:\\\/\\\/uszczelnianie.com.pl\\\/cs\\\/kontakt\\\/\",\"url\":\"https:\\\/\\\/uszczelnianie.com.pl\\\/cs\\\/kontakt\\\/\",\"name\":\"Kontakt | Sklep Izomar\",\"isPartOf\":{\"@id\":\"https:\\\/\\\/uszczelnianie.com.pl\\\/#website\"},\"primaryImageOfPage\":{\"@id\":\"https:\\\/\\\/uszczelnianie.com.pl\\\/cs\\\/kontakt\\\/#primaryimage\"},\"image\":{\"@id\":\"https:\\\/\\\/uszczelnianie.com.pl\\\/cs\\\/kontakt\\\/#primaryimage\"},\"thumbnailUrl\":\"https:\\\/\\\/uszczelnianie.com.pl\\\/wp-content\\\/uploads\\\/2023\\\/03\\\/image-1024x293-1.png\",\"datePublished\":\"2022-11-18T13:50:30+00:00\",\"dateModified\":\"2023-09-13T11:58:49+00:00\",\"breadcrumb\":{\"@id\":\"https:\\\/\\\/uszczelnianie.com.pl\\\/cs\\\/kontakt\\\/#breadcrumb\"},\"inLanguage\":\"cs\",\"potentialAction\":[{\"@type\":\"ReadAction\",\"target\":[\"https:\\\/\\\/uszczelnianie.com.pl\\\/cs\\\/kontakt\\\/\"]}]},{\"@type\":\"ImageObject\",\"inLanguage\":\"cs\",\"@id\":\"https:\\\/\\\/uszczelnianie.com.pl\\\/cs\\\/kontakt\\\/#primaryimage\",\"url\":\"https:\\\/\\\/uszczelnianie.com.pl\\\/wp-content\\\/uploads\\\/2023\\\/03\\\/image-1024x293-1.png\",\"contentUrl\":\"https:\\\/\\\/uszczelnianie.com.pl\\\/wp-content\\\/uploads\\\/2023\\\/03\\\/image-1024x293-1.png\",\"width\":1024,\"height\":293},{\"@type\":\"BreadcrumbList\",\"@id\":\"https:\\\/\\\/uszczelnianie.com.pl\\\/cs\\\/kontakt\\\/#breadcrumb\",\"itemListElement\":[{\"@type\":\"ListItem\",\"position\":1,\"name\":\"Strona g\u0142\u00f3wna\",\"item\":\"https:\\\/\\\/uszczelnianie.com.pl\\\/cs\\\/o-nas\\\/\"},{\"@type\":\"ListItem\",\"position\":2,\"name\":\"Kontakt\"}]},{\"@type\":\"WebSite\",\"@id\":\"https:\\\/\\\/uszczelnianie.com.pl\\\/#website\",\"url\":\"https:\\\/\\\/uszczelnianie.com.pl\\\/\",\"name\":\"Izomar\",\"description\":\"Zajmujemy si\u0119 sprzeda\u017c\u0105 wysokiej jako\u015bci folii do oczek wodnych, folii budowlanych oraz folii olejoodpornych. Wejd\u017a i zobacz nasze produkty! | uszczelnianie.com.pl\",\"publisher\":{\"@id\":\"https:\\\/\\\/uszczelnianie.com.pl\\\/#organization\"},\"potentialAction\":[{\"@type\":\"SearchAction\",\"target\":{\"@type\":\"EntryPoint\",\"urlTemplate\":\"https:\\\/\\\/uszczelnianie.com.pl\\\/?s={search_term_string}\"},\"query-input\":{\"@type\":\"PropertyValueSpecification\",\"valueRequired\":true,\"valueName\":\"search_term_string\"}}],\"inLanguage\":\"cs\"},{\"@type\":\"Organization\",\"@id\":\"https:\\\/\\\/uszczelnianie.com.pl\\\/#organization\",\"name\":\"Izomar\",\"url\":\"https:\\\/\\\/uszczelnianie.com.pl\\\/\",\"logo\":{\"@type\":\"ImageObject\",\"inLanguage\":\"cs\",\"@id\":\"https:\\\/\\\/uszczelnianie.com.pl\\\/#\\\/schema\\\/logo\\\/image\\\/\",\"url\":\"https:\\\/\\\/uszczelnianie.com.pl\\\/wp-content\\\/uploads\\\/2023\\\/03\\\/image-1024x293-1.png\",\"contentUrl\":\"https:\\\/\\\/uszczelnianie.com.pl\\\/wp-content\\\/uploads\\\/2023\\\/03\\\/image-1024x293-1.png\",\"width\":1024,\"height\":293,\"caption\":\"Izomar\"},\"image\":{\"@id\":\"https:\\\/\\\/uszczelnianie.com.pl\\\/#\\\/schema\\\/logo\\\/image\\\/\"}}]}<\/script>\n<!-- \/ Yoast SEO plugin. -->","yoast_head_json":{"title":"Kontakt | Sklep Izomar","robots":{"index":"index","follow":"follow","max-snippet":"max-snippet:-1","max-image-preview":"max-image-preview:large","max-video-preview":"max-video-preview:-1"},"canonical":"https:\/\/uszczelnianie.com.pl\/cs\/kontakt\/","og_locale":"cs_CZ","og_type":"article","og_title":"Kontakt | Sklep Izomar","og_description":"KONTAKT Email:\u00a0izomar@uszczelnianie.com.pl Izomar Ewa StrzewiczekArmii Krajowej 9641-216 SosnowiecNIP PL6441811392 BEZ STACION\u00c1RN\u00cdHO PRODEJE","og_url":"https:\/\/uszczelnianie.com.pl\/cs\/kontakt\/","og_site_name":"Izomar - Folia do oczek wodnych","article_modified_time":"2023-09-13T11:58:49+00:00","og_image":[{"width":1024,"height":293,"url":"https:\/\/uszczelnianie.com.pl\/wp-content\/uploads\/2023\/03\/image-1024x293-1.png","type":"image\/png"}],"twitter_card":"summary_large_image","twitter_misc":{"Odhadovan\u00e1 doba \u010dten\u00ed":"1 minuta"},"schema":{"@context":"https:\/\/schema.org","@graph":[{"@type":"WebPage","@id":"https:\/\/uszczelnianie.com.pl\/cs\/kontakt\/","url":"https:\/\/uszczelnianie.com.pl\/cs\/kontakt\/","name":"Kontakt | Sklep Izomar","isPartOf":{"@id":"https:\/\/uszczelnianie.com.pl\/#website"},"primaryImageOfPage":{"@id":"https:\/\/uszczelnianie.com.pl\/cs\/kontakt\/#primaryimage"},"image":{"@id":"https:\/\/uszczelnianie.com.pl\/cs\/kontakt\/#primaryimage"},"thumbnailUrl":"https:\/\/uszczelnianie.com.pl\/wp-content\/uploads\/2023\/03\/image-1024x293-1.png","datePublished":"2022-11-18T13:50:30+00:00","dateModified":"2023-09-13T11:58:49+00:00","breadcrumb":{"@id":"https:\/\/uszczelnianie.com.pl\/cs\/kontakt\/#breadcrumb"},"inLanguage":"cs","potentialAction":[{"@type":"ReadAction","target":["https:\/\/uszczelnianie.com.pl\/cs\/kontakt\/"]}]},{"@type":"ImageObject","inLanguage":"cs","@id":"https:\/\/uszczelnianie.com.pl\/cs\/kontakt\/#primaryimage","url":"https:\/\/uszczelnianie.com.pl\/wp-content\/uploads\/2023\/03\/image-1024x293-1.png","contentUrl":"https:\/\/uszczelnianie.com.pl\/wp-content\/uploads\/2023\/03\/image-1024x293-1.png","width":1024,"height":293},{"@type":"BreadcrumbList","@id":"https:\/\/uszczelnianie.com.pl\/cs\/kontakt\/#breadcrumb","itemListElement":[{"@type":"ListItem","position":1,"name":"Strona g\u0142\u00f3wna","item":"https:\/\/uszczelnianie.com.pl\/cs\/o-nas\/"},{"@type":"ListItem","position":2,"name":"Kontakt"}]},{"@type":"WebSite","@id":"https:\/\/uszczelnianie.com.pl\/#website","url":"https:\/\/uszczelnianie.com.pl\/","name":"Izomar","description":"Zajmujemy si\u0119 sprzeda\u017c\u0105 wysokiej jako\u015bci folii do oczek wodnych, folii budowlanych oraz folii olejoodpornych. Wejd\u017a i zobacz nasze produkty! | uszczelnianie.com.pl","publisher":{"@id":"https:\/\/uszczelnianie.com.pl\/#organization"},"potentialAction":[{"@type":"SearchAction","target":{"@type":"EntryPoint","urlTemplate":"https:\/\/uszczelnianie.com.pl\/?s={search_term_string}"},"query-input":{"@type":"PropertyValueSpecification","valueRequired":true,"valueName":"search_term_string"}}],"inLanguage":"cs"},{"@type":"Organization","@id":"https:\/\/uszczelnianie.com.pl\/#organization","name":"Izomar","url":"https:\/\/uszczelnianie.com.pl\/","logo":{"@type":"ImageObject","inLanguage":"cs","@id":"https:\/\/uszczelnianie.com.pl\/#\/schema\/logo\/image\/","url":"https:\/\/uszczelnianie.com.pl\/wp-content\/uploads\/2023\/03\/image-1024x293-1.png","contentUrl":"https:\/\/uszczelnianie.com.pl\/wp-content\/uploads\/2023\/03\/image-1024x293-1.png","width":1024,"height":293,"caption":"Izomar"},"image":{"@id":"https:\/\/uszczelnianie.com.pl\/#\/schema\/logo\/image\/"}}]}},"taxonomy_info":[],"featured_image_src_large":["https:\/\/uszczelnianie.com.pl\/wp-content\/uploads\/2023\/03\/image-1024x293-1.png",1024,293,false],"author_info":{"display_name":"admin","author_link":"https:\/\/uszczelnianie.com.pl\/cs\/author\/admin\/"},"comment_info":0,"_links":{"self":[{"href":"https:\/\/uszczelnianie.com.pl\/cs\/wp-json\/wp\/v2\/pages\/198","targetHints":{"allow":["GET"]}}],"collection":[{"href":"https:\/\/uszczelnianie.com.pl\/cs\/wp-json\/wp\/v2\/pages"}],"about":[{"href":"https:\/\/uszczelnianie.com.pl\/cs\/wp-json\/wp\/v2\/types\/page"}],"author":[{"embeddable":true,"href":"https:\/\/uszczelnianie.com.pl\/cs\/wp-json\/wp\/v2\/users\/1"}],"replies":[{"embeddable":true,"href":"https:\/\/uszczelnianie.com.pl\/cs\/wp-json\/wp\/v2\/comments?post=198"}],"version-history":[{"count":5,"href":"https:\/\/uszczelnianie.com.pl\/cs\/wp-json\/wp\/v2\/pages\/198\/revisions"}],"predecessor-version":[{"id":8446,"href":"https:\/\/uszczelnianie.com.pl\/cs\/wp-json\/wp\/v2\/pages\/198\/revisions\/8446"}],"wp:featuredmedia":[{"embeddable":true,"href":"https:\/\/uszczelnianie.com.pl\/cs\/wp-json\/wp\/v2\/media\/163"}],"wp:attachment":[{"href":"https:\/\/uszczelnianie.com.pl\/cs\/wp-json\/wp\/v2\/media?parent=198"}],"curies":[{"name":"wp","href":"https:\/\/api.w.org\/{rel}","templated":true}]}}