{"id":8751,"date":"2023-10-16T13:06:51","date_gmt":"2023-10-16T11:06:51","guid":{"rendered":"https:\/\/uszczelnianie.com.pl\/?post_type=product&#038;p=8751"},"modified":"2024-08-08T09:26:35","modified_gmt":"2024-08-08T07:26:35","slug":"jezirkova-folie-pvc-15mm-tipy-nabidka","status":"publish","type":"product","link":"https:\/\/uszczelnianie.com.pl\/cs\/produkt\/jezirkova-folie-pvc-15mm-tipy-nabidka\/","title":{"rendered":"Jez\u00edrkov\u00e1 f\u00f3lie PVC 1,5mm &#8211; tipy &#8211; NAB\u00cdDKA!!!"},"content":{"rendered":"<h2>Jez\u00edrkov\u00e1 f\u00f3lie PVC 1,5mm<\/h2>\n<p>D\u00c1MY A P\u00c1NOV\u00c9<\/p>\n<p>Tato nab\u00eddka se t\u00fdk\u00e1 p\u0159esn\u011b stejn\u00e9ho filmu jako nab\u00eddka <a href=\"https:\/\/uszczelnianie.com.pl\/cs\/produkt\/jezirkova-folie-pvc-15mm\/\">https:\/\/uszczelnianie.com.pl\/cs\/produkt\/jezirkova-folie-pvc-15mm\/<\/a>. Rozd\u00edl je v tom, \u017ee f\u00f3lie z t\u00e9to nab\u00eddky bude m\u00edt mnoho spoj\u016f nap\u0159\u00ed\u010d p\u00e1sy f\u00f3lie, proto\u017ee bude zatavena od konc\u016f, m\u016f\u017ee b\u00fdt tak\u00e9 trochu v\u00edce za\u0161pin\u011bn\u00e1 (co\u017e nem\u00e1 vliv na jej\u00ed kvalitu, proto\u017ee ne\u010distoty lze snadno vy\u010distit).<\/p>\n<p>Nab\u00edz\u00edme kvalitn\u00ed <span style=\"color: #ff0000;\"><strong>PREMIUM<\/strong><\/span> folii na jez\u00edrka tlou\u0161\u0165ky 1,5mm, \u010dern\u00e1. Na\u0161e <strong>jez\u00edrkov\u00e1 f\u00f3lie<\/strong> je skv\u011blou volbou pro lidi, kte\u0159\u00ed si stav\u00ed sv\u00e9 jez\u00edrko. V\u00fdb\u011brem na\u0161eho produktu m\u00e1te z\u00e1ruku, \u017ee kupujete vysoce kvalitn\u00ed f\u00f3lii, kter\u00e1 spln\u00ed va\u0161e o\u010dek\u00e1v\u00e1n\u00ed a bude slou\u017eit mnoho let. Kvalitu f\u00f3lie potvrzuj\u00ed p\u0159\u00edslu\u0161n\u00e1 schv\u00e1len\u00ed a <span style=\"color: #ff0000;\">10let\u00e1 Z\u00c1RUKA<\/span>.<\/p>\n<p><strong>V t\u00e9to nab\u00eddce zakoup\u00edte f\u00f3lii na jez\u00edrko 1,5mm<\/strong><\/p>\n<p>Na\u0161e f\u00f3lie je vyrobena z \u010dist\u00fdch granul\u00ed bez p\u0159\u00eddavku aditiv *, d\u00edky \u010demu je vysoce odoln\u00e1 v\u016f\u010di drsn\u00fdm pov\u011btrnostn\u00edm podm\u00ednk\u00e1m (v\u010detn\u011b UV) a je vysoce odoln\u00e1 proti roztr\u017een\u00ed. Pokud nechcete m\u011bnit f\u00f3lii ve sv\u00e9m milovan\u00e9m jez\u00edrku ka\u017ed\u00e9 2-3 roky, jste na spr\u00e1vn\u00e9m m\u00edst\u011b.<\/p>\n<p>* takzvan\u00e1 aditiva (k\u0159\u00edda a dal\u0161\u00ed materi\u00e1ly, kter\u00e9 nejsou granulemi PVC) pou\u017e\u00edvaj\u00ed n\u011bkter\u00e9 spole\u010dnosti ke sn\u00ed\u017een\u00ed n\u00e1klad\u016f na v\u00fdrobu f\u00f3lie. V d\u016fsledku toho je vyroben\u00e1 f\u00f3lie mnohem m\u00e9n\u011b odoln\u00e1 v\u016f\u010di UV (slune\u010dn\u00edmu z\u00e1\u0159en\u00ed) a m\u016f\u017ee se snadno protrhnout. Po roce takov\u00e1 f\u00f3lie velmi ztuhne a za\u010dne praskat. P\u0159\u00edli\u0161 n\u00edzk\u00e1 cena by proto m\u011bla vzbudit podez\u0159en\u00ed. Doporu\u010dujeme, abyste si vy\u017eadali k zasl\u00e1n\u00ed kousek f\u00f3lie jako vzorek a po jeho vyta\u017een\u00ed z mraz\u00e1ku jej otestovali, jak je f\u00f3lie odoln\u00e1 proti roztr\u017een\u00ed nebo prasknut\u00ed.<\/p>\n<p><strong>Vzhledem k vysok\u00e9 gram\u00e1\u017ei f\u00f3lie m\u016f\u017eeme po\u0161tou doru\u010dit archy pouze do 300m2. Pokud m\u00e1te z\u00e1jem o v\u011bt\u0161\u00ed velikost, doporu\u010dujeme:<\/strong><br \/>\n<strong>1) f\u00f3lie s mont\u00e1\u017e\u00ed (cena individu\u00e1ln\u011b)<\/strong><br \/>\n<strong>2) f\u00f3lie v n\u011bkolika ar\u0161\u00edch pro vlastn\u00ed spojen\u00ed lepidlem nebo sv\u00e1\u0159e\u010dkou (mo\u017enost zap\u016fj\u010den\u00ed sv\u00e1\u0159e\u010dky za poplatek)<\/strong><\/p>\n<p>Pod\u00edvejte se na dal\u0161\u00ed produkty z kategorie <strong>jez\u00edrkov\u00e9 f\u00f3lie!<\/strong><\/p>\n","protected":false},"excerpt":{"rendered":"<p><strong><span style=\"color: #ff0000\">POZN\u00c1MKA<\/span><\/strong>: Doba tuto f\u00f3lii PVC f\u00f3lie je p\u0159ibli\u017en\u011b 3-6 pracovn\u00edch dn\u016f + doba dod\u00e1n\u00ed kur\u00fdrem.<\/p>\n<p style=\"padding-left: 40px\">N\u00ed\u017ee uve\u010fte rozm\u011bry f\u00f3lie (v cel\u00fdch metrech):<\/p>\n","protected":false},"featured_media":2539,"template":"","meta":{"_kad_blocks_custom_css":"","_kad_blocks_head_custom_js":"","_kad_blocks_body_custom_js":"","_kad_blocks_footer_custom_js":"","_kad_post_transparent":"default","_kad_post_title":"","_kad_post_layout":"default","_kad_post_sidebar_id":"","_kad_post_content_style":"default","_kad_post_vertical_padding":"default","_kad_post_feature":"","_kad_post_feature_position":"","_kad_post_header":false,"_kad_post_footer":false,"_kad_post_classname":""},"product_brand":[],"product_cat":[87],"product_tag":[],"class_list":{"0":"post-8751","1":"product","2":"type-product","3":"status-publish","4":"has-post-thumbnail","6":"product_cat-pvc-folie-pro-jezirka","8":"first","9":"instock","10":"taxable","11":"shipping-taxable","12":"purchasable","13":"product-type-simple","14":"entry","15":"content-bg","16":"loop-entry"},"exclude_global_add_ons":false,"addons":[{"name":"Dodate\u010dn\u00e1 slu\u017eba","type":"checkbox","position":0,"required":false,"title_format":"heading","default":"","description_enable":true,"description":"Expresn\u00ed - Pot\u0159ebujete nal\u00e9hav\u011b f\u00f3lii na o\u010dka a o\u010dek\u00e1van\u00e9 datum dod\u00e1n\u00ed je p\u0159\u00edli\u0161 daleko? Zvolte tuto mo\u017enost a my ud\u011bl\u00e1me v\u0161e pro to, abychom va\u0161i objedn\u00e1vku odeslali nejpozd\u011bji do 2 pracovn\u00edch dn\u016f (po\u010d\u00edt\u00e1no ode dne n\u00e1sleduj\u00edc\u00edho po zad\u00e1n\u00ed a\/nebo zaplacen\u00ed objedn\u00e1vky). Pokud nebudeme schopni tuto lh\u016ftu dodr\u017eet, budeme v\u00e1s kontaktovat a dohodneme se, zda objedn\u00e1vku zru\u0161\u00edme, nebo v\u00e1m pouze vr\u00e1t\u00edme n\u00e1klady na expresn\u00ed slu\u017ebu. N\u00e1klady na slu\u017ebu: N\u00e1klady na slu\u017ebu: +25 % k cen\u011b v\u00fdrobku.","placeholder_enable":false,"placeholder":"","display":"select","restrictions_type":"any_text","adjust_price":false,"price":"","price_type":"flat_fee","restrictions":false,"min":"0","max":"0","options":[{"label":"Expresn\u00ed","price":"25","price_type":"percentage_based","image":0,"visibility":true}],"id":1679934996}],"yoast_head":"<!-- This site is optimized with the Yoast SEO plugin v27.5 - https:\/\/yoast.com\/product\/yoast-seo-wordpress\/ -->\n<title>Jez\u00edrkov\u00e1 f\u00f3lie PVC 1,5mm - tipy - NAB\u00cdDKA!!! | Izomar<\/title>\n<meta name=\"robots\" content=\"index, follow, max-snippet:-1, max-image-preview:large, max-video-preview:-1\" \/>\n<link rel=\"canonical\" href=\"https:\/\/uszczelnianie.com.pl\/cs\/produkt\/jezirkova-folie-pvc-15mm-tipy-nabidka\/\" \/>\n<meta property=\"og:locale\" content=\"cs_CZ\" \/>\n<meta property=\"og:type\" content=\"article\" \/>\n<meta property=\"og:title\" content=\"Jez\u00edrkov\u00e1 f\u00f3lie PVC 1,5mm - tipy - NAB\u00cdDKA!!! | Izomar\" \/>\n<meta property=\"og:description\" content=\"POZN\u00c1MKA: Doba tuto f\u00f3lii PVC f\u00f3lie je p\u0159ibli\u017en\u011b 3-6 pracovn\u00edch dn\u016f + doba dod\u00e1n\u00ed kur\u00fdrem.N\u00ed\u017ee uve\u010fte rozm\u011bry f\u00f3lie (v cel\u00fdch metrech):\" \/>\n<meta property=\"og:url\" content=\"https:\/\/uszczelnianie.com.pl\/cs\/produkt\/jezirkova-folie-pvc-15mm-tipy-nabidka\/\" \/>\n<meta property=\"og:site_name\" content=\"Izomar - Folia do oczek wodnych\" \/>\n<meta property=\"article:modified_time\" content=\"2024-08-08T07:26:35+00:00\" \/>\n<meta property=\"og:image\" content=\"https:\/\/uszczelnianie.com.pl\/wp-content\/uploads\/2023\/03\/folia_do_oczek.png\" \/>\n\t<meta property=\"og:image:width\" content=\"410\" \/>\n\t<meta property=\"og:image:height\" content=\"200\" \/>\n\t<meta property=\"og:image:type\" content=\"image\/png\" \/>\n<meta name=\"twitter:card\" content=\"summary_large_image\" \/>\n<meta name=\"twitter:label1\" content=\"Odhadovan\u00e1 doba \u010dten\u00ed\" \/>\n\t<meta name=\"twitter:data1\" content=\"2 minuty\" \/>\n<script type=\"application\/ld+json\" class=\"yoast-schema-graph\">{\"@context\":\"https:\\\/\\\/schema.org\",\"@graph\":[{\"@type\":\"WebPage\",\"@id\":\"https:\\\/\\\/uszczelnianie.com.pl\\\/cs\\\/produkt\\\/jezirkova-folie-pvc-15mm-tipy-nabidka\\\/\",\"url\":\"https:\\\/\\\/uszczelnianie.com.pl\\\/cs\\\/produkt\\\/jezirkova-folie-pvc-15mm-tipy-nabidka\\\/\",\"name\":\"Jez\u00edrkov\u00e1 f\u00f3lie PVC 1,5mm - tipy - NAB\u00cdDKA!!! | Izomar\",\"isPartOf\":{\"@id\":\"https:\\\/\\\/uszczelnianie.com.pl\\\/#website\"},\"primaryImageOfPage\":{\"@id\":\"https:\\\/\\\/uszczelnianie.com.pl\\\/cs\\\/produkt\\\/jezirkova-folie-pvc-15mm-tipy-nabidka\\\/#primaryimage\"},\"image\":{\"@id\":\"https:\\\/\\\/uszczelnianie.com.pl\\\/cs\\\/produkt\\\/jezirkova-folie-pvc-15mm-tipy-nabidka\\\/#primaryimage\"},\"thumbnailUrl\":\"https:\\\/\\\/uszczelnianie.com.pl\\\/wp-content\\\/uploads\\\/2023\\\/03\\\/folia_do_oczek.png\",\"datePublished\":\"2023-10-16T11:06:51+00:00\",\"dateModified\":\"2024-08-08T07:26:35+00:00\",\"breadcrumb\":{\"@id\":\"https:\\\/\\\/uszczelnianie.com.pl\\\/cs\\\/produkt\\\/jezirkova-folie-pvc-15mm-tipy-nabidka\\\/#breadcrumb\"},\"inLanguage\":\"cs\",\"potentialAction\":[{\"@type\":\"ReadAction\",\"target\":[\"https:\\\/\\\/uszczelnianie.com.pl\\\/cs\\\/produkt\\\/jezirkova-folie-pvc-15mm-tipy-nabidka\\\/\"]}]},{\"@type\":\"ImageObject\",\"inLanguage\":\"cs\",\"@id\":\"https:\\\/\\\/uszczelnianie.com.pl\\\/cs\\\/produkt\\\/jezirkova-folie-pvc-15mm-tipy-nabidka\\\/#primaryimage\",\"url\":\"https:\\\/\\\/uszczelnianie.com.pl\\\/wp-content\\\/uploads\\\/2023\\\/03\\\/folia_do_oczek.png\",\"contentUrl\":\"https:\\\/\\\/uszczelnianie.com.pl\\\/wp-content\\\/uploads\\\/2023\\\/03\\\/folia_do_oczek.png\",\"width\":410,\"height\":200},{\"@type\":\"BreadcrumbList\",\"@id\":\"https:\\\/\\\/uszczelnianie.com.pl\\\/cs\\\/produkt\\\/jezirkova-folie-pvc-15mm-tipy-nabidka\\\/#breadcrumb\",\"itemListElement\":[{\"@type\":\"ListItem\",\"position\":1,\"name\":\"Strona g\u0142\u00f3wna\",\"item\":\"https:\\\/\\\/uszczelnianie.com.pl\\\/cs\\\/o-nas\\\/\"},{\"@type\":\"ListItem\",\"position\":2,\"name\":\"Online Shop\",\"item\":\"https:\\\/\\\/uszczelnianie.com.pl\\\/cs\\\/shop-2\\\/\"},{\"@type\":\"ListItem\",\"position\":3,\"name\":\"Jez\u00edrkov\u00e1 f\u00f3lie PVC 1,5mm &#8211; tipy &#8211; NAB\u00cdDKA!!!\"}]},{\"@type\":\"WebSite\",\"@id\":\"https:\\\/\\\/uszczelnianie.com.pl\\\/#website\",\"url\":\"https:\\\/\\\/uszczelnianie.com.pl\\\/\",\"name\":\"Izomar\",\"description\":\"Zajmujemy si\u0119 sprzeda\u017c\u0105 wysokiej jako\u015bci folii do oczek wodnych, folii budowlanych oraz folii olejoodpornych. Wejd\u017a i zobacz nasze produkty! | uszczelnianie.com.pl\",\"publisher\":{\"@id\":\"https:\\\/\\\/uszczelnianie.com.pl\\\/#organization\"},\"potentialAction\":[{\"@type\":\"SearchAction\",\"target\":{\"@type\":\"EntryPoint\",\"urlTemplate\":\"https:\\\/\\\/uszczelnianie.com.pl\\\/?s={search_term_string}\"},\"query-input\":{\"@type\":\"PropertyValueSpecification\",\"valueRequired\":true,\"valueName\":\"search_term_string\"}}],\"inLanguage\":\"cs\"},{\"@type\":\"Organization\",\"@id\":\"https:\\\/\\\/uszczelnianie.com.pl\\\/#organization\",\"name\":\"Izomar\",\"url\":\"https:\\\/\\\/uszczelnianie.com.pl\\\/\",\"logo\":{\"@type\":\"ImageObject\",\"inLanguage\":\"cs\",\"@id\":\"https:\\\/\\\/uszczelnianie.com.pl\\\/#\\\/schema\\\/logo\\\/image\\\/\",\"url\":\"https:\\\/\\\/uszczelnianie.com.pl\\\/wp-content\\\/uploads\\\/2023\\\/03\\\/image-1024x293-1.png\",\"contentUrl\":\"https:\\\/\\\/uszczelnianie.com.pl\\\/wp-content\\\/uploads\\\/2023\\\/03\\\/image-1024x293-1.png\",\"width\":1024,\"height\":293,\"caption\":\"Izomar\"},\"image\":{\"@id\":\"https:\\\/\\\/uszczelnianie.com.pl\\\/#\\\/schema\\\/logo\\\/image\\\/\"}}]}<\/script>\n<!-- \/ Yoast SEO plugin. -->","yoast_head_json":{"title":"Jez\u00edrkov\u00e1 f\u00f3lie PVC 1,5mm - tipy - NAB\u00cdDKA!!! | Izomar","robots":{"index":"index","follow":"follow","max-snippet":"max-snippet:-1","max-image-preview":"max-image-preview:large","max-video-preview":"max-video-preview:-1"},"canonical":"https:\/\/uszczelnianie.com.pl\/cs\/produkt\/jezirkova-folie-pvc-15mm-tipy-nabidka\/","og_locale":"cs_CZ","og_type":"article","og_title":"Jez\u00edrkov\u00e1 f\u00f3lie PVC 1,5mm - tipy - NAB\u00cdDKA!!! | Izomar","og_description":"POZN\u00c1MKA: Doba tuto f\u00f3lii PVC f\u00f3lie je p\u0159ibli\u017en\u011b 3-6 pracovn\u00edch dn\u016f + doba dod\u00e1n\u00ed kur\u00fdrem.N\u00ed\u017ee uve\u010fte rozm\u011bry f\u00f3lie (v cel\u00fdch metrech):","og_url":"https:\/\/uszczelnianie.com.pl\/cs\/produkt\/jezirkova-folie-pvc-15mm-tipy-nabidka\/","og_site_name":"Izomar - Folia do oczek wodnych","article_modified_time":"2024-08-08T07:26:35+00:00","og_image":[{"width":410,"height":200,"url":"https:\/\/uszczelnianie.com.pl\/wp-content\/uploads\/2023\/03\/folia_do_oczek.png","type":"image\/png"}],"twitter_card":"summary_large_image","twitter_misc":{"Odhadovan\u00e1 doba \u010dten\u00ed":"2 minuty"},"schema":{"@context":"https:\/\/schema.org","@graph":[{"@type":"WebPage","@id":"https:\/\/uszczelnianie.com.pl\/cs\/produkt\/jezirkova-folie-pvc-15mm-tipy-nabidka\/","url":"https:\/\/uszczelnianie.com.pl\/cs\/produkt\/jezirkova-folie-pvc-15mm-tipy-nabidka\/","name":"Jez\u00edrkov\u00e1 f\u00f3lie PVC 1,5mm - tipy - NAB\u00cdDKA!!! | Izomar","isPartOf":{"@id":"https:\/\/uszczelnianie.com.pl\/#website"},"primaryImageOfPage":{"@id":"https:\/\/uszczelnianie.com.pl\/cs\/produkt\/jezirkova-folie-pvc-15mm-tipy-nabidka\/#primaryimage"},"image":{"@id":"https:\/\/uszczelnianie.com.pl\/cs\/produkt\/jezirkova-folie-pvc-15mm-tipy-nabidka\/#primaryimage"},"thumbnailUrl":"https:\/\/uszczelnianie.com.pl\/wp-content\/uploads\/2023\/03\/folia_do_oczek.png","datePublished":"2023-10-16T11:06:51+00:00","dateModified":"2024-08-08T07:26:35+00:00","breadcrumb":{"@id":"https:\/\/uszczelnianie.com.pl\/cs\/produkt\/jezirkova-folie-pvc-15mm-tipy-nabidka\/#breadcrumb"},"inLanguage":"cs","potentialAction":[{"@type":"ReadAction","target":["https:\/\/uszczelnianie.com.pl\/cs\/produkt\/jezirkova-folie-pvc-15mm-tipy-nabidka\/"]}]},{"@type":"ImageObject","inLanguage":"cs","@id":"https:\/\/uszczelnianie.com.pl\/cs\/produkt\/jezirkova-folie-pvc-15mm-tipy-nabidka\/#primaryimage","url":"https:\/\/uszczelnianie.com.pl\/wp-content\/uploads\/2023\/03\/folia_do_oczek.png","contentUrl":"https:\/\/uszczelnianie.com.pl\/wp-content\/uploads\/2023\/03\/folia_do_oczek.png","width":410,"height":200},{"@type":"BreadcrumbList","@id":"https:\/\/uszczelnianie.com.pl\/cs\/produkt\/jezirkova-folie-pvc-15mm-tipy-nabidka\/#breadcrumb","itemListElement":[{"@type":"ListItem","position":1,"name":"Strona g\u0142\u00f3wna","item":"https:\/\/uszczelnianie.com.pl\/cs\/o-nas\/"},{"@type":"ListItem","position":2,"name":"Online Shop","item":"https:\/\/uszczelnianie.com.pl\/cs\/shop-2\/"},{"@type":"ListItem","position":3,"name":"Jez\u00edrkov\u00e1 f\u00f3lie PVC 1,5mm &#8211; tipy &#8211; NAB\u00cdDKA!!!"}]},{"@type":"WebSite","@id":"https:\/\/uszczelnianie.com.pl\/#website","url":"https:\/\/uszczelnianie.com.pl\/","name":"Izomar","description":"Zajmujemy si\u0119 sprzeda\u017c\u0105 wysokiej jako\u015bci folii do oczek wodnych, folii budowlanych oraz folii olejoodpornych. Wejd\u017a i zobacz nasze produkty! | uszczelnianie.com.pl","publisher":{"@id":"https:\/\/uszczelnianie.com.pl\/#organization"},"potentialAction":[{"@type":"SearchAction","target":{"@type":"EntryPoint","urlTemplate":"https:\/\/uszczelnianie.com.pl\/?s={search_term_string}"},"query-input":{"@type":"PropertyValueSpecification","valueRequired":true,"valueName":"search_term_string"}}],"inLanguage":"cs"},{"@type":"Organization","@id":"https:\/\/uszczelnianie.com.pl\/#organization","name":"Izomar","url":"https:\/\/uszczelnianie.com.pl\/","logo":{"@type":"ImageObject","inLanguage":"cs","@id":"https:\/\/uszczelnianie.com.pl\/#\/schema\/logo\/image\/","url":"https:\/\/uszczelnianie.com.pl\/wp-content\/uploads\/2023\/03\/image-1024x293-1.png","contentUrl":"https:\/\/uszczelnianie.com.pl\/wp-content\/uploads\/2023\/03\/image-1024x293-1.png","width":1024,"height":293,"caption":"Izomar"},"image":{"@id":"https:\/\/uszczelnianie.com.pl\/#\/schema\/logo\/image\/"}}]}},"taxonomy_info":{"product_cat":[{"value":87,"label":"PVC f\u00f3lie pro jez\u00edrka"}]},"featured_image_src_large":["https:\/\/uszczelnianie.com.pl\/wp-content\/uploads\/2023\/03\/folia_do_oczek.png",410,200,false],"author_info":[],"comment_info":"","_links":{"self":[{"href":"https:\/\/uszczelnianie.com.pl\/cs\/wp-json\/wp\/v2\/product\/8751","targetHints":{"allow":["GET"]}}],"collection":[{"href":"https:\/\/uszczelnianie.com.pl\/cs\/wp-json\/wp\/v2\/product"}],"about":[{"href":"https:\/\/uszczelnianie.com.pl\/cs\/wp-json\/wp\/v2\/types\/product"}],"wp:featuredmedia":[{"embeddable":true,"href":"https:\/\/uszczelnianie.com.pl\/cs\/wp-json\/wp\/v2\/media\/2539"}],"wp:attachment":[{"href":"https:\/\/uszczelnianie.com.pl\/cs\/wp-json\/wp\/v2\/media?parent=8751"}],"wp:term":[{"taxonomy":"product_brand","embeddable":true,"href":"https:\/\/uszczelnianie.com.pl\/cs\/wp-json\/wp\/v2\/product_brand?post=8751"},{"taxonomy":"product_cat","embeddable":true,"href":"https:\/\/uszczelnianie.com.pl\/cs\/wp-json\/wp\/v2\/product_cat?post=8751"},{"taxonomy":"product_tag","embeddable":true,"href":"https:\/\/uszczelnianie.com.pl\/cs\/wp-json\/wp\/v2\/product_tag?post=8751"}],"curies":[{"name":"wp","href":"https:\/\/api.w.org\/{rel}","templated":true}]}}