{"id":189,"date":"2022-11-18T15:03:48","date_gmt":"2022-11-18T14:03:48","guid":{"rendered":"https:\/\/uszczelnianie.com.pl\/index.php\/bau-eines-teiches\/"},"modified":"2023-03-10T13:30:37","modified_gmt":"2023-03-10T12:30:37","slug":"bau-eines-teiches","status":"publish","type":"page","link":"https:\/\/uszczelnianie.com.pl\/de\/bau-eines-teiches\/","title":{"rendered":"Bau eines Teiches"},"content":{"rendered":"<style>.wp-block-kadence-advancedheading.kt-adv-heading_334d6f-5a, .wp-block-kadence-advancedheading.kt-adv-heading_334d6f-5a[data-kb-block=\"kb-adv-heading_334d6f-5a\"]{font-style:normal;}.wp-block-kadence-advancedheading.kt-adv-heading_334d6f-5a mark.kt-highlight, .wp-block-kadence-advancedheading.kt-adv-heading_334d6f-5a[data-kb-block=\"kb-adv-heading_334d6f-5a\"] mark.kt-highlight{font-style:normal;color:#f76a0c;-webkit-box-decoration-break:clone;box-decoration-break:clone;padding-top:0px;padding-right:0px;padding-bottom:0px;padding-left:0px;}.wp-block-kadence-advancedheading.kt-adv-heading_334d6f-5a img.kb-inline-image, .wp-block-kadence-advancedheading.kt-adv-heading_334d6f-5a[data-kb-block=\"kb-adv-heading_334d6f-5a\"] img.kb-inline-image{width:150px;vertical-align:baseline;}<\/style>\n<h2 class=\"kt-adv-heading_334d6f-5a wp-block-kadence-advancedheading\" data-kb-block=\"kb-adv-heading_334d6f-5a\"><b><span lang=\"de-DE\">Izomar &#8211; die besten Teichfolien auf dem Markt<\/span><\/b><\/h2>\n\n\n<style>.wp-block-kadence-advancedheading.kt-adv-heading_7d334a-a5, .wp-block-kadence-advancedheading.kt-adv-heading_7d334a-a5[data-kb-block=\"kb-adv-heading_7d334a-a5\"]{font-style:normal;}.wp-block-kadence-advancedheading.kt-adv-heading_7d334a-a5 mark.kt-highlight, .wp-block-kadence-advancedheading.kt-adv-heading_7d334a-a5[data-kb-block=\"kb-adv-heading_7d334a-a5\"] mark.kt-highlight{font-style:normal;color:#f76a0c;-webkit-box-decoration-break:clone;box-decoration-break:clone;padding-top:0px;padding-right:0px;padding-bottom:0px;padding-left:0px;}.wp-block-kadence-advancedheading.kt-adv-heading_7d334a-a5 img.kb-inline-image, .wp-block-kadence-advancedheading.kt-adv-heading_7d334a-a5[data-kb-block=\"kb-adv-heading_7d334a-a5\"] img.kb-inline-image{width:150px;vertical-align:baseline;}<\/style>\n<p class=\"kt-adv-heading_7d334a-a5 wp-block-kadence-advancedheading\" data-kb-block=\"kb-adv-heading_7d334a-a5\">Wir spezialisieren uns auf Produktion von Teichfolien. Die Herstellung aus Polyvinylchlorid erlaubt uns die Folie vielseitig einzusetzen. Eine Weise davon ist die Abdichtung beim Bau eines Teiches. Unser Angebot umfasst auch Folien, die beim Bau von Investitionsobjekten wie Tankstellen und Deponien verwendet werden. Wir bieten Ihnen auch eine fachgerechte Montage Service direkt vor Ort an, besonders wenn es um ein gro\u00dfes Wasserteich geht. Unser Produkt ist sehr langlebig und widerstandsf\u00e4hig gegen \u00e4u\u00dfere Einfl\u00fcsse, damit unterscheidet es sich von Standardfolien. Dank dem st\u00e4ndigen Erfahrungsgewinn, k\u00f6nnen Izomar-Produkte seit vielen Jahren die Erwartungen der anspruchsvollsten Kunden erf\u00fcllen. Wir bieten Ihnen einen umfassenden Service. Auswahl eines sehr hochwertigen Produkts, das f\u00fcr Ihre Bed\u00fcrfnisse und vielf\u00e4ltige Anwendung geeignet ist, sowie die Installation der Folie an der vorgesehenen Stelle. All dies, damit die Struktur des Teiches bis ins Einzelne genau vorbereiten.<\/p>\n\n\n<style>.wp-block-kadence-advancedheading.kt-adv-heading_0e8db4-7d, .wp-block-kadence-advancedheading.kt-adv-heading_0e8db4-7d[data-kb-block=\"kb-adv-heading_0e8db4-7d\"]{font-style:normal;}.wp-block-kadence-advancedheading.kt-adv-heading_0e8db4-7d mark.kt-highlight, .wp-block-kadence-advancedheading.kt-adv-heading_0e8db4-7d[data-kb-block=\"kb-adv-heading_0e8db4-7d\"] mark.kt-highlight{font-style:normal;color:#f76a0c;-webkit-box-decoration-break:clone;box-decoration-break:clone;padding-top:0px;padding-right:0px;padding-bottom:0px;padding-left:0px;}.wp-block-kadence-advancedheading.kt-adv-heading_0e8db4-7d img.kb-inline-image, .wp-block-kadence-advancedheading.kt-adv-heading_0e8db4-7d[data-kb-block=\"kb-adv-heading_0e8db4-7d\"] img.kb-inline-image{width:150px;vertical-align:baseline;}<\/style>\n<h2 class=\"kt-adv-heading_0e8db4-7d wp-block-kadence-advancedheading\" data-kb-block=\"kb-adv-heading_0e8db4-7d\"><b>Warum ist Izomar vertrauensw\u00fcrdig?<\/b><\/h2>\n\n\n<style>.wp-block-kadence-advancedheading.kt-adv-heading_2fc621-88, .wp-block-kadence-advancedheading.kt-adv-heading_2fc621-88[data-kb-block=\"kb-adv-heading_2fc621-88\"]{font-style:normal;}.wp-block-kadence-advancedheading.kt-adv-heading_2fc621-88 mark.kt-highlight, .wp-block-kadence-advancedheading.kt-adv-heading_2fc621-88[data-kb-block=\"kb-adv-heading_2fc621-88\"] mark.kt-highlight{font-style:normal;color:#f76a0c;-webkit-box-decoration-break:clone;box-decoration-break:clone;padding-top:0px;padding-right:0px;padding-bottom:0px;padding-left:0px;}.wp-block-kadence-advancedheading.kt-adv-heading_2fc621-88 img.kb-inline-image, .wp-block-kadence-advancedheading.kt-adv-heading_2fc621-88[data-kb-block=\"kb-adv-heading_2fc621-88\"] img.kb-inline-image{width:150px;vertical-align:baseline;}<\/style>\n<p class=\"kt-adv-heading_2fc621-88 wp-block-kadence-advancedheading\" data-kb-block=\"kb-adv-heading_2fc621-88\"><span lang=\"de-DE\">Der Bau eines Teiches ist ein gro\u00dfes Projekt, sowohl finanziell als auch zeitlich. Dessen bewusst bieten wir Teichfolien an, die \u00fcber viele Jahre ihre Funktion erf\u00fcllen werden. Das Produkt ist von der Garantie abgedeckt, sodass Sie sich auf die von Izomar angebotene Qualit\u00e4t verlassen k\u00f6nnen. Die Folie f\u00fcr den Teichbau verf\u00fcgt \u00fcber die erforderlichen Zertifikate, die belegen, dass es sich um ein Spitzenprodukt handelt.<\/span> <span lang=\"de-DE\">Die Folien zeichnen sich durch Best\u00e4ndigkeit gegen Witterungseinfl\u00fcsse aus, sowohl bei niedrigen als auch bei hohen Temperaturen. Unser Produkt reagiert nicht auf UV-Strahlen, sodass die Sonne seinen Zustand nicht beeintr\u00e4chtigt. Es bricht oder rei\u00dft nicht, und der Hersteller sch\u00e4tzt seine Nutzungsdauer auf etwa 50 Jahre. Eine weitere positive Eigenschaft unserer Teichfolie ist ihre Freundlichkeit f\u00fcr die Umwelt und Ihre Fische.<\/span><\/p>\n\n\n<style>.wp-block-kadence-advancedheading.kt-adv-heading_9be6ab-45, .wp-block-kadence-advancedheading.kt-adv-heading_9be6ab-45[data-kb-block=\"kb-adv-heading_9be6ab-45\"]{font-style:normal;}.wp-block-kadence-advancedheading.kt-adv-heading_9be6ab-45 mark.kt-highlight, .wp-block-kadence-advancedheading.kt-adv-heading_9be6ab-45[data-kb-block=\"kb-adv-heading_9be6ab-45\"] mark.kt-highlight{font-style:normal;color:#f76a0c;-webkit-box-decoration-break:clone;box-decoration-break:clone;padding-top:0px;padding-right:0px;padding-bottom:0px;padding-left:0px;}.wp-block-kadence-advancedheading.kt-adv-heading_9be6ab-45 img.kb-inline-image, .wp-block-kadence-advancedheading.kt-adv-heading_9be6ab-45[data-kb-block=\"kb-adv-heading_9be6ab-45\"] img.kb-inline-image{width:150px;vertical-align:baseline;}<\/style>\n<h2 class=\"kt-adv-heading_9be6ab-45 wp-block-kadence-advancedheading\" data-kb-block=\"kb-adv-heading_9be6ab-45\"><b><span lang=\"de-DE\">Wie w\u00e4hlt man die beste Folie f\u00fcr den Teichbau?<\/span><\/b><\/h2>\n\n\n<style>.wp-block-kadence-advancedheading.kt-adv-heading_d5cd6b-c0, .wp-block-kadence-advancedheading.kt-adv-heading_d5cd6b-c0[data-kb-block=\"kb-adv-heading_d5cd6b-c0\"]{font-style:normal;}.wp-block-kadence-advancedheading.kt-adv-heading_d5cd6b-c0 mark.kt-highlight, .wp-block-kadence-advancedheading.kt-adv-heading_d5cd6b-c0[data-kb-block=\"kb-adv-heading_d5cd6b-c0\"] mark.kt-highlight{font-style:normal;color:#f76a0c;-webkit-box-decoration-break:clone;box-decoration-break:clone;padding-top:0px;padding-right:0px;padding-bottom:0px;padding-left:0px;}.wp-block-kadence-advancedheading.kt-adv-heading_d5cd6b-c0 img.kb-inline-image, .wp-block-kadence-advancedheading.kt-adv-heading_d5cd6b-c0[data-kb-block=\"kb-adv-heading_d5cd6b-c0\"] img.kb-inline-image{width:150px;vertical-align:baseline;}<\/style>\n<p class=\"kt-adv-heading_d5cd6b-c0 wp-block-kadence-advancedheading\" data-kb-block=\"kb-adv-heading_d5cd6b-c0\"><span lang=\"de-DE\">PVC-Folie ist das am h\u00e4ufigsten gew\u00e4hlte Material, aus einem ganz einfachen Grund, sie ist sehr langlebig und kann viele Jahre dienen. Ein weiterer wichtiger Faktor, der ber\u00fccksichtigt werden sollte, ist die Zulassung des National Institute of health. Dank dessen, k\u00f6nnen wir sicherstellen, dass unsere Folien umweltfreundlich und nat\u00fcrlich f\u00fcr alle Lebewesen unbedenklich.<\/span> <span lang=\"de-DE\">Sie konnten f\u00fcr die Teichbau eine PE-Baufolie ausw\u00e4hlen, es ist aber keine gute Idee. Angenommen, wir rechnen mit Langlebigkeit der Teich, wird dieses Material einfach nicht funktionieren. PE-Folie ist zu d\u00fcnn und nicht UV-best\u00e4ndig. Daher ist die beste Wahl beim Teichbau die Art der PVC- oder EPDM-Folie. F\u00fcr einen kleinen Tank ist eine Folie mit einer Dicke von 1 mm geeignet. Wenn das Standardangebot jedoch nicht Ihren Erwartungen entspricht, bieten wir Folien f\u00fcr den Bau von Teichen in jeder Gr\u00f6\u00dfe und Dicke nach Kundenwunsch.<\/span><\/p>\n\n\n<style>.wp-block-kadence-advancedheading.kt-adv-heading_4c36f3-63, .wp-block-kadence-advancedheading.kt-adv-heading_4c36f3-63[data-kb-block=\"kb-adv-heading_4c36f3-63\"]{font-style:normal;}.wp-block-kadence-advancedheading.kt-adv-heading_4c36f3-63 mark.kt-highlight, .wp-block-kadence-advancedheading.kt-adv-heading_4c36f3-63[data-kb-block=\"kb-adv-heading_4c36f3-63\"] mark.kt-highlight{font-style:normal;color:#f76a0c;-webkit-box-decoration-break:clone;box-decoration-break:clone;padding-top:0px;padding-right:0px;padding-bottom:0px;padding-left:0px;}.wp-block-kadence-advancedheading.kt-adv-heading_4c36f3-63 img.kb-inline-image, .wp-block-kadence-advancedheading.kt-adv-heading_4c36f3-63[data-kb-block=\"kb-adv-heading_4c36f3-63\"] img.kb-inline-image{width:150px;vertical-align:baseline;}<\/style>\n<h2 class=\"kt-adv-heading_4c36f3-63 wp-block-kadence-advancedheading\" data-kb-block=\"kb-adv-heading_4c36f3-63\"><b><span lang=\"de-DE\">Vorbereitung f\u00fcr den Bau eines Teiches<\/span><span lang=\"de-DE\">:<\/span><\/b><\/h2>\n\n\n<div class=\"wp-block-image wp-image-1790\">\n<figure class=\"alignleft\"><img decoding=\"async\" src=\"https:\/\/uszczelnianie.com.pl\/wp-content\/uploads\/2023\/03\/oczkowodne-150x150-1-150x150.jpg\" alt=\"Budowa oczka wodnego\" class=\"wp-image-1790\"\/><figcaption>Teichbau \u2013 Planung und Aushub<\/figcaption><\/figure>\n<\/div>\n\n<style>.wp-block-kadence-advancedheading.kt-adv-heading_b8fd95-27, .wp-block-kadence-advancedheading.kt-adv-heading_b8fd95-27[data-kb-block=\"kb-adv-heading_b8fd95-27\"]{font-style:normal;}.wp-block-kadence-advancedheading.kt-adv-heading_b8fd95-27 mark.kt-highlight, .wp-block-kadence-advancedheading.kt-adv-heading_b8fd95-27[data-kb-block=\"kb-adv-heading_b8fd95-27\"] mark.kt-highlight{font-style:normal;color:#f76a0c;-webkit-box-decoration-break:clone;box-decoration-break:clone;padding-top:0px;padding-right:0px;padding-bottom:0px;padding-left:0px;}.wp-block-kadence-advancedheading.kt-adv-heading_b8fd95-27 img.kb-inline-image, .wp-block-kadence-advancedheading.kt-adv-heading_b8fd95-27[data-kb-block=\"kb-adv-heading_b8fd95-27\"] img.kb-inline-image{width:150px;vertical-align:baseline;}<\/style>\n<p class=\"kt-adv-heading_b8fd95-27 wp-block-kadence-advancedheading\" data-kb-block=\"kb-adv-heading_b8fd95-27\"><span lang=\"de-DE\">Die wirtschaftlich g\u00fcnstigste Form ist ein Rechteck oder eine Ellipse. Dank ihnen wird die Folie f\u00fcr den Teichbau am g\u00fcnstigsten angeordnet und die Verluste sind am geringsten. Verwenden Sie zu Beginn ein Seil oder einen Gartenschlauch, um die Form und Gr\u00f6\u00dfe des Teiches zu bestimmen. Wenn Sie darin Fische \u00fcberwintern m\u00f6chten, beachten Sie, dass das unterste Regal nicht weniger als 120-150 cm betragen sollte. Dann lohnt es sich zu \u00fcberlegen, aus welcher Quelle das Wasser bezogen wird, um die Teiche zu auff\u00fcllen. Der n\u00e4chste Schritt wird zu entscheiden, wo die Wasserkaskade, die Pumpe, die Br\u00fccke und die Filtervorrichtung platziert werden sollen. Dank der Feinabstimmung dieser Details sollte Sie beim Teichbau nichts \u00fcberraschen.<\/span><\/p>\n\n\n<div class=\"wp-block-image wp-image-1796\">\n<figure class=\"alignright\"><img decoding=\"async\" src=\"https:\/\/uszczelnianie.com.pl\/wp-content\/uploads\/2023\/03\/oczkowodne1-150x150-1-150x150.jpg\" alt=\"Budowa oczka wodnego - rozk\u0142adanie folii\" class=\"wp-image-1796\"\/><figcaption>Teichbau \u2013 Auslegen der PVC-Folie<\/figcaption><\/figure>\n<\/div>\n\n<style>.wp-block-kadence-advancedheading.kt-adv-heading_eabb09-c3, .wp-block-kadence-advancedheading.kt-adv-heading_eabb09-c3[data-kb-block=\"kb-adv-heading_eabb09-c3\"]{font-style:normal;}.wp-block-kadence-advancedheading.kt-adv-heading_eabb09-c3 mark.kt-highlight, .wp-block-kadence-advancedheading.kt-adv-heading_eabb09-c3[data-kb-block=\"kb-adv-heading_eabb09-c3\"] mark.kt-highlight{font-style:normal;color:#f76a0c;-webkit-box-decoration-break:clone;box-decoration-break:clone;padding-top:0px;padding-right:0px;padding-bottom:0px;padding-left:0px;}.wp-block-kadence-advancedheading.kt-adv-heading_eabb09-c3 img.kb-inline-image, .wp-block-kadence-advancedheading.kt-adv-heading_eabb09-c3[data-kb-block=\"kb-adv-heading_eabb09-c3\"] img.kb-inline-image{width:150px;vertical-align:baseline;}<\/style>\n<p class=\"kt-adv-heading_eabb09-c3 wp-block-kadence-advancedheading\" data-kb-block=\"kb-adv-heading_eabb09-c3\"><span lang=\"de-DE\">Der Bau eines Teiches ist ein gro\u00dfes und ernstes Unternehmung, genau deswegen empfehlen wir Ihnen, sich mit unserem Angebot vertraut zu machen. Dabei bieten wir Ihnen die Hilfe von unseren Spezialisten. Unsere Mitarbeiter sind Profis mit langj\u00e4hriger Erfahrung. Mit ihren Tipps und Ratschl\u00e4gen wird der Teichbau bis ins Einzelne genau vorbereitet und verl\u00e4uft unproblematisch.<\/span><\/p>\n\n\n<style>.wp-block-kadence-advancedheading.kt-adv-heading_bebc0c-39, .wp-block-kadence-advancedheading.kt-adv-heading_bebc0c-39[data-kb-block=\"kb-adv-heading_bebc0c-39\"]{font-style:normal;}.wp-block-kadence-advancedheading.kt-adv-heading_bebc0c-39 mark.kt-highlight, .wp-block-kadence-advancedheading.kt-adv-heading_bebc0c-39[data-kb-block=\"kb-adv-heading_bebc0c-39\"] mark.kt-highlight{font-style:normal;color:#f76a0c;-webkit-box-decoration-break:clone;box-decoration-break:clone;padding-top:0px;padding-right:0px;padding-bottom:0px;padding-left:0px;}.wp-block-kadence-advancedheading.kt-adv-heading_bebc0c-39 img.kb-inline-image, .wp-block-kadence-advancedheading.kt-adv-heading_bebc0c-39[data-kb-block=\"kb-adv-heading_bebc0c-39\"] img.kb-inline-image{width:150px;vertical-align:baseline;}<\/style>\n<p class=\"kt-adv-heading_bebc0c-39 wp-block-kadence-advancedheading\" data-kb-block=\"kb-adv-heading_bebc0c-39\"><span lang=\"de-DE\">Bei Fragen oder Unklarheiten kontaktieren Sie uns bitte per E-Mail.<\/span><\/p>\n","protected":false},"excerpt":{"rendered":"<p>Izomar &#8211; die besten Teichfolien auf dem Markt Wir spezialisieren uns auf Produktion von Teichfolien. Die Herstellung aus Polyvinylchlorid erlaubt uns die Folie vielseitig einzusetzen. Eine Weise davon ist die Abdichtung beim Bau eines Teiches. Unser Angebot umfasst auch Folien, die beim Bau von Investitionsobjekten wie Tankstellen und Deponien verwendet werden. Wir bieten Ihnen auch&#8230;<\/p>\n","protected":false},"author":1,"featured_media":46,"parent":0,"menu_order":2,"comment_status":"closed","ping_status":"closed","template":"","meta":{"_kad_blocks_custom_css":"","_kad_blocks_head_custom_js":"","_kad_blocks_body_custom_js":"","_kad_blocks_footer_custom_js":"","_kad_post_transparent":"","_kad_post_title":"","_kad_post_layout":"","_kad_post_sidebar_id":"","_kad_post_content_style":"","_kad_post_vertical_padding":"","_kad_post_feature":"","_kad_post_feature_position":"","_kad_post_header":false,"_kad_post_footer":false,"_kad_post_classname":"","footnotes":""},"class_list":["post-189","page","type-page","status-publish","has-post-thumbnail","hentry"],"yoast_head":"<!-- This site is optimized with the Yoast SEO plugin v27.4 - https:\/\/yoast.com\/product\/yoast-seo-wordpress\/ -->\n<title>Teich - Konstruktion | Bau eines Teiches | Izomar einkaufen<\/title>\n<meta name=\"description\" content=\"Interesuje Ci\u0119 budowa oczka wodnego w Twoim ogrodzie? Dowiedz si\u0119 z nami, jak wygl\u0105da ca\u0142y proces - przeczytaj nasz poradnik na uszczelnianie.com.pl - zapraszamy!\" \/>\n<meta name=\"robots\" content=\"noindex, follow\" \/>\n<meta property=\"og:locale\" content=\"de_DE\" \/>\n<meta property=\"og:type\" content=\"article\" \/>\n<meta property=\"og:title\" content=\"Teich - Konstruktion | Bau eines Teiches | Izomar einkaufen\" \/>\n<meta property=\"og:description\" content=\"Interesuje Ci\u0119 budowa oczka wodnego w Twoim ogrodzie? Dowiedz si\u0119 z nami, jak wygl\u0105da ca\u0142y proces - przeczytaj nasz poradnik na uszczelnianie.com.pl - zapraszamy!\" \/>\n<meta property=\"og:url\" content=\"https:\/\/uszczelnianie.com.pl\/de\/bau-eines-teiches\/\" \/>\n<meta property=\"og:site_name\" content=\"Izomar - Folia do oczek wodnych\" \/>\n<meta property=\"article:modified_time\" content=\"2023-03-10T12:30:37+00:00\" \/>\n<meta property=\"og:image\" content=\"https:\/\/uszczelnianie.com.pl\/wp-content\/uploads\/2023\/03\/oczkowodne-150x150-1.jpg\" \/>\n\t<meta property=\"og:image:width\" content=\"150\" \/>\n\t<meta property=\"og:image:height\" content=\"150\" \/>\n\t<meta property=\"og:image:type\" content=\"image\/jpeg\" \/>\n<meta name=\"twitter:card\" content=\"summary_large_image\" \/>\n<meta name=\"twitter:label1\" content=\"Gesch\u00e4tzte Lesezeit\" \/>\n\t<meta name=\"twitter:data1\" content=\"5\u00a0Minuten\" \/>\n<script type=\"application\/ld+json\" class=\"yoast-schema-graph\">{\"@context\":\"https:\\\/\\\/schema.org\",\"@graph\":[{\"@type\":\"WebPage\",\"@id\":\"https:\\\/\\\/uszczelnianie.com.pl\\\/de\\\/bau-eines-teiches\\\/\",\"url\":\"https:\\\/\\\/uszczelnianie.com.pl\\\/de\\\/bau-eines-teiches\\\/\",\"name\":\"Teich - Konstruktion | Bau eines Teiches | Izomar einkaufen\",\"isPartOf\":{\"@id\":\"https:\\\/\\\/uszczelnianie.com.pl\\\/#website\"},\"primaryImageOfPage\":{\"@id\":\"https:\\\/\\\/uszczelnianie.com.pl\\\/de\\\/bau-eines-teiches\\\/#primaryimage\"},\"image\":{\"@id\":\"https:\\\/\\\/uszczelnianie.com.pl\\\/de\\\/bau-eines-teiches\\\/#primaryimage\"},\"thumbnailUrl\":\"https:\\\/\\\/uszczelnianie.com.pl\\\/wp-content\\\/uploads\\\/2023\\\/03\\\/oczkowodne-150x150-1.jpg\",\"datePublished\":\"2022-11-18T14:03:48+00:00\",\"dateModified\":\"2023-03-10T12:30:37+00:00\",\"description\":\"Interesuje Ci\u0119 budowa oczka wodnego w Twoim ogrodzie? Dowiedz si\u0119 z nami, jak wygl\u0105da ca\u0142y proces - przeczytaj nasz poradnik na uszczelnianie.com.pl - zapraszamy!\",\"breadcrumb\":{\"@id\":\"https:\\\/\\\/uszczelnianie.com.pl\\\/de\\\/bau-eines-teiches\\\/#breadcrumb\"},\"inLanguage\":\"de\",\"potentialAction\":[{\"@type\":\"ReadAction\",\"target\":[\"https:\\\/\\\/uszczelnianie.com.pl\\\/de\\\/bau-eines-teiches\\\/\"]}]},{\"@type\":\"ImageObject\",\"inLanguage\":\"de\",\"@id\":\"https:\\\/\\\/uszczelnianie.com.pl\\\/de\\\/bau-eines-teiches\\\/#primaryimage\",\"url\":\"https:\\\/\\\/uszczelnianie.com.pl\\\/wp-content\\\/uploads\\\/2023\\\/03\\\/oczkowodne-150x150-1.jpg\",\"contentUrl\":\"https:\\\/\\\/uszczelnianie.com.pl\\\/wp-content\\\/uploads\\\/2023\\\/03\\\/oczkowodne-150x150-1.jpg\",\"width\":150,\"height\":150},{\"@type\":\"BreadcrumbList\",\"@id\":\"https:\\\/\\\/uszczelnianie.com.pl\\\/de\\\/bau-eines-teiches\\\/#breadcrumb\",\"itemListElement\":[{\"@type\":\"ListItem\",\"position\":1,\"name\":\"Strona g\u0142\u00f3wna\",\"item\":\"https:\\\/\\\/uszczelnianie.com.pl\\\/de\\\/\"},{\"@type\":\"ListItem\",\"position\":2,\"name\":\"Bau eines Teiches\"}]},{\"@type\":\"WebSite\",\"@id\":\"https:\\\/\\\/uszczelnianie.com.pl\\\/#website\",\"url\":\"https:\\\/\\\/uszczelnianie.com.pl\\\/\",\"name\":\"Izomar\",\"description\":\"Zajmujemy si\u0119 sprzeda\u017c\u0105 wysokiej jako\u015bci folii do oczek wodnych, folii budowlanych oraz folii olejoodpornych. Wejd\u017a i zobacz nasze produkty! | uszczelnianie.com.pl\",\"publisher\":{\"@id\":\"https:\\\/\\\/uszczelnianie.com.pl\\\/#organization\"},\"potentialAction\":[{\"@type\":\"SearchAction\",\"target\":{\"@type\":\"EntryPoint\",\"urlTemplate\":\"https:\\\/\\\/uszczelnianie.com.pl\\\/?s={search_term_string}\"},\"query-input\":{\"@type\":\"PropertyValueSpecification\",\"valueRequired\":true,\"valueName\":\"search_term_string\"}}],\"inLanguage\":\"de\"},{\"@type\":\"Organization\",\"@id\":\"https:\\\/\\\/uszczelnianie.com.pl\\\/#organization\",\"name\":\"Izomar\",\"url\":\"https:\\\/\\\/uszczelnianie.com.pl\\\/\",\"logo\":{\"@type\":\"ImageObject\",\"inLanguage\":\"de\",\"@id\":\"https:\\\/\\\/uszczelnianie.com.pl\\\/#\\\/schema\\\/logo\\\/image\\\/\",\"url\":\"https:\\\/\\\/uszczelnianie.com.pl\\\/wp-content\\\/uploads\\\/2023\\\/03\\\/image-1024x293-1.png\",\"contentUrl\":\"https:\\\/\\\/uszczelnianie.com.pl\\\/wp-content\\\/uploads\\\/2023\\\/03\\\/image-1024x293-1.png\",\"width\":1024,\"height\":293,\"caption\":\"Izomar\"},\"image\":{\"@id\":\"https:\\\/\\\/uszczelnianie.com.pl\\\/#\\\/schema\\\/logo\\\/image\\\/\"}}]}<\/script>\n<!-- \/ Yoast SEO plugin. -->","yoast_head_json":{"title":"Teich - Konstruktion | Bau eines Teiches | Izomar einkaufen","description":"Interesuje Ci\u0119 budowa oczka wodnego w Twoim ogrodzie? Dowiedz si\u0119 z nami, jak wygl\u0105da ca\u0142y proces - przeczytaj nasz poradnik na uszczelnianie.com.pl - zapraszamy!","robots":{"index":"noindex","follow":"follow"},"og_locale":"de_DE","og_type":"article","og_title":"Teich - Konstruktion | Bau eines Teiches | Izomar einkaufen","og_description":"Interesuje Ci\u0119 budowa oczka wodnego w Twoim ogrodzie? Dowiedz si\u0119 z nami, jak wygl\u0105da ca\u0142y proces - przeczytaj nasz poradnik na uszczelnianie.com.pl - zapraszamy!","og_url":"https:\/\/uszczelnianie.com.pl\/de\/bau-eines-teiches\/","og_site_name":"Izomar - Folia do oczek wodnych","article_modified_time":"2023-03-10T12:30:37+00:00","og_image":[{"width":150,"height":150,"url":"https:\/\/uszczelnianie.com.pl\/wp-content\/uploads\/2023\/03\/oczkowodne-150x150-1.jpg","type":"image\/jpeg"}],"twitter_card":"summary_large_image","twitter_misc":{"Gesch\u00e4tzte Lesezeit":"5\u00a0Minuten"},"schema":{"@context":"https:\/\/schema.org","@graph":[{"@type":"WebPage","@id":"https:\/\/uszczelnianie.com.pl\/de\/bau-eines-teiches\/","url":"https:\/\/uszczelnianie.com.pl\/de\/bau-eines-teiches\/","name":"Teich - Konstruktion | Bau eines Teiches | Izomar einkaufen","isPartOf":{"@id":"https:\/\/uszczelnianie.com.pl\/#website"},"primaryImageOfPage":{"@id":"https:\/\/uszczelnianie.com.pl\/de\/bau-eines-teiches\/#primaryimage"},"image":{"@id":"https:\/\/uszczelnianie.com.pl\/de\/bau-eines-teiches\/#primaryimage"},"thumbnailUrl":"https:\/\/uszczelnianie.com.pl\/wp-content\/uploads\/2023\/03\/oczkowodne-150x150-1.jpg","datePublished":"2022-11-18T14:03:48+00:00","dateModified":"2023-03-10T12:30:37+00:00","description":"Interesuje Ci\u0119 budowa oczka wodnego w Twoim ogrodzie? Dowiedz si\u0119 z nami, jak wygl\u0105da ca\u0142y proces - przeczytaj nasz poradnik na uszczelnianie.com.pl - zapraszamy!","breadcrumb":{"@id":"https:\/\/uszczelnianie.com.pl\/de\/bau-eines-teiches\/#breadcrumb"},"inLanguage":"de","potentialAction":[{"@type":"ReadAction","target":["https:\/\/uszczelnianie.com.pl\/de\/bau-eines-teiches\/"]}]},{"@type":"ImageObject","inLanguage":"de","@id":"https:\/\/uszczelnianie.com.pl\/de\/bau-eines-teiches\/#primaryimage","url":"https:\/\/uszczelnianie.com.pl\/wp-content\/uploads\/2023\/03\/oczkowodne-150x150-1.jpg","contentUrl":"https:\/\/uszczelnianie.com.pl\/wp-content\/uploads\/2023\/03\/oczkowodne-150x150-1.jpg","width":150,"height":150},{"@type":"BreadcrumbList","@id":"https:\/\/uszczelnianie.com.pl\/de\/bau-eines-teiches\/#breadcrumb","itemListElement":[{"@type":"ListItem","position":1,"name":"Strona g\u0142\u00f3wna","item":"https:\/\/uszczelnianie.com.pl\/de\/"},{"@type":"ListItem","position":2,"name":"Bau eines Teiches"}]},{"@type":"WebSite","@id":"https:\/\/uszczelnianie.com.pl\/#website","url":"https:\/\/uszczelnianie.com.pl\/","name":"Izomar","description":"Zajmujemy si\u0119 sprzeda\u017c\u0105 wysokiej jako\u015bci folii do oczek wodnych, folii budowlanych oraz folii olejoodpornych. Wejd\u017a i zobacz nasze produkty! | uszczelnianie.com.pl","publisher":{"@id":"https:\/\/uszczelnianie.com.pl\/#organization"},"potentialAction":[{"@type":"SearchAction","target":{"@type":"EntryPoint","urlTemplate":"https:\/\/uszczelnianie.com.pl\/?s={search_term_string}"},"query-input":{"@type":"PropertyValueSpecification","valueRequired":true,"valueName":"search_term_string"}}],"inLanguage":"de"},{"@type":"Organization","@id":"https:\/\/uszczelnianie.com.pl\/#organization","name":"Izomar","url":"https:\/\/uszczelnianie.com.pl\/","logo":{"@type":"ImageObject","inLanguage":"de","@id":"https:\/\/uszczelnianie.com.pl\/#\/schema\/logo\/image\/","url":"https:\/\/uszczelnianie.com.pl\/wp-content\/uploads\/2023\/03\/image-1024x293-1.png","contentUrl":"https:\/\/uszczelnianie.com.pl\/wp-content\/uploads\/2023\/03\/image-1024x293-1.png","width":1024,"height":293,"caption":"Izomar"},"image":{"@id":"https:\/\/uszczelnianie.com.pl\/#\/schema\/logo\/image\/"}}]}},"taxonomy_info":[],"featured_image_src_large":["https:\/\/uszczelnianie.com.pl\/wp-content\/uploads\/2023\/03\/oczkowodne-150x150-1.jpg",150,150,false],"author_info":{"display_name":"admin","author_link":"https:\/\/uszczelnianie.com.pl\/de\/author\/admin\/"},"comment_info":0,"_links":{"self":[{"href":"https:\/\/uszczelnianie.com.pl\/de\/wp-json\/wp\/v2\/pages\/189","targetHints":{"allow":["GET"]}}],"collection":[{"href":"https:\/\/uszczelnianie.com.pl\/de\/wp-json\/wp\/v2\/pages"}],"about":[{"href":"https:\/\/uszczelnianie.com.pl\/de\/wp-json\/wp\/v2\/types\/page"}],"author":[{"embeddable":true,"href":"https:\/\/uszczelnianie.com.pl\/de\/wp-json\/wp\/v2\/users\/1"}],"replies":[{"embeddable":true,"href":"https:\/\/uszczelnianie.com.pl\/de\/wp-json\/wp\/v2\/comments?post=189"}],"version-history":[{"count":1,"href":"https:\/\/uszczelnianie.com.pl\/de\/wp-json\/wp\/v2\/pages\/189\/revisions"}],"predecessor-version":[{"id":190,"href":"https:\/\/uszczelnianie.com.pl\/de\/wp-json\/wp\/v2\/pages\/189\/revisions\/190"}],"wp:featuredmedia":[{"embeddable":true,"href":"https:\/\/uszczelnianie.com.pl\/de\/wp-json\/wp\/v2\/media\/46"}],"wp:attachment":[{"href":"https:\/\/uszczelnianie.com.pl\/de\/wp-json\/wp\/v2\/media?parent=189"}],"curies":[{"name":"wp","href":"https:\/\/api.w.org\/{rel}","templated":true}]}}