{"id":17079,"date":"2025-09-02T10:38:44","date_gmt":"2025-09-02T08:38:44","guid":{"rendered":"https:\/\/uszczelnianie.com.pl\/?post_type=product&#038;p=17079"},"modified":"2025-09-02T11:01:47","modified_gmt":"2025-09-02T09:01:47","slug":"teichfolie-15mm-dunkelgrun","status":"publish","type":"product","link":"https:\/\/uszczelnianie.com.pl\/de\/produkt\/teichfolie-15mm-dunkelgrun\/","title":{"rendered":"Teichfolie 1,5mm dunkelgr\u00fcn"},"content":{"rendered":"<h2>Starke 1,5mm dunkelgr\u00fcn Teichfolie<\/h2>\n<p>Wir bieten Ihnen hochwertige <span style=\"color: #ff0000;\"><strong>PREMIUM<\/strong><\/span>&#8211; dunkelgr\u00fcn \/ olivgr\u00fcn <strong>Teichfolie &#8211; 1,5mm dick<\/strong>. Unsere Teichfolie ist eine gute Wahl f\u00fcr Menschen, die ihren Teich bauen. Wenn Sie sich f\u00fcr unser Produkt entscheiden, kaufen Sie garantiert eine hochwertige Folie, die Ihren Erwartungen entspricht und viele Jahre lang dienen wird. Die Qualit\u00e4t der Folie wird durch entsprechende Zulassungen und eine <span style=\"color: #ff0000;\">10-j\u00e4hrige GARANTIE<\/span> best\u00e4tigt.<\/p>\n<p><strong>In diesem Angebot kaufen Sie eine Folie f\u00fcr einen 1,5mm Teich <\/strong><strong>dunkelgr\u00fcn<\/strong><strong>.<\/strong><\/p>\n<p>Unsere Folie besteht aus reinem Granulat ohne Zusatz von F\u00fcllstoffen *, wodurch sie sehr widerstandsf\u00e4hig gegen raue Witterungsbedingungen (einschlie\u00dflich UV) und sehr rei\u00dffest ist. Wenn Sie nicht alle 2-3 Jahre die Folie in Ihrem geliebten Teich wechseln m\u00f6chten, sind Sie bei uns genau richtig.<\/p>\n<p>* die sogenannte F\u00fcllstoffe (Kreide und andere Materialien, die kein PVC-Granulat sind) werden von einigen Unternehmen verwendet, um die Produktionskosten der Folie zu senken. Dadurch ist die produzierte Folie wesentlich weniger UV-best\u00e4ndig (Sonnenstrahlung) und kann leicht rei\u00dfen. Nach einem Jahr wird eine solche Folie sehr steif und beginnt zu rei\u00dfen. Daher sollte ein zu niedriger Preis Verdacht erregen. Wir empfehlen, dass Sie Muster anfordern, um ein St\u00fcck Folie nach der Entnahme aus dem Gefrierschrank auf Rei\u00dfen oder Rei\u00dfen zu testen.<\/p>\n<p><strong>Aufgrund des hohen Gewichts der Folie k\u00f6nnen wir Rollen bis 300m2 per Post liefern. Wenn Sie an einer gr\u00f6\u00dferen Gr\u00f6\u00dfe interessiert sind, empfehlen wir:<\/strong><\/p>\n<p><strong>1) Folie mit Montageservice (wird individuell berechnet) zu bestellen<\/strong><\/p>\n<p><strong>2) Folie in mehreren Rollen zur Selbstverbindung mit Kleber oder Schwei\u00dfmaschine (gegen Geb\u00fchr kann eine Schwei\u00dfmaschine gemietet werden)<\/strong><\/p>\n<p>&nbsp;<\/p>\n<p>Sehen Sie sich weitere <strong>Produkte aus der Kategorie <a href=\"https:\/\/uszczelnianie.com.pl\/de\/kategoria-produktu\/teichfolie\/\">Teichfolie<\/a> an!<\/strong><\/p>\n","protected":false},"excerpt":{"rendered":"<p><strong><span style=\"color: #ff0000;\">HINWEIS<\/span>:<\/strong> Die Vorlaufzeit f\u00fcr diese PVC-Folie betr\u00e4gt ca. 3-6 Arbeitstage + Kurierlieferzeit.<\/p>\n<p style=\"padding-left: 40px;\">Bitte geben Sie unten die Abmessungen des Foliens an (in vollen Metern)<\/p>\n","protected":false},"featured_media":16060,"template":"","meta":{"_kad_blocks_custom_css":"","_kad_blocks_head_custom_js":"","_kad_blocks_body_custom_js":"","_kad_blocks_footer_custom_js":"","_kad_post_transparent":"default","_kad_post_title":"","_kad_post_layout":"default","_kad_post_sidebar_id":"","_kad_post_content_style":"default","_kad_post_vertical_padding":"default","_kad_post_feature":"","_kad_post_feature_position":"","_kad_post_header":false,"_kad_post_footer":false,"_kad_post_classname":""},"product_brand":[],"product_cat":[75],"product_tag":[],"class_list":{"0":"post-17079","1":"product","2":"type-product","3":"status-publish","4":"has-post-thumbnail","6":"product_cat-teichfolie","8":"first","9":"instock","10":"taxable","11":"shipping-taxable","12":"purchasable","13":"product-type-simple","14":"entry","15":"content-bg","16":"loop-entry"},"exclude_global_add_ons":false,"addons":[{"name":"Zus\u00e4tzlicher Service","type":"checkbox","position":0,"required":false,"title_format":"heading","default":"","description_enable":true,"description":"Express \u2013 Sie ben\u00f6tigen dringend Teichfolie und der voraussichtliche Versandtermin liegt zu weit entfernt? Wenn Sie diese Option w\u00e4hlen, bem\u00fchen wir uns, Ihre Bestellung innerhalb von maximal 2 Werktagen zu versenden (gerechnet ab dem Tag, an dem Sie Ihre Bestellung aufgegeben und bezahlt haben). Wenn wir diese Frist nicht einhalten k\u00f6nnen, setzen wir uns mit Ihnen in Verbindung, um zu vereinbaren, ob wir die Bestellung stornieren oder nur die Kosten f\u00fcr den Expressdienst erstatten. Kosten der Dienstleistung: +25% auf den Produktpreis","placeholder_enable":false,"placeholder":"","display":"select","restrictions_type":"any_text","adjust_price":false,"price":"","price_type":"flat_fee","restrictions":false,"min":"0","max":"0","options":[{"label":"Express","price":"25","price_type":"percentage_based","image":0,"visibility":true}],"id":1679934996}],"yoast_head":"<!-- This site is optimized with the Yoast SEO plugin v27.4 - https:\/\/yoast.com\/product\/yoast-seo-wordpress\/ -->\n<title>Teichfolie 1,5mm dunkelgr\u00fcn | Izomar<\/title>\n<meta name=\"robots\" content=\"index, follow, max-snippet:-1, max-image-preview:large, max-video-preview:-1\" \/>\n<link rel=\"canonical\" href=\"https:\/\/uszczelnianie.com.pl\/de\/produkt\/teichfolie-15mm-dunkelgrun\/\" \/>\n<meta property=\"og:locale\" content=\"de_DE\" \/>\n<meta property=\"og:type\" content=\"article\" \/>\n<meta property=\"og:title\" content=\"Teichfolie 1,5mm dunkelgr\u00fcn | Izomar\" \/>\n<meta property=\"og:description\" content=\"HINWEIS: Die Vorlaufzeit f\u00fcr diese PVC-Folie betr\u00e4gt ca. 3-6 Arbeitstage + Kurierlieferzeit. Bitte geben Sie unten die Abmessungen des Foliens an (in vollen Metern)\" \/>\n<meta property=\"og:url\" content=\"https:\/\/uszczelnianie.com.pl\/de\/produkt\/teichfolie-15mm-dunkelgrun\/\" \/>\n<meta property=\"og:site_name\" content=\"Izomar - Folia do oczek wodnych\" \/>\n<meta property=\"article:modified_time\" content=\"2025-09-02T09:01:47+00:00\" \/>\n<meta property=\"og:image\" content=\"https:\/\/uszczelnianie.com.pl\/wp-content\/uploads\/1970\/01\/20250626_095219.jpg\" \/>\n\t<meta property=\"og:image:width\" content=\"1887\" \/>\n\t<meta property=\"og:image:height\" content=\"1819\" \/>\n\t<meta property=\"og:image:type\" content=\"image\/jpeg\" \/>\n<meta name=\"twitter:card\" content=\"summary_large_image\" \/>\n<meta name=\"twitter:label1\" content=\"Gesch\u00e4tzte Lesezeit\" \/>\n\t<meta name=\"twitter:data1\" content=\"2\u00a0Minuten\" \/>\n<script type=\"application\/ld+json\" class=\"yoast-schema-graph\">{\"@context\":\"https:\\\/\\\/schema.org\",\"@graph\":[{\"@type\":\"WebPage\",\"@id\":\"https:\\\/\\\/uszczelnianie.com.pl\\\/de\\\/produkt\\\/teichfolie-15mm-dunkelgrun\\\/\",\"url\":\"https:\\\/\\\/uszczelnianie.com.pl\\\/de\\\/produkt\\\/teichfolie-15mm-dunkelgrun\\\/\",\"name\":\"Teichfolie 1,5mm dunkelgr\u00fcn | Izomar\",\"isPartOf\":{\"@id\":\"https:\\\/\\\/uszczelnianie.com.pl\\\/#website\"},\"primaryImageOfPage\":{\"@id\":\"https:\\\/\\\/uszczelnianie.com.pl\\\/de\\\/produkt\\\/teichfolie-15mm-dunkelgrun\\\/#primaryimage\"},\"image\":{\"@id\":\"https:\\\/\\\/uszczelnianie.com.pl\\\/de\\\/produkt\\\/teichfolie-15mm-dunkelgrun\\\/#primaryimage\"},\"thumbnailUrl\":\"https:\\\/\\\/uszczelnianie.com.pl\\\/wp-content\\\/uploads\\\/1970\\\/01\\\/20250626_095219.jpg\",\"datePublished\":\"2025-09-02T08:38:44+00:00\",\"dateModified\":\"2025-09-02T09:01:47+00:00\",\"breadcrumb\":{\"@id\":\"https:\\\/\\\/uszczelnianie.com.pl\\\/de\\\/produkt\\\/teichfolie-15mm-dunkelgrun\\\/#breadcrumb\"},\"inLanguage\":\"de\",\"potentialAction\":[{\"@type\":\"ReadAction\",\"target\":[\"https:\\\/\\\/uszczelnianie.com.pl\\\/de\\\/produkt\\\/teichfolie-15mm-dunkelgrun\\\/\"]}]},{\"@type\":\"ImageObject\",\"inLanguage\":\"de\",\"@id\":\"https:\\\/\\\/uszczelnianie.com.pl\\\/de\\\/produkt\\\/teichfolie-15mm-dunkelgrun\\\/#primaryimage\",\"url\":\"https:\\\/\\\/uszczelnianie.com.pl\\\/wp-content\\\/uploads\\\/1970\\\/01\\\/20250626_095219.jpg\",\"contentUrl\":\"https:\\\/\\\/uszczelnianie.com.pl\\\/wp-content\\\/uploads\\\/1970\\\/01\\\/20250626_095219.jpg\",\"width\":1887,\"height\":1819},{\"@type\":\"BreadcrumbList\",\"@id\":\"https:\\\/\\\/uszczelnianie.com.pl\\\/de\\\/produkt\\\/teichfolie-15mm-dunkelgrun\\\/#breadcrumb\",\"itemListElement\":[{\"@type\":\"ListItem\",\"position\":1,\"name\":\"Strona g\u0142\u00f3wna\",\"item\":\"https:\\\/\\\/uszczelnianie.com.pl\\\/de\\\/\"},{\"@type\":\"ListItem\",\"position\":2,\"name\":\"Online shop\",\"item\":\"https:\\\/\\\/uszczelnianie.com.pl\\\/de\\\/online-shop\\\/\"},{\"@type\":\"ListItem\",\"position\":3,\"name\":\"Teichfolie 1,5mm dunkelgr\u00fcn\"}]},{\"@type\":\"WebSite\",\"@id\":\"https:\\\/\\\/uszczelnianie.com.pl\\\/#website\",\"url\":\"https:\\\/\\\/uszczelnianie.com.pl\\\/\",\"name\":\"Izomar\",\"description\":\"Zajmujemy si\u0119 sprzeda\u017c\u0105 wysokiej jako\u015bci folii do oczek wodnych, folii budowlanych oraz folii olejoodpornych. Wejd\u017a i zobacz nasze produkty! | uszczelnianie.com.pl\",\"publisher\":{\"@id\":\"https:\\\/\\\/uszczelnianie.com.pl\\\/#organization\"},\"potentialAction\":[{\"@type\":\"SearchAction\",\"target\":{\"@type\":\"EntryPoint\",\"urlTemplate\":\"https:\\\/\\\/uszczelnianie.com.pl\\\/?s={search_term_string}\"},\"query-input\":{\"@type\":\"PropertyValueSpecification\",\"valueRequired\":true,\"valueName\":\"search_term_string\"}}],\"inLanguage\":\"de\"},{\"@type\":\"Organization\",\"@id\":\"https:\\\/\\\/uszczelnianie.com.pl\\\/#organization\",\"name\":\"Izomar\",\"url\":\"https:\\\/\\\/uszczelnianie.com.pl\\\/\",\"logo\":{\"@type\":\"ImageObject\",\"inLanguage\":\"de\",\"@id\":\"https:\\\/\\\/uszczelnianie.com.pl\\\/#\\\/schema\\\/logo\\\/image\\\/\",\"url\":\"https:\\\/\\\/uszczelnianie.com.pl\\\/wp-content\\\/uploads\\\/2023\\\/03\\\/image-1024x293-1.png\",\"contentUrl\":\"https:\\\/\\\/uszczelnianie.com.pl\\\/wp-content\\\/uploads\\\/2023\\\/03\\\/image-1024x293-1.png\",\"width\":1024,\"height\":293,\"caption\":\"Izomar\"},\"image\":{\"@id\":\"https:\\\/\\\/uszczelnianie.com.pl\\\/#\\\/schema\\\/logo\\\/image\\\/\"}}]}<\/script>\n<!-- \/ Yoast SEO plugin. -->","yoast_head_json":{"title":"Teichfolie 1,5mm dunkelgr\u00fcn | Izomar","robots":{"index":"index","follow":"follow","max-snippet":"max-snippet:-1","max-image-preview":"max-image-preview:large","max-video-preview":"max-video-preview:-1"},"canonical":"https:\/\/uszczelnianie.com.pl\/de\/produkt\/teichfolie-15mm-dunkelgrun\/","og_locale":"de_DE","og_type":"article","og_title":"Teichfolie 1,5mm dunkelgr\u00fcn | Izomar","og_description":"HINWEIS: Die Vorlaufzeit f\u00fcr diese PVC-Folie betr\u00e4gt ca. 3-6 Arbeitstage + Kurierlieferzeit. Bitte geben Sie unten die Abmessungen des Foliens an (in vollen Metern)","og_url":"https:\/\/uszczelnianie.com.pl\/de\/produkt\/teichfolie-15mm-dunkelgrun\/","og_site_name":"Izomar - Folia do oczek wodnych","article_modified_time":"2025-09-02T09:01:47+00:00","og_image":[{"width":1887,"height":1819,"url":"https:\/\/uszczelnianie.com.pl\/wp-content\/uploads\/1970\/01\/20250626_095219.jpg","type":"image\/jpeg"}],"twitter_card":"summary_large_image","twitter_misc":{"Gesch\u00e4tzte Lesezeit":"2\u00a0Minuten"},"schema":{"@context":"https:\/\/schema.org","@graph":[{"@type":"WebPage","@id":"https:\/\/uszczelnianie.com.pl\/de\/produkt\/teichfolie-15mm-dunkelgrun\/","url":"https:\/\/uszczelnianie.com.pl\/de\/produkt\/teichfolie-15mm-dunkelgrun\/","name":"Teichfolie 1,5mm dunkelgr\u00fcn | Izomar","isPartOf":{"@id":"https:\/\/uszczelnianie.com.pl\/#website"},"primaryImageOfPage":{"@id":"https:\/\/uszczelnianie.com.pl\/de\/produkt\/teichfolie-15mm-dunkelgrun\/#primaryimage"},"image":{"@id":"https:\/\/uszczelnianie.com.pl\/de\/produkt\/teichfolie-15mm-dunkelgrun\/#primaryimage"},"thumbnailUrl":"https:\/\/uszczelnianie.com.pl\/wp-content\/uploads\/1970\/01\/20250626_095219.jpg","datePublished":"2025-09-02T08:38:44+00:00","dateModified":"2025-09-02T09:01:47+00:00","breadcrumb":{"@id":"https:\/\/uszczelnianie.com.pl\/de\/produkt\/teichfolie-15mm-dunkelgrun\/#breadcrumb"},"inLanguage":"de","potentialAction":[{"@type":"ReadAction","target":["https:\/\/uszczelnianie.com.pl\/de\/produkt\/teichfolie-15mm-dunkelgrun\/"]}]},{"@type":"ImageObject","inLanguage":"de","@id":"https:\/\/uszczelnianie.com.pl\/de\/produkt\/teichfolie-15mm-dunkelgrun\/#primaryimage","url":"https:\/\/uszczelnianie.com.pl\/wp-content\/uploads\/1970\/01\/20250626_095219.jpg","contentUrl":"https:\/\/uszczelnianie.com.pl\/wp-content\/uploads\/1970\/01\/20250626_095219.jpg","width":1887,"height":1819},{"@type":"BreadcrumbList","@id":"https:\/\/uszczelnianie.com.pl\/de\/produkt\/teichfolie-15mm-dunkelgrun\/#breadcrumb","itemListElement":[{"@type":"ListItem","position":1,"name":"Strona g\u0142\u00f3wna","item":"https:\/\/uszczelnianie.com.pl\/de\/"},{"@type":"ListItem","position":2,"name":"Online shop","item":"https:\/\/uszczelnianie.com.pl\/de\/online-shop\/"},{"@type":"ListItem","position":3,"name":"Teichfolie 1,5mm dunkelgr\u00fcn"}]},{"@type":"WebSite","@id":"https:\/\/uszczelnianie.com.pl\/#website","url":"https:\/\/uszczelnianie.com.pl\/","name":"Izomar","description":"Zajmujemy si\u0119 sprzeda\u017c\u0105 wysokiej jako\u015bci folii do oczek wodnych, folii budowlanych oraz folii olejoodpornych. Wejd\u017a i zobacz nasze produkty! | uszczelnianie.com.pl","publisher":{"@id":"https:\/\/uszczelnianie.com.pl\/#organization"},"potentialAction":[{"@type":"SearchAction","target":{"@type":"EntryPoint","urlTemplate":"https:\/\/uszczelnianie.com.pl\/?s={search_term_string}"},"query-input":{"@type":"PropertyValueSpecification","valueRequired":true,"valueName":"search_term_string"}}],"inLanguage":"de"},{"@type":"Organization","@id":"https:\/\/uszczelnianie.com.pl\/#organization","name":"Izomar","url":"https:\/\/uszczelnianie.com.pl\/","logo":{"@type":"ImageObject","inLanguage":"de","@id":"https:\/\/uszczelnianie.com.pl\/#\/schema\/logo\/image\/","url":"https:\/\/uszczelnianie.com.pl\/wp-content\/uploads\/2023\/03\/image-1024x293-1.png","contentUrl":"https:\/\/uszczelnianie.com.pl\/wp-content\/uploads\/2023\/03\/image-1024x293-1.png","width":1024,"height":293,"caption":"Izomar"},"image":{"@id":"https:\/\/uszczelnianie.com.pl\/#\/schema\/logo\/image\/"}}]}},"taxonomy_info":{"product_cat":[{"value":75,"label":"Teichfolie"}]},"featured_image_src_large":["https:\/\/uszczelnianie.com.pl\/wp-content\/uploads\/1970\/01\/20250626_095219-1024x987.jpg",1024,987,true],"author_info":[],"comment_info":"","_links":{"self":[{"href":"https:\/\/uszczelnianie.com.pl\/de\/wp-json\/wp\/v2\/product\/17079","targetHints":{"allow":["GET"]}}],"collection":[{"href":"https:\/\/uszczelnianie.com.pl\/de\/wp-json\/wp\/v2\/product"}],"about":[{"href":"https:\/\/uszczelnianie.com.pl\/de\/wp-json\/wp\/v2\/types\/product"}],"wp:featuredmedia":[{"embeddable":true,"href":"https:\/\/uszczelnianie.com.pl\/de\/wp-json\/wp\/v2\/media\/16060"}],"wp:attachment":[{"href":"https:\/\/uszczelnianie.com.pl\/de\/wp-json\/wp\/v2\/media?parent=17079"}],"wp:term":[{"taxonomy":"product_brand","embeddable":true,"href":"https:\/\/uszczelnianie.com.pl\/de\/wp-json\/wp\/v2\/product_brand?post=17079"},{"taxonomy":"product_cat","embeddable":true,"href":"https:\/\/uszczelnianie.com.pl\/de\/wp-json\/wp\/v2\/product_cat?post=17079"},{"taxonomy":"product_tag","embeddable":true,"href":"https:\/\/uszczelnianie.com.pl\/de\/wp-json\/wp\/v2\/product_tag?post=17079"}],"curies":[{"name":"wp","href":"https:\/\/api.w.org\/{rel}","templated":true}]}}