{"id":208,"date":"2022-11-18T14:50:30","date_gmt":"2022-11-18T13:50:30","guid":{"rendered":"https:\/\/uszczelnianie.com.pl\/index.php\/contact\/"},"modified":"2023-08-10T15:46:29","modified_gmt":"2023-08-10T13:46:29","slug":"contact","status":"publish","type":"page","link":"https:\/\/uszczelnianie.com.pl\/en\/contact\/","title":{"rendered":"Contact"},"content":{"rendered":"<style>.kb-row-layout-id208_15b468-16 > .kt-row-column-wrap{align-content:start;}:where(.kb-row-layout-id208_15b468-16 > .kt-row-column-wrap) > .wp-block-kadence-column{justify-content:start;}.kb-row-layout-id208_15b468-16 > .kt-row-column-wrap{column-gap:var(--global-kb-gap-md, 2rem);row-gap:var(--global-kb-gap-md, 2rem);padding-top:var(--global-kb-spacing-sm, 1.5rem);padding-bottom:var(--global-kb-spacing-sm, 1.5rem);grid-template-columns:minmax(0, 2fr) minmax(0, 1fr);}.kb-row-layout-id208_15b468-16 > .kt-row-layout-overlay{opacity:0.30;}@media all and (max-width: 1024px){.kb-row-layout-id208_15b468-16 > .kt-row-column-wrap{grid-template-columns:minmax(0, 2fr) minmax(0, 1fr);}}@media all and (max-width: 767px){.kb-row-layout-id208_15b468-16 > .kt-row-column-wrap{grid-template-columns:minmax(0, 1fr);}}<\/style><div class=\"kb-row-layout-wrap kb-row-layout-id208_15b468-16 alignnone wp-block-kadence-rowlayout\"><div class=\"kt-row-column-wrap kt-has-2-columns kt-row-layout-left-golden kt-tab-layout-inherit kt-mobile-layout-row kt-row-valign-top\">\n<style>.kadence-column208_9260c5-f0 > .kt-inside-inner-col,.kadence-column208_9260c5-f0 > .kt-inside-inner-col:before{border-top-left-radius:0px;border-top-right-radius:0px;border-bottom-right-radius:0px;border-bottom-left-radius:0px;}.kadence-column208_9260c5-f0 > .kt-inside-inner-col{column-gap:var(--global-kb-gap-sm, 1rem);}.kadence-column208_9260c5-f0 > .kt-inside-inner-col{flex-direction:column;}.kadence-column208_9260c5-f0 > .kt-inside-inner-col > .aligncenter{width:100%;}.kadence-column208_9260c5-f0 > .kt-inside-inner-col:before{opacity:0.3;}.kadence-column208_9260c5-f0{position:relative;}@media all and (max-width: 1024px){.kadence-column208_9260c5-f0 > .kt-inside-inner-col{flex-direction:column;justify-content:center;}}@media all and (max-width: 767px){.kadence-column208_9260c5-f0 > .kt-inside-inner-col{flex-direction:column;justify-content:center;}}<\/style>\n<div class=\"wp-block-kadence-column kadence-column208_9260c5-f0 inner-column-1\"><div class=\"kt-inside-inner-col\">\n<div class=\"wp-block-contact-form-7-contact-form-selector\">\n<div class=\"wpcf7 no-js\" id=\"wpcf7-f8138-o1\" lang=\"pl-PL\" dir=\"ltr\" data-wpcf7-id=\"8138\">\n<div class=\"screen-reader-response\"><p role=\"status\" aria-live=\"polite\" aria-atomic=\"true\"><\/p> <ul><\/ul><\/div>\n<form action=\"\/en\/wp-json\/wp\/v2\/pages\/208#wpcf7-f8138-o1\" method=\"post\" class=\"wpcf7-form init\" aria-label=\"Formularz kontaktowy\" enctype=\"multipart\/form-data\" novalidate=\"novalidate\" data-status=\"init\">\n<fieldset class=\"hidden-fields-container\"><input type=\"hidden\" name=\"_wpcf7\" value=\"8138\" \/><input type=\"hidden\" name=\"_wpcf7_version\" value=\"6.1.5\" \/><input type=\"hidden\" name=\"_wpcf7_locale\" value=\"pl_PL\" \/><input type=\"hidden\" name=\"_wpcf7_unit_tag\" value=\"wpcf7-f8138-o1\" \/><input type=\"hidden\" name=\"_wpcf7_container_post\" value=\"0\" \/><input type=\"hidden\" name=\"_wpcf7_posted_data_hash\" value=\"\" \/><input type=\"hidden\" name=\"_wpcf7_recaptcha_response\" value=\"\" \/>\n<\/fieldset>\n<p>Name (required)\n<\/p>\n<p><span class=\"wpcf7-form-control-wrap\" data-name=\"your-name\"><input size=\"40\" maxlength=\"400\" class=\"wpcf7-form-control wpcf7-text wpcf7-validates-as-required\" aria-required=\"true\" aria-invalid=\"false\" value=\"\" type=\"text\" name=\"your-name\" \/><\/span>\n<\/p>\n<p>Email address (required)\n<\/p>\n<p><span class=\"wpcf7-form-control-wrap\" data-name=\"your-email\"><input size=\"40\" maxlength=\"400\" class=\"wpcf7-form-control wpcf7-email wpcf7-validates-as-required wpcf7-text wpcf7-validates-as-email\" aria-required=\"true\" aria-invalid=\"false\" value=\"\" type=\"email\" name=\"your-email\" \/><\/span>\n<\/p>\n<p>Phone number\n<\/p>\n<p><span class=\"wpcf7-form-control-wrap\" data-name=\"tel-49\"><input size=\"40\" maxlength=\"400\" class=\"wpcf7-form-control wpcf7-tel wpcf7-text wpcf7-validates-as-tel\" aria-invalid=\"false\" value=\"\" type=\"tel\" name=\"tel-49\" \/><\/span>\n<\/p>\n<p>Subject (required)\n<\/p>\n<p><span class=\"wpcf7-form-control-wrap\" data-name=\"your-subject\"><input size=\"40\" maxlength=\"400\" class=\"wpcf7-form-control wpcf7-text wpcf7-validates-as-required\" aria-required=\"true\" aria-invalid=\"false\" value=\"\" type=\"text\" name=\"your-subject\" \/><\/span>\n<\/p>\n<p>Message content\n<\/p>\n<p><span class=\"wpcf7-form-control-wrap\" data-name=\"your-message\"><textarea cols=\"40\" rows=\"10\" maxlength=\"2000\" class=\"wpcf7-form-control wpcf7-textarea\" aria-invalid=\"false\" name=\"your-message\"><\/textarea><\/span>\n<\/p>\n<p><span class=\"wpcf7-form-control-wrap\" data-name=\"file-778\"><input size=\"40\" class=\"wpcf7-form-control wpcf7-file\" accept=\"audio\/*,video\/*,image\/*\" aria-invalid=\"false\" type=\"file\" name=\"file-778\" \/><\/span>\n<\/p>\n<p><span class=\"wpcf7-form-control-wrap\" data-name=\"acceptance-668\"><span class=\"wpcf7-form-control wpcf7-acceptance\"><span class=\"wpcf7-list-item\"><label><input type=\"checkbox\" name=\"acceptance-668\" value=\"1\" aria-invalid=\"false\" \/><span class=\"wpcf7-list-item-label\"><span style=\"font-size:14px!important\">I accept <a href=\"https:\/\/uszczelnianie.com.pl\/regulamin\/\" target=\"_blank\">Privacy Policy*<\/a><\/span><\/span><\/label><\/span><\/span><\/span>\n<\/p>\n\n<p><input class=\"wpcf7-form-control wpcf7-submit has-spinner\" type=\"submit\" value=\"Send\" \/>\n<\/p><div class=\"wpcf7-response-output\" aria-hidden=\"true\"><\/div>\n<\/form>\n<\/div>\n<\/div>\n<\/div><\/div>\n\n\n<style>.kadence-column208_01896a-70 > .kt-inside-inner-col,.kadence-column208_01896a-70 > .kt-inside-inner-col:before{border-top-left-radius:0px;border-top-right-radius:0px;border-bottom-right-radius:0px;border-bottom-left-radius:0px;}.kadence-column208_01896a-70 > .kt-inside-inner-col{column-gap:var(--global-kb-gap-sm, 1rem);}.kadence-column208_01896a-70 > .kt-inside-inner-col{flex-direction:column;}.kadence-column208_01896a-70 > .kt-inside-inner-col > .aligncenter{width:100%;}.kadence-column208_01896a-70 > .kt-inside-inner-col:before{opacity:0.3;}.kadence-column208_01896a-70{position:relative;}@media all and (max-width: 1024px){.kadence-column208_01896a-70 > .kt-inside-inner-col{flex-direction:column;justify-content:center;}}@media all and (max-width: 767px){.kadence-column208_01896a-70 > .kt-inside-inner-col{flex-direction:column;justify-content:center;}}<\/style>\n<div class=\"wp-block-kadence-column kadence-column208_01896a-70 inner-column-2\"><div class=\"kt-inside-inner-col\">\n<figure class=\"wp-block-image size-large\"><a href=\"https:\/\/uszczelnianie.com.pl\/wp-content\/uploads\/2023\/03\/image-1024x293-1.png\"><img decoding=\"async\" src=\"https:\/\/uszczelnianie.com.pl\/wp-content\/uploads\/2023\/03\/image-1024x293-1.png\" alt=\"\" class=\"wp-image-17667\"\/><\/a><\/figure>\n\n\n<style>.wp-block-kadence-advancedheading.kt-adv-heading208_1d01b1-64, .wp-block-kadence-advancedheading.kt-adv-heading208_1d01b1-64[data-kb-block=\"kb-adv-heading208_1d01b1-64\"]{text-align:center;font-size:25px;font-style:normal;}.wp-block-kadence-advancedheading.kt-adv-heading208_1d01b1-64 mark.kt-highlight, .wp-block-kadence-advancedheading.kt-adv-heading208_1d01b1-64[data-kb-block=\"kb-adv-heading208_1d01b1-64\"] mark.kt-highlight{font-style:normal;color:#f76a0c;-webkit-box-decoration-break:clone;box-decoration-break:clone;padding-top:0px;padding-right:0px;padding-bottom:0px;padding-left:0px;}.wp-block-kadence-advancedheading.kt-adv-heading208_1d01b1-64 img.kb-inline-image, .wp-block-kadence-advancedheading.kt-adv-heading208_1d01b1-64[data-kb-block=\"kb-adv-heading208_1d01b1-64\"] img.kb-inline-image{width:150px;vertical-align:baseline;}<\/style>\n<p class=\"kt-adv-heading208_1d01b1-64 wp-block-kadence-advancedheading\" data-kb-block=\"kb-adv-heading208_1d01b1-64\">Contact<br><br>Email:&nbsp;<a href=\"mailto:izomar@uszczelnianie.com.pl\">izomar@uszczelnianie.com.pl<\/a><\/p>\n<\/div><\/div>\n\n<\/div><\/div>","protected":false},"excerpt":{"rendered":"<p>Contact Email:&nbsp;izomar@uszczelnianie.com.pl<\/p>\n","protected":false},"author":1,"featured_media":188,"parent":0,"menu_order":0,"comment_status":"closed","ping_status":"closed","template":"","meta":{"_kad_blocks_custom_css":"","_kad_blocks_head_custom_js":"","_kad_blocks_body_custom_js":"","_kad_blocks_footer_custom_js":"","_kad_post_transparent":"","_kad_post_title":"","_kad_post_layout":"","_kad_post_sidebar_id":"","_kad_post_content_style":"","_kad_post_vertical_padding":"","_kad_post_feature":"","_kad_post_feature_position":"","_kad_post_header":false,"_kad_post_footer":false,"_kad_post_classname":"","footnotes":""},"class_list":["post-208","page","type-page","status-publish","has-post-thumbnail","hentry"],"yoast_head":"<!-- This site is optimized with the Yoast SEO plugin v27.4 - https:\/\/yoast.com\/product\/yoast-seo-wordpress\/ -->\n<title>Contact - Izomar<\/title>\n<meta name=\"robots\" content=\"index, follow, max-snippet:-1, max-image-preview:large, max-video-preview:-1\" \/>\n<link rel=\"canonical\" href=\"https:\/\/uszczelnianie.com.pl\/en\/contact\/\" \/>\n<meta property=\"og:locale\" content=\"en_US\" \/>\n<meta property=\"og:type\" content=\"article\" \/>\n<meta property=\"og:title\" content=\"Contact - Izomar\" \/>\n<meta property=\"og:description\" content=\"Contact Email:&nbsp;izomar@uszczelnianie.com.pl\" \/>\n<meta property=\"og:url\" content=\"https:\/\/uszczelnianie.com.pl\/en\/contact\/\" \/>\n<meta property=\"og:site_name\" content=\"Izomar - Folia do oczek wodnych\" \/>\n<meta property=\"article:modified_time\" content=\"2023-08-10T13:46:29+00:00\" \/>\n<meta property=\"og:image\" content=\"https:\/\/uszczelnianie.com.pl\/wp-content\/uploads\/2023\/03\/image.png\" \/>\n\t<meta property=\"og:image:width\" content=\"5000\" \/>\n\t<meta property=\"og:image:height\" content=\"1433\" \/>\n\t<meta property=\"og:image:type\" content=\"image\/png\" \/>\n<meta name=\"twitter:card\" content=\"summary_large_image\" \/>\n<meta name=\"twitter:label1\" content=\"Est. reading time\" \/>\n\t<meta name=\"twitter:data1\" content=\"1 minute\" \/>\n<script type=\"application\/ld+json\" class=\"yoast-schema-graph\">{\"@context\":\"https:\\\/\\\/schema.org\",\"@graph\":[{\"@type\":\"WebPage\",\"@id\":\"https:\\\/\\\/uszczelnianie.com.pl\\\/en\\\/contact\\\/\",\"url\":\"https:\\\/\\\/uszczelnianie.com.pl\\\/en\\\/contact\\\/\",\"name\":\"Contact - Izomar\",\"isPartOf\":{\"@id\":\"https:\\\/\\\/uszczelnianie.com.pl\\\/#website\"},\"primaryImageOfPage\":{\"@id\":\"https:\\\/\\\/uszczelnianie.com.pl\\\/en\\\/contact\\\/#primaryimage\"},\"image\":{\"@id\":\"https:\\\/\\\/uszczelnianie.com.pl\\\/en\\\/contact\\\/#primaryimage\"},\"thumbnailUrl\":\"https:\\\/\\\/uszczelnianie.com.pl\\\/wp-content\\\/uploads\\\/2023\\\/03\\\/image.png\",\"datePublished\":\"2022-11-18T13:50:30+00:00\",\"dateModified\":\"2023-08-10T13:46:29+00:00\",\"breadcrumb\":{\"@id\":\"https:\\\/\\\/uszczelnianie.com.pl\\\/en\\\/contact\\\/#breadcrumb\"},\"inLanguage\":\"en-US\",\"potentialAction\":[{\"@type\":\"ReadAction\",\"target\":[\"https:\\\/\\\/uszczelnianie.com.pl\\\/en\\\/contact\\\/\"]}]},{\"@type\":\"ImageObject\",\"inLanguage\":\"en-US\",\"@id\":\"https:\\\/\\\/uszczelnianie.com.pl\\\/en\\\/contact\\\/#primaryimage\",\"url\":\"https:\\\/\\\/uszczelnianie.com.pl\\\/wp-content\\\/uploads\\\/2023\\\/03\\\/image.png\",\"contentUrl\":\"https:\\\/\\\/uszczelnianie.com.pl\\\/wp-content\\\/uploads\\\/2023\\\/03\\\/image.png\",\"width\":5000,\"height\":1433},{\"@type\":\"BreadcrumbList\",\"@id\":\"https:\\\/\\\/uszczelnianie.com.pl\\\/en\\\/contact\\\/#breadcrumb\",\"itemListElement\":[{\"@type\":\"ListItem\",\"position\":1,\"name\":\"Strona g\u0142\u00f3wna\",\"item\":\"https:\\\/\\\/uszczelnianie.com.pl\\\/en\\\/about-us\\\/\"},{\"@type\":\"ListItem\",\"position\":2,\"name\":\"Contact\"}]},{\"@type\":\"WebSite\",\"@id\":\"https:\\\/\\\/uszczelnianie.com.pl\\\/#website\",\"url\":\"https:\\\/\\\/uszczelnianie.com.pl\\\/\",\"name\":\"Izomar\",\"description\":\"Zajmujemy si\u0119 sprzeda\u017c\u0105 wysokiej jako\u015bci folii do oczek wodnych, folii budowlanych oraz folii olejoodpornych. Wejd\u017a i zobacz nasze produkty! | uszczelnianie.com.pl\",\"publisher\":{\"@id\":\"https:\\\/\\\/uszczelnianie.com.pl\\\/#organization\"},\"potentialAction\":[{\"@type\":\"SearchAction\",\"target\":{\"@type\":\"EntryPoint\",\"urlTemplate\":\"https:\\\/\\\/uszczelnianie.com.pl\\\/?s={search_term_string}\"},\"query-input\":{\"@type\":\"PropertyValueSpecification\",\"valueRequired\":true,\"valueName\":\"search_term_string\"}}],\"inLanguage\":\"en-US\"},{\"@type\":\"Organization\",\"@id\":\"https:\\\/\\\/uszczelnianie.com.pl\\\/#organization\",\"name\":\"Izomar\",\"url\":\"https:\\\/\\\/uszczelnianie.com.pl\\\/\",\"logo\":{\"@type\":\"ImageObject\",\"inLanguage\":\"en-US\",\"@id\":\"https:\\\/\\\/uszczelnianie.com.pl\\\/#\\\/schema\\\/logo\\\/image\\\/\",\"url\":\"https:\\\/\\\/uszczelnianie.com.pl\\\/wp-content\\\/uploads\\\/2023\\\/03\\\/image-1024x293-1.png\",\"contentUrl\":\"https:\\\/\\\/uszczelnianie.com.pl\\\/wp-content\\\/uploads\\\/2023\\\/03\\\/image-1024x293-1.png\",\"width\":1024,\"height\":293,\"caption\":\"Izomar\"},\"image\":{\"@id\":\"https:\\\/\\\/uszczelnianie.com.pl\\\/#\\\/schema\\\/logo\\\/image\\\/\"}}]}<\/script>\n<!-- \/ Yoast SEO plugin. -->","yoast_head_json":{"title":"Contact - Izomar","robots":{"index":"index","follow":"follow","max-snippet":"max-snippet:-1","max-image-preview":"max-image-preview:large","max-video-preview":"max-video-preview:-1"},"canonical":"https:\/\/uszczelnianie.com.pl\/en\/contact\/","og_locale":"en_US","og_type":"article","og_title":"Contact - Izomar","og_description":"Contact Email:&nbsp;izomar@uszczelnianie.com.pl","og_url":"https:\/\/uszczelnianie.com.pl\/en\/contact\/","og_site_name":"Izomar - Folia do oczek wodnych","article_modified_time":"2023-08-10T13:46:29+00:00","og_image":[{"width":5000,"height":1433,"url":"https:\/\/uszczelnianie.com.pl\/wp-content\/uploads\/2023\/03\/image.png","type":"image\/png"}],"twitter_card":"summary_large_image","twitter_misc":{"Est. reading time":"1 minute"},"schema":{"@context":"https:\/\/schema.org","@graph":[{"@type":"WebPage","@id":"https:\/\/uszczelnianie.com.pl\/en\/contact\/","url":"https:\/\/uszczelnianie.com.pl\/en\/contact\/","name":"Contact - Izomar","isPartOf":{"@id":"https:\/\/uszczelnianie.com.pl\/#website"},"primaryImageOfPage":{"@id":"https:\/\/uszczelnianie.com.pl\/en\/contact\/#primaryimage"},"image":{"@id":"https:\/\/uszczelnianie.com.pl\/en\/contact\/#primaryimage"},"thumbnailUrl":"https:\/\/uszczelnianie.com.pl\/wp-content\/uploads\/2023\/03\/image.png","datePublished":"2022-11-18T13:50:30+00:00","dateModified":"2023-08-10T13:46:29+00:00","breadcrumb":{"@id":"https:\/\/uszczelnianie.com.pl\/en\/contact\/#breadcrumb"},"inLanguage":"en-US","potentialAction":[{"@type":"ReadAction","target":["https:\/\/uszczelnianie.com.pl\/en\/contact\/"]}]},{"@type":"ImageObject","inLanguage":"en-US","@id":"https:\/\/uszczelnianie.com.pl\/en\/contact\/#primaryimage","url":"https:\/\/uszczelnianie.com.pl\/wp-content\/uploads\/2023\/03\/image.png","contentUrl":"https:\/\/uszczelnianie.com.pl\/wp-content\/uploads\/2023\/03\/image.png","width":5000,"height":1433},{"@type":"BreadcrumbList","@id":"https:\/\/uszczelnianie.com.pl\/en\/contact\/#breadcrumb","itemListElement":[{"@type":"ListItem","position":1,"name":"Strona g\u0142\u00f3wna","item":"https:\/\/uszczelnianie.com.pl\/en\/about-us\/"},{"@type":"ListItem","position":2,"name":"Contact"}]},{"@type":"WebSite","@id":"https:\/\/uszczelnianie.com.pl\/#website","url":"https:\/\/uszczelnianie.com.pl\/","name":"Izomar","description":"Zajmujemy si\u0119 sprzeda\u017c\u0105 wysokiej jako\u015bci folii do oczek wodnych, folii budowlanych oraz folii olejoodpornych. Wejd\u017a i zobacz nasze produkty! | uszczelnianie.com.pl","publisher":{"@id":"https:\/\/uszczelnianie.com.pl\/#organization"},"potentialAction":[{"@type":"SearchAction","target":{"@type":"EntryPoint","urlTemplate":"https:\/\/uszczelnianie.com.pl\/?s={search_term_string}"},"query-input":{"@type":"PropertyValueSpecification","valueRequired":true,"valueName":"search_term_string"}}],"inLanguage":"en-US"},{"@type":"Organization","@id":"https:\/\/uszczelnianie.com.pl\/#organization","name":"Izomar","url":"https:\/\/uszczelnianie.com.pl\/","logo":{"@type":"ImageObject","inLanguage":"en-US","@id":"https:\/\/uszczelnianie.com.pl\/#\/schema\/logo\/image\/","url":"https:\/\/uszczelnianie.com.pl\/wp-content\/uploads\/2023\/03\/image-1024x293-1.png","contentUrl":"https:\/\/uszczelnianie.com.pl\/wp-content\/uploads\/2023\/03\/image-1024x293-1.png","width":1024,"height":293,"caption":"Izomar"},"image":{"@id":"https:\/\/uszczelnianie.com.pl\/#\/schema\/logo\/image\/"}}]}},"taxonomy_info":[],"featured_image_src_large":["https:\/\/uszczelnianie.com.pl\/wp-content\/uploads\/2023\/03\/image-1024x293.png",1024,293,true],"author_info":{"display_name":"admin","author_link":"https:\/\/uszczelnianie.com.pl\/en\/author\/admin\/"},"comment_info":0,"_links":{"self":[{"href":"https:\/\/uszczelnianie.com.pl\/en\/wp-json\/wp\/v2\/pages\/208","targetHints":{"allow":["GET"]}}],"collection":[{"href":"https:\/\/uszczelnianie.com.pl\/en\/wp-json\/wp\/v2\/pages"}],"about":[{"href":"https:\/\/uszczelnianie.com.pl\/en\/wp-json\/wp\/v2\/types\/page"}],"author":[{"embeddable":true,"href":"https:\/\/uszczelnianie.com.pl\/en\/wp-json\/wp\/v2\/users\/1"}],"replies":[{"embeddable":true,"href":"https:\/\/uszczelnianie.com.pl\/en\/wp-json\/wp\/v2\/comments?post=208"}],"version-history":[{"count":3,"href":"https:\/\/uszczelnianie.com.pl\/en\/wp-json\/wp\/v2\/pages\/208\/revisions"}],"predecessor-version":[{"id":8139,"href":"https:\/\/uszczelnianie.com.pl\/en\/wp-json\/wp\/v2\/pages\/208\/revisions\/8139"}],"wp:featuredmedia":[{"embeddable":true,"href":"https:\/\/uszczelnianie.com.pl\/en\/wp-json\/wp\/v2\/media\/188"}],"wp:attachment":[{"href":"https:\/\/uszczelnianie.com.pl\/en\/wp-json\/wp\/v2\/media?parent=208"}],"curies":[{"name":"wp","href":"https:\/\/api.w.org\/{rel}","templated":true}]}}