{"id":1316,"date":"2021-05-11T11:32:00","date_gmt":"2021-05-11T09:32:00","guid":{"rendered":"https:\/\/uszczelnianie.com.pl\/index.php\/produkt\/pond-foil-15mm-blue\/"},"modified":"2024-08-08T09:29:12","modified_gmt":"2024-08-08T07:29:12","slug":"pond-foil-15mm-blue","status":"publish","type":"product","link":"https:\/\/uszczelnianie.com.pl\/en\/produkt\/pond-foil-15mm-blue\/","title":{"rendered":"Pond foil 1,5mm blue"},"content":{"rendered":"<p>&nbsp;<\/p>\n<h2>Pond foil<\/h2>\n<p>We offer high-quality <strong><span style=\"color: #ff0000;\">PREMIUM<\/span><\/strong> foil for ponds, 1,5mm thick, blue. Our pond liner is a great choice for people who are building their pond. By choosing our product, you are guaranteed that you are buying high-quality foil that will meet your expectations and will serve for many years. The quality of the film is confirmed by appropriate approvals and a <span style=\"color: #ff0000;\">10-year WARRANTY<\/span>.<\/p>\n<p>&nbsp;<\/p>\n<p>Our film is made of pure granules without the addition of fillers *, which it is highly resistant to harsh weather conditions (including UV) and is highly resistant to tearing. If you do not want to change the foil in your beloved pond every 2-3 years, you&#8217;ve come to the right place.<\/p>\n<p>&nbsp;<\/p>\n<p>* the so-called fillers (chalk and other materials that are not PVC granules) are used by some companies to reduce film production costs. As a consequence, the produced foil is much less resistant to UV (solar radiation) and can easily tear. After a year, such foil becomes very stiff and begins to crack. Therefore, too low a price should arouse suspicion. We recommend that you request samples to be sent to test a piece of foil for tearing or cracking after taking it out of the freezer.<\/p>\n<p>&nbsp;<\/p>\n<p><strong><span style=\"color: #ff0000;\">Due to the high weight of the foil, we can deliver sheets up to 300m2 by courier.<\/span><\/strong> If you are interested in a larger size, we suggest:<br \/>\n1) foil with assembly service (priced individually)<br \/>\n2) foil in several sheets for self-connection with glue or welding machine (it is possible to rent a welding machine for a fee)<\/p>\n<p>Check out more products from the category of pond foil!<\/p>\n","protected":false},"excerpt":{"rendered":"<p><strong><span style=\"color: #ff0000\">NOTE<\/span><\/strong>: The lead time for this PVC film is approx. 3-6 working days + courier delivery time.<\/p>\n<p style=\"padding-left: 40px\">Please indicate the dimensions of the foil below ( in full metres)<\/p>\n","protected":false},"featured_media":2612,"template":"","meta":{"_kad_blocks_custom_css":"","_kad_blocks_head_custom_js":"","_kad_blocks_body_custom_js":"","_kad_blocks_footer_custom_js":"","_kad_post_transparent":"default","_kad_post_title":"","_kad_post_layout":"default","_kad_post_sidebar_id":"","_kad_post_content_style":"default","_kad_post_vertical_padding":"default","_kad_post_feature":"","_kad_post_feature_position":"","_kad_post_header":false,"_kad_post_footer":false,"_kad_post_classname":""},"product_brand":[],"product_cat":[93],"product_tag":[],"class_list":{"0":"post-1316","1":"product","2":"type-product","3":"status-publish","4":"has-post-thumbnail","6":"product_cat-pond-liner","8":"first","9":"outofstock","10":"sale","11":"taxable","12":"shipping-taxable","13":"purchasable","14":"product-type-simple","15":"entry","16":"content-bg","17":"loop-entry"},"exclude_global_add_ons":false,"addons":[{"name":"Additional service","type":"checkbox","position":0,"required":false,"title_format":"heading","default":"","description_enable":true,"description":"Express - Need your eyelet film urgently and the expected delivery date is too far away? Choose this option and we will do our best to dispatch your order within a maximum of 2 working days (counting from the day after you place and\/or pay for your order). If we are unable to meet this deadline, we will contact you to agree whether to cancel the order or just refund the cost of the express service. Cost of the service: +25% to the price of the product.","placeholder_enable":false,"placeholder":"","display":"select","restrictions_type":"any_text","adjust_price":false,"price":"","price_type":"flat_fee","restrictions":false,"min":"0","max":"0","options":[{"label":"Express","price":"25","price_type":"percentage_based","image":0,"visibility":true}],"id":1679934996}],"yoast_head":"<!-- This site is optimized with the Yoast SEO plugin v27.4 - https:\/\/yoast.com\/product\/yoast-seo-wordpress\/ -->\n<title>Pond foil 1,5mm blue | Izomar<\/title>\n<meta name=\"robots\" content=\"index, follow, max-snippet:-1, max-image-preview:large, max-video-preview:-1\" \/>\n<link rel=\"canonical\" href=\"https:\/\/uszczelnianie.com.pl\/en\/produkt\/pond-foil-15mm-blue\/\" \/>\n<meta property=\"og:locale\" content=\"en_US\" \/>\n<meta property=\"og:type\" content=\"article\" \/>\n<meta property=\"og:title\" content=\"Pond foil 1,5mm blue | Izomar\" \/>\n<meta property=\"og:description\" content=\"NOTE: The lead time for this PVC film is approx. 3-6 working days + courier delivery time.Please indicate the dimensions of the foil below ( in full metres)\" \/>\n<meta property=\"og:url\" content=\"https:\/\/uszczelnianie.com.pl\/en\/produkt\/pond-foil-15mm-blue\/\" \/>\n<meta property=\"og:site_name\" content=\"Izomar - Folia do oczek wodnych\" \/>\n<meta property=\"article:modified_time\" content=\"2024-08-08T07:29:12+00:00\" \/>\n<meta property=\"og:image\" content=\"https:\/\/uszczelnianie.com.pl\/wp-content\/uploads\/2023\/03\/20210511_124752.png\" \/>\n\t<meta property=\"og:image:width\" content=\"2241\" \/>\n\t<meta property=\"og:image:height\" content=\"1716\" \/>\n\t<meta property=\"og:image:type\" content=\"image\/png\" \/>\n<meta name=\"twitter:card\" content=\"summary_large_image\" \/>\n<meta name=\"twitter:label1\" content=\"Est. reading time\" \/>\n\t<meta name=\"twitter:data1\" content=\"2 minutes\" \/>\n<script type=\"application\/ld+json\" class=\"yoast-schema-graph\">{\"@context\":\"https:\\\/\\\/schema.org\",\"@graph\":[{\"@type\":\"WebPage\",\"@id\":\"https:\\\/\\\/uszczelnianie.com.pl\\\/en\\\/produkt\\\/pond-foil-15mm-blue\\\/\",\"url\":\"https:\\\/\\\/uszczelnianie.com.pl\\\/en\\\/produkt\\\/pond-foil-15mm-blue\\\/\",\"name\":\"Pond foil 1,5mm blue | Izomar\",\"isPartOf\":{\"@id\":\"https:\\\/\\\/uszczelnianie.com.pl\\\/#website\"},\"primaryImageOfPage\":{\"@id\":\"https:\\\/\\\/uszczelnianie.com.pl\\\/en\\\/produkt\\\/pond-foil-15mm-blue\\\/#primaryimage\"},\"image\":{\"@id\":\"https:\\\/\\\/uszczelnianie.com.pl\\\/en\\\/produkt\\\/pond-foil-15mm-blue\\\/#primaryimage\"},\"thumbnailUrl\":\"https:\\\/\\\/uszczelnianie.com.pl\\\/wp-content\\\/uploads\\\/2023\\\/03\\\/20210511_124752.png\",\"datePublished\":\"2021-05-11T09:32:00+00:00\",\"dateModified\":\"2024-08-08T07:29:12+00:00\",\"breadcrumb\":{\"@id\":\"https:\\\/\\\/uszczelnianie.com.pl\\\/en\\\/produkt\\\/pond-foil-15mm-blue\\\/#breadcrumb\"},\"inLanguage\":\"en-US\",\"potentialAction\":[{\"@type\":\"ReadAction\",\"target\":[\"https:\\\/\\\/uszczelnianie.com.pl\\\/en\\\/produkt\\\/pond-foil-15mm-blue\\\/\"]}]},{\"@type\":\"ImageObject\",\"inLanguage\":\"en-US\",\"@id\":\"https:\\\/\\\/uszczelnianie.com.pl\\\/en\\\/produkt\\\/pond-foil-15mm-blue\\\/#primaryimage\",\"url\":\"https:\\\/\\\/uszczelnianie.com.pl\\\/wp-content\\\/uploads\\\/2023\\\/03\\\/20210511_124752.png\",\"contentUrl\":\"https:\\\/\\\/uszczelnianie.com.pl\\\/wp-content\\\/uploads\\\/2023\\\/03\\\/20210511_124752.png\",\"width\":2241,\"height\":1716},{\"@type\":\"BreadcrumbList\",\"@id\":\"https:\\\/\\\/uszczelnianie.com.pl\\\/en\\\/produkt\\\/pond-foil-15mm-blue\\\/#breadcrumb\",\"itemListElement\":[{\"@type\":\"ListItem\",\"position\":1,\"name\":\"Strona g\u0142\u00f3wna\",\"item\":\"https:\\\/\\\/uszczelnianie.com.pl\\\/en\\\/about-us\\\/\"},{\"@type\":\"ListItem\",\"position\":2,\"name\":\"Shop\",\"item\":\"https:\\\/\\\/uszczelnianie.com.pl\\\/en\\\/shop\\\/\"},{\"@type\":\"ListItem\",\"position\":3,\"name\":\"Pond foil 1,5mm blue\"}]},{\"@type\":\"WebSite\",\"@id\":\"https:\\\/\\\/uszczelnianie.com.pl\\\/#website\",\"url\":\"https:\\\/\\\/uszczelnianie.com.pl\\\/\",\"name\":\"Izomar\",\"description\":\"Zajmujemy si\u0119 sprzeda\u017c\u0105 wysokiej jako\u015bci folii do oczek wodnych, folii budowlanych oraz folii olejoodpornych. Wejd\u017a i zobacz nasze produkty! | uszczelnianie.com.pl\",\"publisher\":{\"@id\":\"https:\\\/\\\/uszczelnianie.com.pl\\\/#organization\"},\"potentialAction\":[{\"@type\":\"SearchAction\",\"target\":{\"@type\":\"EntryPoint\",\"urlTemplate\":\"https:\\\/\\\/uszczelnianie.com.pl\\\/?s={search_term_string}\"},\"query-input\":{\"@type\":\"PropertyValueSpecification\",\"valueRequired\":true,\"valueName\":\"search_term_string\"}}],\"inLanguage\":\"en-US\"},{\"@type\":\"Organization\",\"@id\":\"https:\\\/\\\/uszczelnianie.com.pl\\\/#organization\",\"name\":\"Izomar\",\"url\":\"https:\\\/\\\/uszczelnianie.com.pl\\\/\",\"logo\":{\"@type\":\"ImageObject\",\"inLanguage\":\"en-US\",\"@id\":\"https:\\\/\\\/uszczelnianie.com.pl\\\/#\\\/schema\\\/logo\\\/image\\\/\",\"url\":\"https:\\\/\\\/uszczelnianie.com.pl\\\/wp-content\\\/uploads\\\/2023\\\/03\\\/image-1024x293-1.png\",\"contentUrl\":\"https:\\\/\\\/uszczelnianie.com.pl\\\/wp-content\\\/uploads\\\/2023\\\/03\\\/image-1024x293-1.png\",\"width\":1024,\"height\":293,\"caption\":\"Izomar\"},\"image\":{\"@id\":\"https:\\\/\\\/uszczelnianie.com.pl\\\/#\\\/schema\\\/logo\\\/image\\\/\"}}]}<\/script>\n<!-- \/ Yoast SEO plugin. -->","yoast_head_json":{"title":"Pond foil 1,5mm blue | Izomar","robots":{"index":"index","follow":"follow","max-snippet":"max-snippet:-1","max-image-preview":"max-image-preview:large","max-video-preview":"max-video-preview:-1"},"canonical":"https:\/\/uszczelnianie.com.pl\/en\/produkt\/pond-foil-15mm-blue\/","og_locale":"en_US","og_type":"article","og_title":"Pond foil 1,5mm blue | Izomar","og_description":"NOTE: The lead time for this PVC film is approx. 3-6 working days + courier delivery time.Please indicate the dimensions of the foil below ( in full metres)","og_url":"https:\/\/uszczelnianie.com.pl\/en\/produkt\/pond-foil-15mm-blue\/","og_site_name":"Izomar - Folia do oczek wodnych","article_modified_time":"2024-08-08T07:29:12+00:00","og_image":[{"width":2241,"height":1716,"url":"https:\/\/uszczelnianie.com.pl\/wp-content\/uploads\/2023\/03\/20210511_124752.png","type":"image\/png"}],"twitter_card":"summary_large_image","twitter_misc":{"Est. reading time":"2 minutes"},"schema":{"@context":"https:\/\/schema.org","@graph":[{"@type":"WebPage","@id":"https:\/\/uszczelnianie.com.pl\/en\/produkt\/pond-foil-15mm-blue\/","url":"https:\/\/uszczelnianie.com.pl\/en\/produkt\/pond-foil-15mm-blue\/","name":"Pond foil 1,5mm blue | Izomar","isPartOf":{"@id":"https:\/\/uszczelnianie.com.pl\/#website"},"primaryImageOfPage":{"@id":"https:\/\/uszczelnianie.com.pl\/en\/produkt\/pond-foil-15mm-blue\/#primaryimage"},"image":{"@id":"https:\/\/uszczelnianie.com.pl\/en\/produkt\/pond-foil-15mm-blue\/#primaryimage"},"thumbnailUrl":"https:\/\/uszczelnianie.com.pl\/wp-content\/uploads\/2023\/03\/20210511_124752.png","datePublished":"2021-05-11T09:32:00+00:00","dateModified":"2024-08-08T07:29:12+00:00","breadcrumb":{"@id":"https:\/\/uszczelnianie.com.pl\/en\/produkt\/pond-foil-15mm-blue\/#breadcrumb"},"inLanguage":"en-US","potentialAction":[{"@type":"ReadAction","target":["https:\/\/uszczelnianie.com.pl\/en\/produkt\/pond-foil-15mm-blue\/"]}]},{"@type":"ImageObject","inLanguage":"en-US","@id":"https:\/\/uszczelnianie.com.pl\/en\/produkt\/pond-foil-15mm-blue\/#primaryimage","url":"https:\/\/uszczelnianie.com.pl\/wp-content\/uploads\/2023\/03\/20210511_124752.png","contentUrl":"https:\/\/uszczelnianie.com.pl\/wp-content\/uploads\/2023\/03\/20210511_124752.png","width":2241,"height":1716},{"@type":"BreadcrumbList","@id":"https:\/\/uszczelnianie.com.pl\/en\/produkt\/pond-foil-15mm-blue\/#breadcrumb","itemListElement":[{"@type":"ListItem","position":1,"name":"Strona g\u0142\u00f3wna","item":"https:\/\/uszczelnianie.com.pl\/en\/about-us\/"},{"@type":"ListItem","position":2,"name":"Shop","item":"https:\/\/uszczelnianie.com.pl\/en\/shop\/"},{"@type":"ListItem","position":3,"name":"Pond foil 1,5mm blue"}]},{"@type":"WebSite","@id":"https:\/\/uszczelnianie.com.pl\/#website","url":"https:\/\/uszczelnianie.com.pl\/","name":"Izomar","description":"Zajmujemy si\u0119 sprzeda\u017c\u0105 wysokiej jako\u015bci folii do oczek wodnych, folii budowlanych oraz folii olejoodpornych. Wejd\u017a i zobacz nasze produkty! | uszczelnianie.com.pl","publisher":{"@id":"https:\/\/uszczelnianie.com.pl\/#organization"},"potentialAction":[{"@type":"SearchAction","target":{"@type":"EntryPoint","urlTemplate":"https:\/\/uszczelnianie.com.pl\/?s={search_term_string}"},"query-input":{"@type":"PropertyValueSpecification","valueRequired":true,"valueName":"search_term_string"}}],"inLanguage":"en-US"},{"@type":"Organization","@id":"https:\/\/uszczelnianie.com.pl\/#organization","name":"Izomar","url":"https:\/\/uszczelnianie.com.pl\/","logo":{"@type":"ImageObject","inLanguage":"en-US","@id":"https:\/\/uszczelnianie.com.pl\/#\/schema\/logo\/image\/","url":"https:\/\/uszczelnianie.com.pl\/wp-content\/uploads\/2023\/03\/image-1024x293-1.png","contentUrl":"https:\/\/uszczelnianie.com.pl\/wp-content\/uploads\/2023\/03\/image-1024x293-1.png","width":1024,"height":293,"caption":"Izomar"},"image":{"@id":"https:\/\/uszczelnianie.com.pl\/#\/schema\/logo\/image\/"}}]}},"taxonomy_info":{"product_cat":[{"value":93,"label":"Pond liner"}]},"featured_image_src_large":["https:\/\/uszczelnianie.com.pl\/wp-content\/uploads\/2023\/03\/20210511_124752-1024x784.png",1024,784,true],"author_info":[],"comment_info":"","_links":{"self":[{"href":"https:\/\/uszczelnianie.com.pl\/en\/wp-json\/wp\/v2\/product\/1316","targetHints":{"allow":["GET"]}}],"collection":[{"href":"https:\/\/uszczelnianie.com.pl\/en\/wp-json\/wp\/v2\/product"}],"about":[{"href":"https:\/\/uszczelnianie.com.pl\/en\/wp-json\/wp\/v2\/types\/product"}],"wp:featuredmedia":[{"embeddable":true,"href":"https:\/\/uszczelnianie.com.pl\/en\/wp-json\/wp\/v2\/media\/2612"}],"wp:attachment":[{"href":"https:\/\/uszczelnianie.com.pl\/en\/wp-json\/wp\/v2\/media?parent=1316"}],"wp:term":[{"taxonomy":"product_brand","embeddable":true,"href":"https:\/\/uszczelnianie.com.pl\/en\/wp-json\/wp\/v2\/product_brand?post=1316"},{"taxonomy":"product_cat","embeddable":true,"href":"https:\/\/uszczelnianie.com.pl\/en\/wp-json\/wp\/v2\/product_cat?post=1316"},{"taxonomy":"product_tag","embeddable":true,"href":"https:\/\/uszczelnianie.com.pl\/en\/wp-json\/wp\/v2\/product_tag?post=1316"}],"curies":[{"name":"wp","href":"https:\/\/api.w.org\/{rel}","templated":true}]}}