{"id":1325,"date":"2022-08-12T02:22:19","date_gmt":"2022-08-12T00:22:19","guid":{"rendered":"https:\/\/uszczelnianie.com.pl\/index.php\/produkt\/flex-corrugated-hose-32mm-1-%c2%bc-black\/"},"modified":"2023-04-06T18:48:16","modified_gmt":"2023-04-06T16:48:16","slug":"flex-corrugated-hose-32mm-1-%c2%bc-black","status":"publish","type":"product","link":"https:\/\/uszczelnianie.com.pl\/en\/produkt\/flex-corrugated-hose-32mm-1-%c2%bc-black\/","title":{"rendered":"Flex corrugated hose 32mm \/ 1 \u00bc&#8221; (black)"},"content":{"rendered":"","protected":false},"excerpt":{"rendered":"<p>Flexible special hose for use in ponds\/aquariums. Black, fits perfectly on all outlets and inlets connecting pump, UV lamp and filter. Resistant to weathering. The price is per 1mb.<\/p>\n","protected":false},"featured_media":4059,"template":"","meta":{"_kad_blocks_custom_css":"","_kad_blocks_head_custom_js":"","_kad_blocks_body_custom_js":"","_kad_blocks_footer_custom_js":"","_kad_post_transparent":"","_kad_post_title":"","_kad_post_layout":"","_kad_post_sidebar_id":"","_kad_post_content_style":"","_kad_post_vertical_padding":"","_kad_post_feature":"","_kad_post_feature_position":"","_kad_post_header":false,"_kad_post_footer":false,"_kad_post_classname":""},"product_brand":[],"product_cat":[],"product_tag":[],"class_list":{"0":"post-1325","1":"product","2":"type-product","3":"status-publish","4":"has-post-thumbnail","7":"first","8":"instock","9":"taxable","10":"shipping-taxable","11":"purchasable","12":"product-type-simple","13":"entry","14":"content-bg","15":"loop-entry"},"exclude_global_add_ons":[],"addons":[],"yoast_head":"<!-- This site is optimized with the Yoast SEO plugin v27.4 - https:\/\/yoast.com\/product\/yoast-seo-wordpress\/ -->\n<title>Flex corrugated hose 32mm \/ 1 \u00bc&quot; (black) | Izomar<\/title>\n<meta name=\"robots\" content=\"index, follow, max-snippet:-1, max-image-preview:large, max-video-preview:-1\" \/>\n<link rel=\"canonical\" href=\"https:\/\/uszczelnianie.com.pl\/en\/produkt\/flex-corrugated-hose-32mm-1-\u00bc-black\/\" \/>\n<meta property=\"og:locale\" content=\"en_US\" \/>\n<meta property=\"og:type\" content=\"article\" \/>\n<meta property=\"og:title\" content=\"Flex corrugated hose 32mm \/ 1 \u00bc&quot; (black) | Izomar\" \/>\n<meta property=\"og:description\" content=\"Flexible special hose for use in ponds\/aquariums. Black, fits perfectly on all outlets and inlets connecting pump, UV lamp and filter. Resistant to weathering. The price is per 1mb.\" \/>\n<meta property=\"og:url\" content=\"https:\/\/uszczelnianie.com.pl\/en\/produkt\/flex-corrugated-hose-32mm-1-\u00bc-black\/\" \/>\n<meta property=\"og:site_name\" content=\"Izomar - Folia do oczek wodnych\" \/>\n<meta property=\"article:modified_time\" content=\"2023-04-06T16:48:16+00:00\" \/>\n<meta property=\"og:image\" content=\"https:\/\/uszczelnianie.com.pl\/wp-content\/uploads\/2023\/03\/waz-karbowany-flex-32mm-1-czarny-1.jpg\" \/>\n\t<meta property=\"og:image:width\" content=\"700\" \/>\n\t<meta property=\"og:image:height\" content=\"700\" \/>\n\t<meta property=\"og:image:type\" content=\"image\/jpeg\" \/>\n<meta name=\"twitter:card\" content=\"summary_large_image\" \/>\n<script type=\"application\/ld+json\" class=\"yoast-schema-graph\">{\"@context\":\"https:\\\/\\\/schema.org\",\"@graph\":[{\"@type\":\"WebPage\",\"@id\":\"https:\\\/\\\/uszczelnianie.com.pl\\\/en\\\/produkt\\\/flex-corrugated-hose-32mm-1-%c2%bc-black\\\/\",\"url\":\"https:\\\/\\\/uszczelnianie.com.pl\\\/en\\\/produkt\\\/flex-corrugated-hose-32mm-1-%c2%bc-black\\\/\",\"name\":\"Flex corrugated hose 32mm \\\/ 1 \u00bc\\\" (black) | Izomar\",\"isPartOf\":{\"@id\":\"https:\\\/\\\/uszczelnianie.com.pl\\\/#website\"},\"primaryImageOfPage\":{\"@id\":\"https:\\\/\\\/uszczelnianie.com.pl\\\/en\\\/produkt\\\/flex-corrugated-hose-32mm-1-%c2%bc-black\\\/#primaryimage\"},\"image\":{\"@id\":\"https:\\\/\\\/uszczelnianie.com.pl\\\/en\\\/produkt\\\/flex-corrugated-hose-32mm-1-%c2%bc-black\\\/#primaryimage\"},\"thumbnailUrl\":\"https:\\\/\\\/uszczelnianie.com.pl\\\/wp-content\\\/uploads\\\/2023\\\/03\\\/waz-karbowany-flex-32mm-1-czarny-1.jpg\",\"datePublished\":\"2022-08-12T00:22:19+00:00\",\"dateModified\":\"2023-04-06T16:48:16+00:00\",\"breadcrumb\":{\"@id\":\"https:\\\/\\\/uszczelnianie.com.pl\\\/en\\\/produkt\\\/flex-corrugated-hose-32mm-1-%c2%bc-black\\\/#breadcrumb\"},\"inLanguage\":\"en-US\",\"potentialAction\":[{\"@type\":\"ReadAction\",\"target\":[\"https:\\\/\\\/uszczelnianie.com.pl\\\/en\\\/produkt\\\/flex-corrugated-hose-32mm-1-%c2%bc-black\\\/\"]}]},{\"@type\":\"ImageObject\",\"inLanguage\":\"en-US\",\"@id\":\"https:\\\/\\\/uszczelnianie.com.pl\\\/en\\\/produkt\\\/flex-corrugated-hose-32mm-1-%c2%bc-black\\\/#primaryimage\",\"url\":\"https:\\\/\\\/uszczelnianie.com.pl\\\/wp-content\\\/uploads\\\/2023\\\/03\\\/waz-karbowany-flex-32mm-1-czarny-1.jpg\",\"contentUrl\":\"https:\\\/\\\/uszczelnianie.com.pl\\\/wp-content\\\/uploads\\\/2023\\\/03\\\/waz-karbowany-flex-32mm-1-czarny-1.jpg\",\"width\":700,\"height\":700},{\"@type\":\"BreadcrumbList\",\"@id\":\"https:\\\/\\\/uszczelnianie.com.pl\\\/en\\\/produkt\\\/flex-corrugated-hose-32mm-1-%c2%bc-black\\\/#breadcrumb\",\"itemListElement\":[{\"@type\":\"ListItem\",\"position\":1,\"name\":\"Strona g\u0142\u00f3wna\",\"item\":\"https:\\\/\\\/uszczelnianie.com.pl\\\/en\\\/about-us\\\/\"},{\"@type\":\"ListItem\",\"position\":2,\"name\":\"Shop\",\"item\":\"https:\\\/\\\/uszczelnianie.com.pl\\\/en\\\/shop\\\/\"},{\"@type\":\"ListItem\",\"position\":3,\"name\":\"Flex corrugated hose 32mm \\\/ 1 \u00bc&#8221; (black)\"}]},{\"@type\":\"WebSite\",\"@id\":\"https:\\\/\\\/uszczelnianie.com.pl\\\/#website\",\"url\":\"https:\\\/\\\/uszczelnianie.com.pl\\\/\",\"name\":\"Izomar\",\"description\":\"Zajmujemy si\u0119 sprzeda\u017c\u0105 wysokiej jako\u015bci folii do oczek wodnych, folii budowlanych oraz folii olejoodpornych. Wejd\u017a i zobacz nasze produkty! | uszczelnianie.com.pl\",\"publisher\":{\"@id\":\"https:\\\/\\\/uszczelnianie.com.pl\\\/#organization\"},\"potentialAction\":[{\"@type\":\"SearchAction\",\"target\":{\"@type\":\"EntryPoint\",\"urlTemplate\":\"https:\\\/\\\/uszczelnianie.com.pl\\\/?s={search_term_string}\"},\"query-input\":{\"@type\":\"PropertyValueSpecification\",\"valueRequired\":true,\"valueName\":\"search_term_string\"}}],\"inLanguage\":\"en-US\"},{\"@type\":\"Organization\",\"@id\":\"https:\\\/\\\/uszczelnianie.com.pl\\\/#organization\",\"name\":\"Izomar\",\"url\":\"https:\\\/\\\/uszczelnianie.com.pl\\\/\",\"logo\":{\"@type\":\"ImageObject\",\"inLanguage\":\"en-US\",\"@id\":\"https:\\\/\\\/uszczelnianie.com.pl\\\/#\\\/schema\\\/logo\\\/image\\\/\",\"url\":\"https:\\\/\\\/uszczelnianie.com.pl\\\/wp-content\\\/uploads\\\/2023\\\/03\\\/image-1024x293-1.png\",\"contentUrl\":\"https:\\\/\\\/uszczelnianie.com.pl\\\/wp-content\\\/uploads\\\/2023\\\/03\\\/image-1024x293-1.png\",\"width\":1024,\"height\":293,\"caption\":\"Izomar\"},\"image\":{\"@id\":\"https:\\\/\\\/uszczelnianie.com.pl\\\/#\\\/schema\\\/logo\\\/image\\\/\"}}]}<\/script>\n<!-- \/ Yoast SEO plugin. -->","yoast_head_json":{"title":"Flex corrugated hose 32mm \/ 1 \u00bc\" (black) | Izomar","robots":{"index":"index","follow":"follow","max-snippet":"max-snippet:-1","max-image-preview":"max-image-preview:large","max-video-preview":"max-video-preview:-1"},"canonical":"https:\/\/uszczelnianie.com.pl\/en\/produkt\/flex-corrugated-hose-32mm-1-\u00bc-black\/","og_locale":"en_US","og_type":"article","og_title":"Flex corrugated hose 32mm \/ 1 \u00bc\" (black) | Izomar","og_description":"Flexible special hose for use in ponds\/aquariums. Black, fits perfectly on all outlets and inlets connecting pump, UV lamp and filter. Resistant to weathering. The price is per 1mb.","og_url":"https:\/\/uszczelnianie.com.pl\/en\/produkt\/flex-corrugated-hose-32mm-1-\u00bc-black\/","og_site_name":"Izomar - Folia do oczek wodnych","article_modified_time":"2023-04-06T16:48:16+00:00","og_image":[{"width":700,"height":700,"url":"https:\/\/uszczelnianie.com.pl\/wp-content\/uploads\/2023\/03\/waz-karbowany-flex-32mm-1-czarny-1.jpg","type":"image\/jpeg"}],"twitter_card":"summary_large_image","schema":{"@context":"https:\/\/schema.org","@graph":[{"@type":"WebPage","@id":"https:\/\/uszczelnianie.com.pl\/en\/produkt\/flex-corrugated-hose-32mm-1-%c2%bc-black\/","url":"https:\/\/uszczelnianie.com.pl\/en\/produkt\/flex-corrugated-hose-32mm-1-%c2%bc-black\/","name":"Flex corrugated hose 32mm \/ 1 \u00bc\" (black) | Izomar","isPartOf":{"@id":"https:\/\/uszczelnianie.com.pl\/#website"},"primaryImageOfPage":{"@id":"https:\/\/uszczelnianie.com.pl\/en\/produkt\/flex-corrugated-hose-32mm-1-%c2%bc-black\/#primaryimage"},"image":{"@id":"https:\/\/uszczelnianie.com.pl\/en\/produkt\/flex-corrugated-hose-32mm-1-%c2%bc-black\/#primaryimage"},"thumbnailUrl":"https:\/\/uszczelnianie.com.pl\/wp-content\/uploads\/2023\/03\/waz-karbowany-flex-32mm-1-czarny-1.jpg","datePublished":"2022-08-12T00:22:19+00:00","dateModified":"2023-04-06T16:48:16+00:00","breadcrumb":{"@id":"https:\/\/uszczelnianie.com.pl\/en\/produkt\/flex-corrugated-hose-32mm-1-%c2%bc-black\/#breadcrumb"},"inLanguage":"en-US","potentialAction":[{"@type":"ReadAction","target":["https:\/\/uszczelnianie.com.pl\/en\/produkt\/flex-corrugated-hose-32mm-1-%c2%bc-black\/"]}]},{"@type":"ImageObject","inLanguage":"en-US","@id":"https:\/\/uszczelnianie.com.pl\/en\/produkt\/flex-corrugated-hose-32mm-1-%c2%bc-black\/#primaryimage","url":"https:\/\/uszczelnianie.com.pl\/wp-content\/uploads\/2023\/03\/waz-karbowany-flex-32mm-1-czarny-1.jpg","contentUrl":"https:\/\/uszczelnianie.com.pl\/wp-content\/uploads\/2023\/03\/waz-karbowany-flex-32mm-1-czarny-1.jpg","width":700,"height":700},{"@type":"BreadcrumbList","@id":"https:\/\/uszczelnianie.com.pl\/en\/produkt\/flex-corrugated-hose-32mm-1-%c2%bc-black\/#breadcrumb","itemListElement":[{"@type":"ListItem","position":1,"name":"Strona g\u0142\u00f3wna","item":"https:\/\/uszczelnianie.com.pl\/en\/about-us\/"},{"@type":"ListItem","position":2,"name":"Shop","item":"https:\/\/uszczelnianie.com.pl\/en\/shop\/"},{"@type":"ListItem","position":3,"name":"Flex corrugated hose 32mm \/ 1 \u00bc&#8221; (black)"}]},{"@type":"WebSite","@id":"https:\/\/uszczelnianie.com.pl\/#website","url":"https:\/\/uszczelnianie.com.pl\/","name":"Izomar","description":"Zajmujemy si\u0119 sprzeda\u017c\u0105 wysokiej jako\u015bci folii do oczek wodnych, folii budowlanych oraz folii olejoodpornych. Wejd\u017a i zobacz nasze produkty! | uszczelnianie.com.pl","publisher":{"@id":"https:\/\/uszczelnianie.com.pl\/#organization"},"potentialAction":[{"@type":"SearchAction","target":{"@type":"EntryPoint","urlTemplate":"https:\/\/uszczelnianie.com.pl\/?s={search_term_string}"},"query-input":{"@type":"PropertyValueSpecification","valueRequired":true,"valueName":"search_term_string"}}],"inLanguage":"en-US"},{"@type":"Organization","@id":"https:\/\/uszczelnianie.com.pl\/#organization","name":"Izomar","url":"https:\/\/uszczelnianie.com.pl\/","logo":{"@type":"ImageObject","inLanguage":"en-US","@id":"https:\/\/uszczelnianie.com.pl\/#\/schema\/logo\/image\/","url":"https:\/\/uszczelnianie.com.pl\/wp-content\/uploads\/2023\/03\/image-1024x293-1.png","contentUrl":"https:\/\/uszczelnianie.com.pl\/wp-content\/uploads\/2023\/03\/image-1024x293-1.png","width":1024,"height":293,"caption":"Izomar"},"image":{"@id":"https:\/\/uszczelnianie.com.pl\/#\/schema\/logo\/image\/"}}]}},"taxonomy_info":[],"featured_image_src_large":["https:\/\/uszczelnianie.com.pl\/wp-content\/uploads\/2023\/03\/waz-karbowany-flex-32mm-1-czarny-1.jpg",700,700,false],"author_info":[],"comment_info":"","_links":{"self":[{"href":"https:\/\/uszczelnianie.com.pl\/en\/wp-json\/wp\/v2\/product\/1325","targetHints":{"allow":["GET"]}}],"collection":[{"href":"https:\/\/uszczelnianie.com.pl\/en\/wp-json\/wp\/v2\/product"}],"about":[{"href":"https:\/\/uszczelnianie.com.pl\/en\/wp-json\/wp\/v2\/types\/product"}],"wp:featuredmedia":[{"embeddable":true,"href":"https:\/\/uszczelnianie.com.pl\/en\/wp-json\/wp\/v2\/media\/4059"}],"wp:attachment":[{"href":"https:\/\/uszczelnianie.com.pl\/en\/wp-json\/wp\/v2\/media?parent=1325"}],"wp:term":[{"taxonomy":"product_brand","embeddable":true,"href":"https:\/\/uszczelnianie.com.pl\/en\/wp-json\/wp\/v2\/product_brand?post=1325"},{"taxonomy":"product_cat","embeddable":true,"href":"https:\/\/uszczelnianie.com.pl\/en\/wp-json\/wp\/v2\/product_cat?post=1325"},{"taxonomy":"product_tag","embeddable":true,"href":"https:\/\/uszczelnianie.com.pl\/en\/wp-json\/wp\/v2\/product_tag?post=1325"}],"curies":[{"name":"wp","href":"https:\/\/api.w.org\/{rel}","templated":true}]}}