{"id":18580,"date":"2020-04-21T14:25:49","date_gmt":"2020-04-21T12:25:49","guid":{"rendered":"https:\/\/uszczelnianie.com.pl\/?post_type=product&#038;p=18580"},"modified":"2026-03-19T12:50:59","modified_gmt":"2026-03-19T11:50:59","slug":"klijai-oase-250ml","status":"publish","type":"product","link":"https:\/\/uszczelnianie.com.pl\/lt\/produkt\/klijai-oase-250ml\/","title":{"rendered":"Klijai Oase 250ml"},"content":{"rendered":"<p>Klijai, skirti PVC pl\u0117vel\u0117s tvenkiniams, gaminami \u012fmon\u0117s Oase<\/p>\n<p>&nbsp;<\/p>\n","protected":false},"excerpt":{"rendered":"<p>Klijai, skirti PVC pl\u0117vel\u0117s tvenkiniams, gaminami \u012fmon\u0117s Oase &nbsp;<\/p>\n","protected":false},"featured_media":6709,"template":"","meta":{"_kad_blocks_custom_css":"","_kad_blocks_head_custom_js":"","_kad_blocks_body_custom_js":"","_kad_blocks_footer_custom_js":"","_kad_post_transparent":"default","_kad_post_title":"","_kad_post_layout":"default","_kad_post_sidebar_id":"","_kad_post_content_style":"default","_kad_post_vertical_padding":"default","_kad_post_feature":"","_kad_post_feature_position":"","_kad_post_header":false,"_kad_post_footer":false,"_kad_post_classname":""},"product_brand":[],"product_cat":[],"product_tag":[],"class_list":{"0":"post-18580","1":"product","2":"type-product","3":"status-publish","4":"has-post-thumbnail","7":"first","8":"instock","9":"taxable","10":"shipping-taxable","11":"purchasable","12":"product-type-simple","13":"entry","14":"content-bg","15":"loop-entry"},"exclude_global_add_ons":[],"addons":[],"yoast_head":"<!-- This site is optimized with the Yoast SEO plugin v27.3 - https:\/\/yoast.com\/product\/yoast-seo-wordpress\/ -->\n<title>Klijai Oase 250ml | Izomar<\/title>\n<meta name=\"robots\" content=\"index, follow, max-snippet:-1, max-image-preview:large, max-video-preview:-1\" \/>\n<link rel=\"canonical\" href=\"https:\/\/uszczelnianie.com.pl\/lt\/produkt\/klijai-oase-250ml\/\" \/>\n<meta property=\"og:locale\" content=\"lt_LT\" \/>\n<meta property=\"og:type\" content=\"article\" \/>\n<meta property=\"og:title\" content=\"Klijai Oase 250ml | Izomar\" \/>\n<meta property=\"og:description\" content=\"Klijai, skirti PVC pl\u0117vel\u0117s tvenkiniams, gaminami \u012fmon\u0117s Oase &nbsp;\" \/>\n<meta property=\"og:url\" content=\"https:\/\/uszczelnianie.com.pl\/lt\/produkt\/klijai-oase-250ml\/\" \/>\n<meta property=\"og:site_name\" content=\"Izomar - Folia do oczek wodnych\" \/>\n<meta property=\"article:modified_time\" content=\"2026-03-19T11:50:59+00:00\" \/>\n<meta property=\"og:image\" content=\"https:\/\/uszczelnianie.com.pl\/wp-content\/uploads\/2023\/03\/oase-pvc-liner-adhesive-klej-do-folii-pvc-1l.jpg\" \/>\n\t<meta property=\"og:image:width\" content=\"578\" \/>\n\t<meta property=\"og:image:height\" content=\"664\" \/>\n\t<meta property=\"og:image:type\" content=\"image\/jpeg\" \/>\n<meta name=\"twitter:card\" content=\"summary_large_image\" \/>\n<meta name=\"twitter:label1\" content=\"Est. reading time\" \/>\n\t<meta name=\"twitter:data1\" content=\"1 minut\u0117\" \/>\n<script type=\"application\/ld+json\" class=\"yoast-schema-graph\">{\"@context\":\"https:\\\/\\\/schema.org\",\"@graph\":[{\"@type\":\"WebPage\",\"@id\":\"https:\\\/\\\/uszczelnianie.com.pl\\\/lt\\\/produkt\\\/klijai-oase-250ml\\\/\",\"url\":\"https:\\\/\\\/uszczelnianie.com.pl\\\/lt\\\/produkt\\\/klijai-oase-250ml\\\/\",\"name\":\"Klijai Oase 250ml | Izomar\",\"isPartOf\":{\"@id\":\"https:\\\/\\\/uszczelnianie.com.pl\\\/#website\"},\"primaryImageOfPage\":{\"@id\":\"https:\\\/\\\/uszczelnianie.com.pl\\\/lt\\\/produkt\\\/klijai-oase-250ml\\\/#primaryimage\"},\"image\":{\"@id\":\"https:\\\/\\\/uszczelnianie.com.pl\\\/lt\\\/produkt\\\/klijai-oase-250ml\\\/#primaryimage\"},\"thumbnailUrl\":\"https:\\\/\\\/uszczelnianie.com.pl\\\/wp-content\\\/uploads\\\/2023\\\/03\\\/oase-pvc-liner-adhesive-klej-do-folii-pvc-1l.jpg\",\"datePublished\":\"2020-04-21T12:25:49+00:00\",\"dateModified\":\"2026-03-19T11:50:59+00:00\",\"breadcrumb\":{\"@id\":\"https:\\\/\\\/uszczelnianie.com.pl\\\/lt\\\/produkt\\\/klijai-oase-250ml\\\/#breadcrumb\"},\"inLanguage\":\"lt-LT\",\"potentialAction\":[{\"@type\":\"ReadAction\",\"target\":[\"https:\\\/\\\/uszczelnianie.com.pl\\\/lt\\\/produkt\\\/klijai-oase-250ml\\\/\"]}]},{\"@type\":\"ImageObject\",\"inLanguage\":\"lt-LT\",\"@id\":\"https:\\\/\\\/uszczelnianie.com.pl\\\/lt\\\/produkt\\\/klijai-oase-250ml\\\/#primaryimage\",\"url\":\"https:\\\/\\\/uszczelnianie.com.pl\\\/wp-content\\\/uploads\\\/2023\\\/03\\\/oase-pvc-liner-adhesive-klej-do-folii-pvc-1l.jpg\",\"contentUrl\":\"https:\\\/\\\/uszczelnianie.com.pl\\\/wp-content\\\/uploads\\\/2023\\\/03\\\/oase-pvc-liner-adhesive-klej-do-folii-pvc-1l.jpg\",\"width\":578,\"height\":664},{\"@type\":\"BreadcrumbList\",\"@id\":\"https:\\\/\\\/uszczelnianie.com.pl\\\/lt\\\/produkt\\\/klijai-oase-250ml\\\/#breadcrumb\",\"itemListElement\":[{\"@type\":\"ListItem\",\"position\":1,\"name\":\"Strona g\u0142\u00f3wna\",\"item\":\"https:\\\/\\\/uszczelnianie.com.pl\\\/lt\\\/\"},{\"@type\":\"ListItem\",\"position\":2,\"name\":\"Parduotuv\u0117\",\"item\":\"https:\\\/\\\/uszczelnianie.com.pl\\\/lt\\\/parduotuve\\\/\"},{\"@type\":\"ListItem\",\"position\":3,\"name\":\"Klijai Oase 250ml\"}]},{\"@type\":\"WebSite\",\"@id\":\"https:\\\/\\\/uszczelnianie.com.pl\\\/#website\",\"url\":\"https:\\\/\\\/uszczelnianie.com.pl\\\/\",\"name\":\"Izomar\",\"description\":\"Zajmujemy si\u0119 sprzeda\u017c\u0105 wysokiej jako\u015bci folii do oczek wodnych, folii budowlanych oraz folii olejoodpornych. Wejd\u017a i zobacz nasze produkty! | uszczelnianie.com.pl\",\"publisher\":{\"@id\":\"https:\\\/\\\/uszczelnianie.com.pl\\\/#organization\"},\"potentialAction\":[{\"@type\":\"SearchAction\",\"target\":{\"@type\":\"EntryPoint\",\"urlTemplate\":\"https:\\\/\\\/uszczelnianie.com.pl\\\/?s={search_term_string}\"},\"query-input\":{\"@type\":\"PropertyValueSpecification\",\"valueRequired\":true,\"valueName\":\"search_term_string\"}}],\"inLanguage\":\"lt-LT\"},{\"@type\":\"Organization\",\"@id\":\"https:\\\/\\\/uszczelnianie.com.pl\\\/#organization\",\"name\":\"Izomar\",\"url\":\"https:\\\/\\\/uszczelnianie.com.pl\\\/\",\"logo\":{\"@type\":\"ImageObject\",\"inLanguage\":\"lt-LT\",\"@id\":\"https:\\\/\\\/uszczelnianie.com.pl\\\/#\\\/schema\\\/logo\\\/image\\\/\",\"url\":\"https:\\\/\\\/uszczelnianie.com.pl\\\/wp-content\\\/uploads\\\/2023\\\/03\\\/image-1024x293-1.png\",\"contentUrl\":\"https:\\\/\\\/uszczelnianie.com.pl\\\/wp-content\\\/uploads\\\/2023\\\/03\\\/image-1024x293-1.png\",\"width\":1024,\"height\":293,\"caption\":\"Izomar\"},\"image\":{\"@id\":\"https:\\\/\\\/uszczelnianie.com.pl\\\/#\\\/schema\\\/logo\\\/image\\\/\"}}]}<\/script>\n<!-- \/ Yoast SEO plugin. -->","yoast_head_json":{"title":"Klijai Oase 250ml | Izomar","robots":{"index":"index","follow":"follow","max-snippet":"max-snippet:-1","max-image-preview":"max-image-preview:large","max-video-preview":"max-video-preview:-1"},"canonical":"https:\/\/uszczelnianie.com.pl\/lt\/produkt\/klijai-oase-250ml\/","og_locale":"lt_LT","og_type":"article","og_title":"Klijai Oase 250ml | Izomar","og_description":"Klijai, skirti PVC pl\u0117vel\u0117s tvenkiniams, gaminami \u012fmon\u0117s Oase &nbsp;","og_url":"https:\/\/uszczelnianie.com.pl\/lt\/produkt\/klijai-oase-250ml\/","og_site_name":"Izomar - Folia do oczek wodnych","article_modified_time":"2026-03-19T11:50:59+00:00","og_image":[{"width":578,"height":664,"url":"https:\/\/uszczelnianie.com.pl\/wp-content\/uploads\/2023\/03\/oase-pvc-liner-adhesive-klej-do-folii-pvc-1l.jpg","type":"image\/jpeg"}],"twitter_card":"summary_large_image","twitter_misc":{"Est. reading time":"1 minut\u0117"},"schema":{"@context":"https:\/\/schema.org","@graph":[{"@type":"WebPage","@id":"https:\/\/uszczelnianie.com.pl\/lt\/produkt\/klijai-oase-250ml\/","url":"https:\/\/uszczelnianie.com.pl\/lt\/produkt\/klijai-oase-250ml\/","name":"Klijai Oase 250ml | Izomar","isPartOf":{"@id":"https:\/\/uszczelnianie.com.pl\/#website"},"primaryImageOfPage":{"@id":"https:\/\/uszczelnianie.com.pl\/lt\/produkt\/klijai-oase-250ml\/#primaryimage"},"image":{"@id":"https:\/\/uszczelnianie.com.pl\/lt\/produkt\/klijai-oase-250ml\/#primaryimage"},"thumbnailUrl":"https:\/\/uszczelnianie.com.pl\/wp-content\/uploads\/2023\/03\/oase-pvc-liner-adhesive-klej-do-folii-pvc-1l.jpg","datePublished":"2020-04-21T12:25:49+00:00","dateModified":"2026-03-19T11:50:59+00:00","breadcrumb":{"@id":"https:\/\/uszczelnianie.com.pl\/lt\/produkt\/klijai-oase-250ml\/#breadcrumb"},"inLanguage":"lt-LT","potentialAction":[{"@type":"ReadAction","target":["https:\/\/uszczelnianie.com.pl\/lt\/produkt\/klijai-oase-250ml\/"]}]},{"@type":"ImageObject","inLanguage":"lt-LT","@id":"https:\/\/uszczelnianie.com.pl\/lt\/produkt\/klijai-oase-250ml\/#primaryimage","url":"https:\/\/uszczelnianie.com.pl\/wp-content\/uploads\/2023\/03\/oase-pvc-liner-adhesive-klej-do-folii-pvc-1l.jpg","contentUrl":"https:\/\/uszczelnianie.com.pl\/wp-content\/uploads\/2023\/03\/oase-pvc-liner-adhesive-klej-do-folii-pvc-1l.jpg","width":578,"height":664},{"@type":"BreadcrumbList","@id":"https:\/\/uszczelnianie.com.pl\/lt\/produkt\/klijai-oase-250ml\/#breadcrumb","itemListElement":[{"@type":"ListItem","position":1,"name":"Strona g\u0142\u00f3wna","item":"https:\/\/uszczelnianie.com.pl\/lt\/"},{"@type":"ListItem","position":2,"name":"Parduotuv\u0117","item":"https:\/\/uszczelnianie.com.pl\/lt\/parduotuve\/"},{"@type":"ListItem","position":3,"name":"Klijai Oase 250ml"}]},{"@type":"WebSite","@id":"https:\/\/uszczelnianie.com.pl\/#website","url":"https:\/\/uszczelnianie.com.pl\/","name":"Izomar","description":"Zajmujemy si\u0119 sprzeda\u017c\u0105 wysokiej jako\u015bci folii do oczek wodnych, folii budowlanych oraz folii olejoodpornych. Wejd\u017a i zobacz nasze produkty! | uszczelnianie.com.pl","publisher":{"@id":"https:\/\/uszczelnianie.com.pl\/#organization"},"potentialAction":[{"@type":"SearchAction","target":{"@type":"EntryPoint","urlTemplate":"https:\/\/uszczelnianie.com.pl\/?s={search_term_string}"},"query-input":{"@type":"PropertyValueSpecification","valueRequired":true,"valueName":"search_term_string"}}],"inLanguage":"lt-LT"},{"@type":"Organization","@id":"https:\/\/uszczelnianie.com.pl\/#organization","name":"Izomar","url":"https:\/\/uszczelnianie.com.pl\/","logo":{"@type":"ImageObject","inLanguage":"lt-LT","@id":"https:\/\/uszczelnianie.com.pl\/#\/schema\/logo\/image\/","url":"https:\/\/uszczelnianie.com.pl\/wp-content\/uploads\/2023\/03\/image-1024x293-1.png","contentUrl":"https:\/\/uszczelnianie.com.pl\/wp-content\/uploads\/2023\/03\/image-1024x293-1.png","width":1024,"height":293,"caption":"Izomar"},"image":{"@id":"https:\/\/uszczelnianie.com.pl\/#\/schema\/logo\/image\/"}}]}},"taxonomy_info":[],"featured_image_src_large":["https:\/\/uszczelnianie.com.pl\/wp-content\/uploads\/2023\/03\/oase-pvc-liner-adhesive-klej-do-folii-pvc-1l.jpg",578,664,false],"author_info":[],"comment_info":"","_links":{"self":[{"href":"https:\/\/uszczelnianie.com.pl\/lt\/wp-json\/wp\/v2\/product\/18580","targetHints":{"allow":["GET"]}}],"collection":[{"href":"https:\/\/uszczelnianie.com.pl\/lt\/wp-json\/wp\/v2\/product"}],"about":[{"href":"https:\/\/uszczelnianie.com.pl\/lt\/wp-json\/wp\/v2\/types\/product"}],"wp:featuredmedia":[{"embeddable":true,"href":"https:\/\/uszczelnianie.com.pl\/lt\/wp-json\/wp\/v2\/media\/6709"}],"wp:attachment":[{"href":"https:\/\/uszczelnianie.com.pl\/lt\/wp-json\/wp\/v2\/media?parent=18580"}],"wp:term":[{"taxonomy":"product_brand","embeddable":true,"href":"https:\/\/uszczelnianie.com.pl\/lt\/wp-json\/wp\/v2\/product_brand?post=18580"},{"taxonomy":"product_cat","embeddable":true,"href":"https:\/\/uszczelnianie.com.pl\/lt\/wp-json\/wp\/v2\/product_cat?post=18580"},{"taxonomy":"product_tag","embeddable":true,"href":"https:\/\/uszczelnianie.com.pl\/lt\/wp-json\/wp\/v2\/product_tag?post=18580"}],"curies":[{"name":"wp","href":"https:\/\/api.w.org\/{rel}","templated":true}]}}