{"id":7872,"date":"2016-05-24T16:27:44","date_gmt":"2016-05-24T14:27:44","guid":{"rendered":"https:\/\/uszczelnianie.com.pl\/produkt\/tvenkinio-ideklas-15-mm-juodas\/"},"modified":"2025-07-19T01:30:11","modified_gmt":"2025-07-18T23:30:11","slug":"tvenkinio-ideklas-15-mm-juodas","status":"publish","type":"product","link":"https:\/\/uszczelnianie.com.pl\/lt\/produkt\/tvenkinio-ideklas-15-mm-juodas\/","title":{"rendered":"Tvenkinio \u012fd\u0117klas 1,5 mm juodas"},"content":{"rendered":"<h2>Storas tvenkinio pl\u0117vel\u0117s sluoksnis<\/h2>\n<p>Si\u016blome auk\u0161tos kokyb\u0117s <span style=\"color: #ff0000;\"><strong>PREMIUM<\/strong><\/span> klas\u0117s 1,5 mm storio juodos spalvos <strong>tvenkini\u0173 pl\u0117vel\u0119<\/strong>. M\u016bs\u0173 tvenkini\u0173 pl\u0117vel\u0117 yra puikus pasirinkimas tiems, kurie stato savo tvenkin\u012f. Rinkdamiesi m\u016bs\u0173 gamin\u012f garantuojame, kad \u012fsigysite auk\u0161tos kokyb\u0117s pl\u0117vel\u0119, kuri atitiks j\u016bs\u0173 l\u016bkes\u010dius ir tarnaus daugel\u012f met\u0173. Pl\u0117vel\u0117s kokyb\u0119 patvirtina atitinkami patvirtinimai ir <span style=\"color: #ff0000; text-decoration: underline;\"><span style=\"text-decoration: underline;\">10 met\u0173 GARANTIJA.<\/span><\/span><\/p>\n<p>M\u016bs\u0173 pl\u0117vel\u0117 gaminama i\u0161 gryn\u0173 granuli\u0173, nenaudojant u\u017epild\u0173*, tod\u0117l yra labai atspari at\u0161iaurioms oro s\u0105lygoms (\u012fskaitant UV spindulius) ir pasi\u017eymi dideliu atsparumu ply\u0161imui. Jei nenorite keisti savo mylimo <strong>tvenkinio<\/strong> pl\u0117vel\u0117s kas 2-3 metus, pataik\u0117te \u012f tinkam\u0105 viet\u0105.<\/p>\n<p>*taip vadinamas. kai kurios \u012fmon\u0117s naudoja u\u017epildus (kreid\u0105 ir kitas ne PVC granuliuotas med\u017eiagas), kad suma\u017eint\u0173 pl\u0117vel\u0117s gamybos s\u0105naudas. Tod\u0117l pagaminta pl\u0117vel\u0117 yra daug ma\u017eiau atspari UV spinduliams (saul\u0117s spinduliuotei) ir gali lengvai ply\u0161ti. Po met\u0173 tokia pl\u0117vel\u0117 tampa labai standi ir pradeda skilin\u0117ti. Tod\u0117l per ma\u017ea kaina tur\u0117t\u0173 kelti \u012ftarim\u0173. Rekomenduojame papra\u0161yti m\u0117gini\u0173, kad b\u016bt\u0173 galima patikrinti, ar pl\u0117vel\u0117s gabal\u0117lis, i\u0161\u0117mus j\u012f i\u0161 \u0161aldiklio, n\u0117ra \u012ftr\u016bk\u0119s arba \u012ftr\u016bk\u0119s.<\/p>\n<p><b>D\u0117l didelio pl\u0117vel\u0117s svorio i\u0161siun\u010diame iki 300 m2 ploto lak\u0161tus. Jei jus domina didesnis dydis, si\u016blome:<\/b><\/p>\n<p><b>1) pl\u0117vel\u0117 su montavimo paslauga (kaina atskirai)<\/b><\/p>\n<p><b>2. keli\u0173 dali\u0173 folija, kuri\u0105 galima sujungti klijais arba suvirinimo aparatu (u\u017e papildom\u0105 mokest\u012f galima \u012fsigyti sandarinimo aparat\u0105).<\/b><\/p>\n<p>Per\u017ei\u016br\u0117kite daugiau produkt\u0173 i\u0161 <a href=\"https:\/\/uszczelnianie.com.pl\/kategoria-produktu\/folia-do-oczek-wodnych\/\">tvenkini\u0173 pl\u0117vel\u0117s<\/a> kategorijos!<\/p>\n","protected":false},"excerpt":{"rendered":"<p><span style=\"color: #ff0000\"><strong>PASTABA<\/strong><\/span>: \u0161ios PVC pl\u0117vel\u0117s paruo\u0161imo laikas yra ma\u017edaug. 3-6 darbo dienos + kurjerio pristatymo laikas.<\/p>\n<p style=\"padding-left: 40px\">Toliau nurodykite pl\u0117vel\u0117s matmenis (pilnais metrais)<\/p>\n","protected":false},"featured_media":6688,"template":"","meta":{"_kad_blocks_custom_css":"","_kad_blocks_head_custom_js":"","_kad_blocks_body_custom_js":"","_kad_blocks_footer_custom_js":"","_kad_post_transparent":"default","_kad_post_title":"","_kad_post_layout":"default","_kad_post_sidebar_id":"","_kad_post_content_style":"default","_kad_post_vertical_padding":"default","_kad_post_feature":"","_kad_post_feature_position":"","_kad_post_header":false,"_kad_post_footer":false,"_kad_post_classname":""},"product_brand":[],"product_cat":[170],"product_tag":[],"class_list":{"0":"post-7872","1":"product","2":"type-product","3":"status-publish","4":"has-post-thumbnail","6":"product_cat-tvenkinio-ideklas","7":"product_shipping_class-wg-wagi-lt","9":"first","10":"instock","11":"taxable","12":"shipping-taxable","13":"purchasable","14":"product-type-simple","15":"entry","16":"content-bg","17":"loop-entry"},"exclude_global_add_ons":false,"addons":[{"name":"Papildoma paslauga","type":"checkbox","position":0,"required":false,"title_format":"heading","default":"","description_enable":true,"description":"Skubiai - reikia skubios pl\u0117vel\u0117s, o numatoma pristatymo data yra per toli? Pasirinkite \u0161i\u0105 parinkt\u012f ir mes padarysime visk\u0105, kad i\u0161si\u0173stume j\u016bs\u0173 u\u017esakym\u0105 ne v\u0117liau kaip per 2 darbo dienas (skai\u010diuojant nuo kitos dienos po u\u017esakymo pateikimo ir (arba) apmok\u0117jimo). Jei negal\u0117sime laikytis \u0161io termino, susisieksime su jumis ir susitarsime, ar at\u0161aukti u\u017esakym\u0105, ar tik gr\u0105\u017einti greitosios paslaugos kain\u0105. Paslaugos kaina: +25 % produkto kainos.","placeholder_enable":false,"placeholder":"","display":"select","restrictions_type":"any_text","adjust_price":false,"price":"","price_type":"flat_fee","restrictions":false,"min":"0","max":"0","options":[{"label":"Express","price":"25","price_type":"percentage_based","image":0,"visibility":true}],"id":1679934996}],"yoast_head":"<!-- This site is optimized with the Yoast SEO plugin v27.3 - https:\/\/yoast.com\/product\/yoast-seo-wordpress\/ -->\n<title>Pl\u0117vel\u0117 1,5 mm juoda<\/title>\n<meta name=\"description\" content=\"storas tvenkinio \u012fd\u0117klas, tvenkinio \u012fd\u0117klas 1,5 mm juodas\" \/>\n<meta name=\"robots\" content=\"index, follow, max-snippet:-1, max-image-preview:large, max-video-preview:-1\" \/>\n<link rel=\"canonical\" href=\"https:\/\/uszczelnianie.com.pl\/lt\/produkt\/tvenkinio-ideklas-15-mm-juodas\/\" \/>\n<meta property=\"og:locale\" content=\"lt_LT\" \/>\n<meta property=\"og:type\" content=\"article\" \/>\n<meta property=\"og:title\" content=\"Pl\u0117vel\u0117 1,5 mm juoda\" \/>\n<meta property=\"og:description\" content=\"storas tvenkinio \u012fd\u0117klas, tvenkinio \u012fd\u0117klas 1,5 mm juodas\" \/>\n<meta property=\"og:url\" content=\"https:\/\/uszczelnianie.com.pl\/lt\/produkt\/tvenkinio-ideklas-15-mm-juodas\/\" \/>\n<meta property=\"og:site_name\" content=\"Izomar - Folia do oczek wodnych\" \/>\n<meta property=\"article:modified_time\" content=\"2025-07-18T23:30:11+00:00\" \/>\n<meta property=\"og:image\" content=\"https:\/\/uszczelnianie.com.pl\/wp-content\/uploads\/2023\/03\/folia_do_oczek.png\" \/>\n\t<meta property=\"og:image:width\" content=\"410\" \/>\n\t<meta property=\"og:image:height\" content=\"200\" \/>\n\t<meta property=\"og:image:type\" content=\"image\/png\" \/>\n<meta name=\"twitter:card\" content=\"summary_large_image\" \/>\n<meta name=\"twitter:label1\" content=\"Est. reading time\" \/>\n\t<meta name=\"twitter:data1\" content=\"2 minut\u0117s\" \/>\n<script type=\"application\/ld+json\" class=\"yoast-schema-graph\">{\"@context\":\"https:\\\/\\\/schema.org\",\"@graph\":[{\"@type\":\"WebPage\",\"@id\":\"https:\\\/\\\/uszczelnianie.com.pl\\\/lt\\\/produkt\\\/tvenkinio-ideklas-15-mm-juodas\\\/\",\"url\":\"https:\\\/\\\/uszczelnianie.com.pl\\\/lt\\\/produkt\\\/tvenkinio-ideklas-15-mm-juodas\\\/\",\"name\":\"Pl\u0117vel\u0117 1,5 mm juoda\",\"isPartOf\":{\"@id\":\"https:\\\/\\\/uszczelnianie.com.pl\\\/#website\"},\"primaryImageOfPage\":{\"@id\":\"https:\\\/\\\/uszczelnianie.com.pl\\\/lt\\\/produkt\\\/tvenkinio-ideklas-15-mm-juodas\\\/#primaryimage\"},\"image\":{\"@id\":\"https:\\\/\\\/uszczelnianie.com.pl\\\/lt\\\/produkt\\\/tvenkinio-ideklas-15-mm-juodas\\\/#primaryimage\"},\"thumbnailUrl\":\"https:\\\/\\\/uszczelnianie.com.pl\\\/wp-content\\\/uploads\\\/2023\\\/03\\\/folia_do_oczek.png\",\"datePublished\":\"2016-05-24T14:27:44+00:00\",\"dateModified\":\"2025-07-18T23:30:11+00:00\",\"description\":\"storas tvenkinio \u012fd\u0117klas, tvenkinio \u012fd\u0117klas 1,5 mm juodas\",\"breadcrumb\":{\"@id\":\"https:\\\/\\\/uszczelnianie.com.pl\\\/lt\\\/produkt\\\/tvenkinio-ideklas-15-mm-juodas\\\/#breadcrumb\"},\"inLanguage\":\"lt-LT\",\"potentialAction\":[{\"@type\":\"ReadAction\",\"target\":[\"https:\\\/\\\/uszczelnianie.com.pl\\\/lt\\\/produkt\\\/tvenkinio-ideklas-15-mm-juodas\\\/\"]}]},{\"@type\":\"ImageObject\",\"inLanguage\":\"lt-LT\",\"@id\":\"https:\\\/\\\/uszczelnianie.com.pl\\\/lt\\\/produkt\\\/tvenkinio-ideklas-15-mm-juodas\\\/#primaryimage\",\"url\":\"https:\\\/\\\/uszczelnianie.com.pl\\\/wp-content\\\/uploads\\\/2023\\\/03\\\/folia_do_oczek.png\",\"contentUrl\":\"https:\\\/\\\/uszczelnianie.com.pl\\\/wp-content\\\/uploads\\\/2023\\\/03\\\/folia_do_oczek.png\",\"width\":410,\"height\":200},{\"@type\":\"BreadcrumbList\",\"@id\":\"https:\\\/\\\/uszczelnianie.com.pl\\\/lt\\\/produkt\\\/tvenkinio-ideklas-15-mm-juodas\\\/#breadcrumb\",\"itemListElement\":[{\"@type\":\"ListItem\",\"position\":1,\"name\":\"Strona g\u0142\u00f3wna\",\"item\":\"https:\\\/\\\/uszczelnianie.com.pl\\\/lt\\\/\"},{\"@type\":\"ListItem\",\"position\":2,\"name\":\"Parduotuv\u0117\",\"item\":\"https:\\\/\\\/uszczelnianie.com.pl\\\/lt\\\/parduotuve\\\/\"},{\"@type\":\"ListItem\",\"position\":3,\"name\":\"Tvenkinio \u012fd\u0117klas 1,5 mm juodas\"}]},{\"@type\":\"WebSite\",\"@id\":\"https:\\\/\\\/uszczelnianie.com.pl\\\/#website\",\"url\":\"https:\\\/\\\/uszczelnianie.com.pl\\\/\",\"name\":\"Izomar\",\"description\":\"Zajmujemy si\u0119 sprzeda\u017c\u0105 wysokiej jako\u015bci folii do oczek wodnych, folii budowlanych oraz folii olejoodpornych. Wejd\u017a i zobacz nasze produkty! | uszczelnianie.com.pl\",\"publisher\":{\"@id\":\"https:\\\/\\\/uszczelnianie.com.pl\\\/#organization\"},\"potentialAction\":[{\"@type\":\"SearchAction\",\"target\":{\"@type\":\"EntryPoint\",\"urlTemplate\":\"https:\\\/\\\/uszczelnianie.com.pl\\\/?s={search_term_string}\"},\"query-input\":{\"@type\":\"PropertyValueSpecification\",\"valueRequired\":true,\"valueName\":\"search_term_string\"}}],\"inLanguage\":\"lt-LT\"},{\"@type\":\"Organization\",\"@id\":\"https:\\\/\\\/uszczelnianie.com.pl\\\/#organization\",\"name\":\"Izomar\",\"url\":\"https:\\\/\\\/uszczelnianie.com.pl\\\/\",\"logo\":{\"@type\":\"ImageObject\",\"inLanguage\":\"lt-LT\",\"@id\":\"https:\\\/\\\/uszczelnianie.com.pl\\\/#\\\/schema\\\/logo\\\/image\\\/\",\"url\":\"https:\\\/\\\/uszczelnianie.com.pl\\\/wp-content\\\/uploads\\\/2023\\\/03\\\/image-1024x293-1.png\",\"contentUrl\":\"https:\\\/\\\/uszczelnianie.com.pl\\\/wp-content\\\/uploads\\\/2023\\\/03\\\/image-1024x293-1.png\",\"width\":1024,\"height\":293,\"caption\":\"Izomar\"},\"image\":{\"@id\":\"https:\\\/\\\/uszczelnianie.com.pl\\\/#\\\/schema\\\/logo\\\/image\\\/\"}}]}<\/script>\n<!-- \/ Yoast SEO plugin. -->","yoast_head_json":{"title":"Pl\u0117vel\u0117 1,5 mm juoda","description":"storas tvenkinio \u012fd\u0117klas, tvenkinio \u012fd\u0117klas 1,5 mm juodas","robots":{"index":"index","follow":"follow","max-snippet":"max-snippet:-1","max-image-preview":"max-image-preview:large","max-video-preview":"max-video-preview:-1"},"canonical":"https:\/\/uszczelnianie.com.pl\/lt\/produkt\/tvenkinio-ideklas-15-mm-juodas\/","og_locale":"lt_LT","og_type":"article","og_title":"Pl\u0117vel\u0117 1,5 mm juoda","og_description":"storas tvenkinio \u012fd\u0117klas, tvenkinio \u012fd\u0117klas 1,5 mm juodas","og_url":"https:\/\/uszczelnianie.com.pl\/lt\/produkt\/tvenkinio-ideklas-15-mm-juodas\/","og_site_name":"Izomar - Folia do oczek wodnych","article_modified_time":"2025-07-18T23:30:11+00:00","og_image":[{"width":410,"height":200,"url":"https:\/\/uszczelnianie.com.pl\/wp-content\/uploads\/2023\/03\/folia_do_oczek.png","type":"image\/png"}],"twitter_card":"summary_large_image","twitter_misc":{"Est. reading time":"2 minut\u0117s"},"schema":{"@context":"https:\/\/schema.org","@graph":[{"@type":"WebPage","@id":"https:\/\/uszczelnianie.com.pl\/lt\/produkt\/tvenkinio-ideklas-15-mm-juodas\/","url":"https:\/\/uszczelnianie.com.pl\/lt\/produkt\/tvenkinio-ideklas-15-mm-juodas\/","name":"Pl\u0117vel\u0117 1,5 mm juoda","isPartOf":{"@id":"https:\/\/uszczelnianie.com.pl\/#website"},"primaryImageOfPage":{"@id":"https:\/\/uszczelnianie.com.pl\/lt\/produkt\/tvenkinio-ideklas-15-mm-juodas\/#primaryimage"},"image":{"@id":"https:\/\/uszczelnianie.com.pl\/lt\/produkt\/tvenkinio-ideklas-15-mm-juodas\/#primaryimage"},"thumbnailUrl":"https:\/\/uszczelnianie.com.pl\/wp-content\/uploads\/2023\/03\/folia_do_oczek.png","datePublished":"2016-05-24T14:27:44+00:00","dateModified":"2025-07-18T23:30:11+00:00","description":"storas tvenkinio \u012fd\u0117klas, tvenkinio \u012fd\u0117klas 1,5 mm juodas","breadcrumb":{"@id":"https:\/\/uszczelnianie.com.pl\/lt\/produkt\/tvenkinio-ideklas-15-mm-juodas\/#breadcrumb"},"inLanguage":"lt-LT","potentialAction":[{"@type":"ReadAction","target":["https:\/\/uszczelnianie.com.pl\/lt\/produkt\/tvenkinio-ideklas-15-mm-juodas\/"]}]},{"@type":"ImageObject","inLanguage":"lt-LT","@id":"https:\/\/uszczelnianie.com.pl\/lt\/produkt\/tvenkinio-ideklas-15-mm-juodas\/#primaryimage","url":"https:\/\/uszczelnianie.com.pl\/wp-content\/uploads\/2023\/03\/folia_do_oczek.png","contentUrl":"https:\/\/uszczelnianie.com.pl\/wp-content\/uploads\/2023\/03\/folia_do_oczek.png","width":410,"height":200},{"@type":"BreadcrumbList","@id":"https:\/\/uszczelnianie.com.pl\/lt\/produkt\/tvenkinio-ideklas-15-mm-juodas\/#breadcrumb","itemListElement":[{"@type":"ListItem","position":1,"name":"Strona g\u0142\u00f3wna","item":"https:\/\/uszczelnianie.com.pl\/lt\/"},{"@type":"ListItem","position":2,"name":"Parduotuv\u0117","item":"https:\/\/uszczelnianie.com.pl\/lt\/parduotuve\/"},{"@type":"ListItem","position":3,"name":"Tvenkinio \u012fd\u0117klas 1,5 mm juodas"}]},{"@type":"WebSite","@id":"https:\/\/uszczelnianie.com.pl\/#website","url":"https:\/\/uszczelnianie.com.pl\/","name":"Izomar","description":"Zajmujemy si\u0119 sprzeda\u017c\u0105 wysokiej jako\u015bci folii do oczek wodnych, folii budowlanych oraz folii olejoodpornych. Wejd\u017a i zobacz nasze produkty! | uszczelnianie.com.pl","publisher":{"@id":"https:\/\/uszczelnianie.com.pl\/#organization"},"potentialAction":[{"@type":"SearchAction","target":{"@type":"EntryPoint","urlTemplate":"https:\/\/uszczelnianie.com.pl\/?s={search_term_string}"},"query-input":{"@type":"PropertyValueSpecification","valueRequired":true,"valueName":"search_term_string"}}],"inLanguage":"lt-LT"},{"@type":"Organization","@id":"https:\/\/uszczelnianie.com.pl\/#organization","name":"Izomar","url":"https:\/\/uszczelnianie.com.pl\/","logo":{"@type":"ImageObject","inLanguage":"lt-LT","@id":"https:\/\/uszczelnianie.com.pl\/#\/schema\/logo\/image\/","url":"https:\/\/uszczelnianie.com.pl\/wp-content\/uploads\/2023\/03\/image-1024x293-1.png","contentUrl":"https:\/\/uszczelnianie.com.pl\/wp-content\/uploads\/2023\/03\/image-1024x293-1.png","width":1024,"height":293,"caption":"Izomar"},"image":{"@id":"https:\/\/uszczelnianie.com.pl\/#\/schema\/logo\/image\/"}}]}},"taxonomy_info":{"product_cat":[{"value":170,"label":"Tvenkinio \u012fd\u0117klas"}]},"featured_image_src_large":["https:\/\/uszczelnianie.com.pl\/wp-content\/uploads\/2023\/03\/folia_do_oczek.png",410,200,false],"author_info":[],"comment_info":"","_links":{"self":[{"href":"https:\/\/uszczelnianie.com.pl\/lt\/wp-json\/wp\/v2\/product\/7872","targetHints":{"allow":["GET"]}}],"collection":[{"href":"https:\/\/uszczelnianie.com.pl\/lt\/wp-json\/wp\/v2\/product"}],"about":[{"href":"https:\/\/uszczelnianie.com.pl\/lt\/wp-json\/wp\/v2\/types\/product"}],"wp:featuredmedia":[{"embeddable":true,"href":"https:\/\/uszczelnianie.com.pl\/lt\/wp-json\/wp\/v2\/media\/6688"}],"wp:attachment":[{"href":"https:\/\/uszczelnianie.com.pl\/lt\/wp-json\/wp\/v2\/media?parent=7872"}],"wp:term":[{"taxonomy":"product_brand","embeddable":true,"href":"https:\/\/uszczelnianie.com.pl\/lt\/wp-json\/wp\/v2\/product_brand?post=7872"},{"taxonomy":"product_cat","embeddable":true,"href":"https:\/\/uszczelnianie.com.pl\/lt\/wp-json\/wp\/v2\/product_cat?post=7872"},{"taxonomy":"product_tag","embeddable":true,"href":"https:\/\/uszczelnianie.com.pl\/lt\/wp-json\/wp\/v2\/product_tag?post=7872"}],"curies":[{"name":"wp","href":"https:\/\/api.w.org\/{rel}","templated":true}]}}